{"id":42441,"date":"2026-03-11T17:18:30","date_gmt":"2026-03-11T15:18:30","guid":{"rendered":"https:\/\/www.joma-orhei.md\/?post_type=product&#038;p=42441"},"modified":"2026-03-11T17:18:31","modified_gmt":"2026-03-11T15:18:31","slug":"wharw2301v-w-harvardjr-2301-black","status":"publish","type":"product","link":"https:\/\/www.joma-orhei.md\/ru\/product\/wharw2301v-w-harvardjr-2301-black\/","title":{"rendered":"WHARW2301V -W.HARVARDJR 2301 BLACK"},"content":{"rendered":"<h2><span dir=\"auto\">Descriere<\/span><\/h2>\n<div class=\"Textcollapse\">\n<p><span dir=\"auto\">Pantofi sport pentru \u0219coal\u0103, b\u0103ie\u021bi\/fete. Acest model de pantofi sport este conceput pentru purtare zilnic\u0103 \u0219i se remarc\u0103 prin nivelul ridicat de confort \u0219i durabilitate pe care \u00eel ofer\u0103 celor mici. Un design atemporal \u0219i versatil, care se va potrivi perfect cu orice \u021binut\u0103.<\/span><\/p>\n<p><span dir=\"auto\">Partea superioar\u0103 este fabricat\u0103 dintr-un material sintetic robust \u0219i u\u0219or de \u00eentre\u021binut, a\u0219a c\u0103 o c\u00e2rp\u0103 umed\u0103 este suficient\u0103 pentru cur\u0103\u021bare. Pentru a facilita ventila\u021bia, au fost aplicate perfora\u021bii cu ajutorul tehnologiei VTS. \u00cen acest fel, fluxul de aer va fi garantat, iar piciorul va r\u0103m\u00e2ne mai r\u0103coros.<\/span><\/p>\n<p><span dir=\"auto\">Pentru o potrivire mai bun\u0103, limba \u0219i zona gleznei sunt confec\u021bionate din material textil. Acestea se vor adapta confortabil piciorului \u0219i nu vor afecta libertatea de mi\u0219care. Pe l\u00e2ng\u0103 \u0219ireturi, a fost ad\u0103ugat\u0103 o fixare tactil\u0103 pentru a ob\u021bine o prindere optim\u0103.<\/span><\/p>\n<p><span dir=\"auto\">Talpa este fabricat\u0103 din cauciuc DURABILITY, extrem de rezistent la uzur\u0103. Include tehnologia FLEXO, un sistem de linii de flexie care permite piciorului s\u0103 se mi\u0219te mai natural. Diferitele modele de pe talp\u0103 faciliteaz\u0103 aderen\u021ba la sol, ceea ce le face multifunc\u021bionale.<\/span><\/p>\n<\/div>","protected":false},"excerpt":{"rendered":"<p><span dir=\"auto\">Pantofi sport pentru \u0219coal\u0103, b\u0103ie\u021bi\/fete. <\/span><\/p>","protected":false},"featured_media":42444,"template":"","meta":{"_themeisle_gutenberg_block_has_review":false},"product_brand":[370],"product_cat":[348,337,347],"product_tag":[],"class_list":{"0":"post-42441","1":"product","2":"type-product","3":"status-publish","4":"has-post-thumbnail","6":"product_brand-joma","7":"product_cat-adidasi-incaltaminte-copii","8":"product_cat-copii","9":"product_cat-incaltaminte-copii","10":"pa_marime-pantofi-413","11":"pa_marime-pantofi-401","12":"pa_marime-pantofi-402","13":"pa_marime-pantofi-403","14":"pa_marime-pantofi-409","15":"pa_marime-pantofi-399","16":"pa_marime-pantofi-398","17":"pa_marime-pantofi-372","19":"first","20":"instock","21":"shipping-taxable","22":"purchasable","23":"product-type-variable"},"_links":{"self":[{"href":"https:\/\/www.joma-orhei.md\/ru\/wp-json\/wp\/v2\/product\/42441","targetHints":{"allow":["GET"]}}],"collection":[{"href":"https:\/\/www.joma-orhei.md\/ru\/wp-json\/wp\/v2\/product"}],"about":[{"href":"https:\/\/www.joma-orhei.md\/ru\/wp-json\/wp\/v2\/types\/product"}],"wp:featuredmedia":[{"embeddable":true,"href":"https:\/\/www.joma-orhei.md\/ru\/wp-json\/wp\/v2\/media\/42444"}],"wp:attachment":[{"href":"https:\/\/www.joma-orhei.md\/ru\/wp-json\/wp\/v2\/media?parent=42441"}],"wp:term":[{"taxonomy":"product_brand","embeddable":true,"href":"https:\/\/www.joma-orhei.md\/ru\/wp-json\/wp\/v2\/product_brand?post=42441"},{"taxonomy":"product_cat","embeddable":true,"href":"https:\/\/www.joma-orhei.md\/ru\/wp-json\/wp\/v2\/product_cat?post=42441"},{"taxonomy":"product_tag","embeddable":true,"href":"https:\/\/www.joma-orhei.md\/ru\/wp-json\/wp\/v2\/product_tag?post=42441"}],"curies":[{"name":"wp","href":"https:\/\/api.w.org\/{rel}","templated":true}]}}