{"id":42432,"date":"2026-03-11T17:08:40","date_gmt":"2026-03-11T15:08:40","guid":{"rendered":"https:\/\/www.joma-orhei.md\/?post_type=product&#038;p=42432"},"modified":"2026-03-11T17:08:40","modified_gmt":"2026-03-11T15:08:40","slug":"topw2501tf-top-flex-2501-blach-turf","status":"publish","type":"product","link":"https:\/\/www.joma-orhei.md\/ru\/product\/topw2501tf-top-flex-2501-blach-turf\/","title":{"rendered":"TOPW2501TF -TOP FLEX 2501 BLACH TURF"},"content":{"rendered":"<h2><span dir=\"auto\">Descriere<\/span><\/h2>\n<div class=\"Textcollapse\">\n<p><span dir=\"auto\">Ghete de fotbal pentru gazon artificial (suprafe\u021be sintetice \u0219i mochet\u0103). Legendarul model de fotbal de sal\u0103 care face parte din colec\u021bia Joma de peste 30 de ani. Un clasic renumit pentru calitatea, flexibilitatea \u0219i confortul s\u0103u, care continu\u0103 s\u0103 \u00eenso\u021beasc\u0103 fotbali\u0219ti profesioni\u0219ti precum Amandinha, ales de opt ori cel mai bun juc\u0103tor din lume.<\/span><\/p>\n<p><span dir=\"auto\">Partea superioar\u0103 este confec\u021bionat\u0103 din piele. Ofer\u0103 o combina\u021bie ideal\u0103 de confort, durabilitate \u0219i flexibilitate. Aceasta permite o adaptare total\u0103 la picior, \u00eembun\u0103t\u0103\u021bind sensibilitatea \u0219i controlul mingii. Suprafa\u021ba moale reduce frecarea, minimiz\u00e2nd riscul de apari\u021bie a b\u0103\u0219icilor. Ventila\u021bia transpira\u021biei este garantat\u0103 cu tehnologia de perforare VTS.<\/span><\/p>\n<p><span dir=\"auto\">\u00cent\u0103ritur\u0103 PROTEC\u021aIE pe v\u00e2rf.<\/span><\/p>\n<p><span dir=\"auto\">Talpa intermediar\u0103 din phylon ofer\u0103 o combina\u021bie perfect\u0103 \u00eentre u\u0219urin\u021b\u0103 \u0219i confort. Acest material ofer\u0103 o amortizare bun\u0103, permi\u021b\u00e2nd juc\u0103torului s\u0103 simt\u0103 mingea cu o sensibilitate mai mare, \u00eembun\u0103t\u0103\u021bind controlul \u0219i precizia la fiecare atingere. \u00cen plus, structura sa u\u0219oar\u0103 nu sacrific\u0103 stabilitatea, permi\u021b\u00e2nd mi\u0219c\u0103ri rapide \u0219i schimb\u0103ri de direc\u021bie cu u\u0219urin\u021b\u0103.<\/span><\/p>\n<p><span dir=\"auto\">DURABILITATE talp\u0103 din cauciuc cu rezisten\u021b\u0103 ridicat\u0103 la abraziune, uzur\u0103 \u0219i aderen\u021b\u0103 pe suprafa\u021b\u0103. Prezint\u0103 o structur\u0103 cu crampoane multiple care minimizeaz\u0103 presiunea asupra benzii de rulare \u0219i asigur\u0103 un suport bun. Flexibilitate asigurat\u0103 de sistemul FLEXO, iar amortizare oferit\u0103 de piesele de gel PULSOR.<\/span><\/p>\n<\/div>","protected":false},"excerpt":{"rendered":"<p><span dir=\"auto\">Ghete de fotbal pentru gazon artificial (suprafe\u021be sintetice \u0219i mochet\u0103).<\/span><\/p>","protected":false},"featured_media":42434,"template":"","meta":{"_themeisle_gutenberg_block_has_review":false},"product_brand":[370],"product_cat":[307,323,320],"product_tag":[],"class_list":{"0":"post-42432","1":"product","2":"type-product","3":"status-publish","4":"has-post-thumbnail","6":"product_brand-joma","7":"product_cat-barbati","8":"product_cat-ghete-pentru-fotbal","9":"product_cat-incaltaminte","10":"pa_marime-pantofi-376","11":"pa_marime-pantofi-40-5","12":"pa_marime-pantofi-377","13":"pa_marime-pantofi-405","15":"first","16":"instock","17":"shipping-taxable","18":"purchasable","19":"product-type-variable"},"_links":{"self":[{"href":"https:\/\/www.joma-orhei.md\/ru\/wp-json\/wp\/v2\/product\/42432","targetHints":{"allow":["GET"]}}],"collection":[{"href":"https:\/\/www.joma-orhei.md\/ru\/wp-json\/wp\/v2\/product"}],"about":[{"href":"https:\/\/www.joma-orhei.md\/ru\/wp-json\/wp\/v2\/types\/product"}],"wp:featuredmedia":[{"embeddable":true,"href":"https:\/\/www.joma-orhei.md\/ru\/wp-json\/wp\/v2\/media\/42434"}],"wp:attachment":[{"href":"https:\/\/www.joma-orhei.md\/ru\/wp-json\/wp\/v2\/media?parent=42432"}],"wp:term":[{"taxonomy":"product_brand","embeddable":true,"href":"https:\/\/www.joma-orhei.md\/ru\/wp-json\/wp\/v2\/product_brand?post=42432"},{"taxonomy":"product_cat","embeddable":true,"href":"https:\/\/www.joma-orhei.md\/ru\/wp-json\/wp\/v2\/product_cat?post=42432"},{"taxonomy":"product_tag","embeddable":true,"href":"https:\/\/www.joma-orhei.md\/ru\/wp-json\/wp\/v2\/product_tag?post=42432"}],"curies":[{"name":"wp","href":"https:\/\/api.w.org\/{rel}","templated":true}]}}