{"id":42428,"date":"2026-03-11T17:03:57","date_gmt":"2026-03-11T15:03:57","guid":{"rendered":"https:\/\/www.joma-orhei.md\/?post_type=product&#038;p=42428"},"modified":"2026-03-11T17:03:57","modified_gmt":"2026-03-11T15:03:57","slug":"topw-301-pt-top-flex-301-black-white-turf","status":"publish","type":"product","link":"https:\/\/www.joma-orhei.md\/ru\/product\/topw-301-pt-top-flex-301-black-white-turf\/","title":{"rendered":"TOPW.301.PT -TOP FLEX 301 BLACK-WHITE TURF"},"content":{"rendered":"<p><span dir=\"auto\">Combin\u0103 flexibilitatea cu aderen\u021ba \u0219i stabilitatea. Este flexibil p\u00e2n\u0103 c\u00e2nd ai nevoie de stabilitate.<\/span><\/p>\n<p><span dir=\"auto\">Partea superioar\u0103 este fabricat\u0103 din piele de \u00eenalt\u0103 calitate, care se remarc\u0103 prin flexibilitate. C\u0103ptu\u0219eala interioar\u0103 este din nailon rezistent, de \u00eenalt\u0103 calitate. Include tehnologia PROTECTION la v\u00e2rf pentru a-i consolida rezisten\u021ba \u0219i stabilitatea la lovire.<\/span><br \/>\n<span dir=\"auto\">Brant interior fabricat din EVA natural, care contribuie la amortizarea pantofului prin absorb\u021bia impactului piciorului. Brant interior cu c\u0103ptu\u0219eal\u0103 EVA preformat\u0103, care se ajusteaz\u0103 la forma piciorului.<\/span><\/p>\n<p><span dir=\"auto\">Talp\u0103 realizat\u0103 cu tehnologia DURABILITY, care, datorit\u0103 cauciucului s\u0103u extrem de rezistent, \u00eencetine\u0219te uzura \u0219i prelunge\u0219te durata de via\u021b\u0103 a \u00eenc\u0103l\u021b\u0103mintei. Talpa are o serie de linii flexibile folosind tehnologia Flexo, const\u00e2nd \u00een linii proiectate ergonomic care ofer\u0103 o tranzi\u021bie \u00eembun\u0103t\u0103\u021bit\u0103 de la c\u0103lc\u00e2i la v\u00e2rf la fiecare pas. La nivelul c\u0103lc\u00e2iului, acestea permit flexarea t\u0103lpii, f\u0103r\u0103 a afecta partea superioar\u0103, oferind astfel o aderen\u021b\u0103 mai bun\u0103 \u0219i permi\u021b\u00e2nd o alergare mai natural\u0103 \u0219i mai confortabil\u0103. De asemenea, include sistemul ROTATION, o structur\u0103 geometric\u0103 situat\u0103 pe talp\u0103 care ajut\u0103 la rotirea pantofilor. Previne accident\u0103rile \u00een principal la genunchi \u0219i glezn\u0103.<\/span><\/p>\n<p><span dir=\"auto\">Talpa TURF PHYLON 2015 este fabricat\u0103 din phylon 45 Shora pre-turnat. Este sec\u021bionat\u0103 \u00een dou\u0103 densit\u0103\u021bi, mai moale la v\u00e2rf \u0219i mai dur\u0103 la mijlocul piciorului. Include tehnologia PULSOR, un sistem de amortizare format dintr-o bucat\u0103 de gel care absoarbe impactul piciorului \u0219i favorizeaz\u0103 impulsul.<\/span><\/p>","protected":false},"excerpt":{"rendered":"<p>Ghete pentru fotbal barbati.<\/p>","protected":false},"featured_media":42429,"template":"","meta":{"_themeisle_gutenberg_block_has_review":false},"product_brand":[370],"product_cat":[307,323,320],"product_tag":[],"class_list":{"0":"post-42428","1":"product","2":"type-product","3":"status-publish","4":"has-post-thumbnail","6":"product_brand-joma","7":"product_cat-barbati","8":"product_cat-ghete-pentru-fotbal","9":"product_cat-incaltaminte","10":"pa_marime-pantofi-379","12":"first","13":"instock","14":"shipping-taxable","15":"purchasable","16":"product-type-variable"},"_links":{"self":[{"href":"https:\/\/www.joma-orhei.md\/ru\/wp-json\/wp\/v2\/product\/42428","targetHints":{"allow":["GET"]}}],"collection":[{"href":"https:\/\/www.joma-orhei.md\/ru\/wp-json\/wp\/v2\/product"}],"about":[{"href":"https:\/\/www.joma-orhei.md\/ru\/wp-json\/wp\/v2\/types\/product"}],"wp:featuredmedia":[{"embeddable":true,"href":"https:\/\/www.joma-orhei.md\/ru\/wp-json\/wp\/v2\/media\/42429"}],"wp:attachment":[{"href":"https:\/\/www.joma-orhei.md\/ru\/wp-json\/wp\/v2\/media?parent=42428"}],"wp:term":[{"taxonomy":"product_brand","embeddable":true,"href":"https:\/\/www.joma-orhei.md\/ru\/wp-json\/wp\/v2\/product_brand?post=42428"},{"taxonomy":"product_cat","embeddable":true,"href":"https:\/\/www.joma-orhei.md\/ru\/wp-json\/wp\/v2\/product_cat?post=42428"},{"taxonomy":"product_tag","embeddable":true,"href":"https:\/\/www.joma-orhei.md\/ru\/wp-json\/wp\/v2\/product_tag?post=42428"}],"curies":[{"name":"wp","href":"https:\/\/api.w.org\/{rel}","templated":true}]}}