{"id":42412,"date":"2026-03-11T16:46:45","date_gmt":"2026-03-11T14:46:45","guid":{"rendered":"https:\/\/www.joma-orhei.md\/?post_type=product&#038;p=42412"},"modified":"2026-03-11T16:46:46","modified_gmt":"2026-03-11T14:46:46","slug":"tojw2491tf-toledo-jr-2491-black-green-fluor-turf","status":"publish","type":"product","link":"https:\/\/www.joma-orhei.md\/ru\/product\/tojw2491tf-toledo-jr-2491-black-green-fluor-turf\/","title":{"rendered":"TOJW2491TF -TOLEDO JR 2491 BLACK GREEN FLUOR TURF"},"content":{"rendered":"<h2><span dir=\"auto\">Descriere<\/span><\/h2>\n<div class=\"Textcollapse\">\n<p><span dir=\"auto\">Ghete de fotbal pentru b\u0103ie\u021bi\/fete. Concepute pentru gazon artificial (suprafe\u021be sintetice). Acesta este modelul de fotbal pentru copii prin excelen\u021b\u0103, cunoscut pentru versatilitatea \u0219i durabilitatea sa.<\/span><\/p>\n<p><span dir=\"auto\">Partea superioar\u0103 este fabricat\u0103 din material sintetic de \u00eenalt\u0103 calitate, cu un contact bun cu mingea. Conceput\u0103 pentru a domina jocul \u0219i a etala toate calit\u0103\u021bile pe teren.<\/span><\/p>\n<p><span dir=\"auto\">Talpa este fabricat\u0103 din cauciuc DURABIL de \u00eenalt\u0103 calitate, cu rezisten\u021b\u0103 bun\u0103 la abraziune \u0219i aderen\u021b\u0103 la suprafa\u021b\u0103. Structura cu crampoane multiple reduce presiunea asupra c\u0103lc\u00e2iului \u0219i asigur\u0103 un suport bun.<\/span><\/p>\n<\/div>","protected":false},"excerpt":{"rendered":"<p><span dir=\"auto\">Ghete de fotbal pentru b\u0103ie\u021bi\/fete. <\/span><\/p>","protected":false},"featured_media":42415,"template":"","meta":{"_themeisle_gutenberg_block_has_review":false},"product_brand":[370],"product_cat":[337,350,347],"product_tag":[],"class_list":{"0":"post-42412","1":"product","2":"type-product","3":"status-publish","4":"has-post-thumbnail","6":"product_brand-joma","7":"product_cat-copii","8":"product_cat-ghete-pentru-fotbal-incaltaminte-copii","9":"product_cat-incaltaminte-copii","10":"pa_marime-pantofi-415","11":"pa_marime-pantofi-416","12":"pa_marime-pantofi-410","13":"pa_marime-pantofi-411","15":"first","16":"instock","17":"shipping-taxable","18":"purchasable","19":"product-type-variable"},"_links":{"self":[{"href":"https:\/\/www.joma-orhei.md\/ru\/wp-json\/wp\/v2\/product\/42412","targetHints":{"allow":["GET"]}}],"collection":[{"href":"https:\/\/www.joma-orhei.md\/ru\/wp-json\/wp\/v2\/product"}],"about":[{"href":"https:\/\/www.joma-orhei.md\/ru\/wp-json\/wp\/v2\/types\/product"}],"wp:featuredmedia":[{"embeddable":true,"href":"https:\/\/www.joma-orhei.md\/ru\/wp-json\/wp\/v2\/media\/42415"}],"wp:attachment":[{"href":"https:\/\/www.joma-orhei.md\/ru\/wp-json\/wp\/v2\/media?parent=42412"}],"wp:term":[{"taxonomy":"product_brand","embeddable":true,"href":"https:\/\/www.joma-orhei.md\/ru\/wp-json\/wp\/v2\/product_brand?post=42412"},{"taxonomy":"product_cat","embeddable":true,"href":"https:\/\/www.joma-orhei.md\/ru\/wp-json\/wp\/v2\/product_cat?post=42412"},{"taxonomy":"product_tag","embeddable":true,"href":"https:\/\/www.joma-orhei.md\/ru\/wp-json\/wp\/v2\/product_tag?post=42412"}],"curies":[{"name":"wp","href":"https:\/\/api.w.org\/{rel}","templated":true}]}}