{"id":42405,"date":"2026-03-11T16:41:13","date_gmt":"2026-03-11T14:41:13","guid":{"rendered":"https:\/\/www.joma-orhei.md\/?post_type=product&#038;p=42405"},"modified":"2026-03-11T16:41:13","modified_gmt":"2026-03-11T14:41:13","slug":"tojw2201tf-toledo-jr-2201-black-turf","status":"publish","type":"product","link":"https:\/\/www.joma-orhei.md\/ru\/product\/tojw2201tf-toledo-jr-2201-black-turf\/","title":{"rendered":"TOJW2201TF -TOLEDO JR 2201 BLACK TURF"},"content":{"rendered":"<div class=\"elementor-element elementor-element-53ab11f elementor-widget elementor-widget-heading\" data-id=\"53ab11f\" data-element_type=\"widget\" data-widget_type=\"heading.default\">\n<div class=\"elementor-widget-container\"><span class=\"elementor-heading-title elementor-size-default\">Descrierea produsului<\/span><\/div>\n<\/div>\n<div class=\"elementor-element elementor-element-29065ae product_d_ro elementor-widget elementor-widget-text-editor\" data-id=\"29065ae\" data-element_type=\"widget\" data-widget_type=\"text-editor.default\">\n<div class=\"elementor-widget-container\">Ghete de fotbal pentru baieti\/fete. Proiectat pentru gazon (suprafe\u021be sintetice \u0219i covor). Acesta este modelul de fotbal pentru copii prin excelen\u021b\u0103, care se remarc\u0103 prin versatilitate \u0219i durabilitate. Partea superioar\u0103 este realizat\u0103 din material sintetic de \u00eenalt\u0103 calitate \u0219i contact bun cu mingea. Conceput pentru a domina jocul \u0219i a-\u021bi demonstra toate calit\u0103\u021bile pe teren. Talpa este realizat\u0103 din cauciuc DURABILITY de \u00eenalt\u0103 calitate, cu o bun\u0103 rezisten\u021b\u0103 la uzur\u0103 la abraziune \u0219i aderen\u021b\u0103 la suprafa\u021b\u0103. Cu o structur\u0103 cu mai multe \u0219tifturi care reduce presiunea treptei \u0219i asigur\u0103 o sus\u021binere bun\u0103.<\/div>\n<\/div>","protected":false},"excerpt":{"rendered":"<p>Ghete de fotbal pentru baieti\/fete.<\/p>","protected":false},"featured_media":42408,"template":"","meta":{"_themeisle_gutenberg_block_has_review":false},"product_brand":[370],"product_cat":[337,350,347],"product_tag":[],"class_list":{"0":"post-42405","1":"product","2":"type-product","3":"status-publish","4":"has-post-thumbnail","6":"product_brand-joma","7":"product_cat-copii","8":"product_cat-ghete-pentru-fotbal-incaltaminte-copii","9":"product_cat-incaltaminte-copii","10":"pa_marime-pantofi-415","11":"pa_marime-pantofi-416","12":"pa_marime-pantofi-410","14":"first","15":"instock","16":"shipping-taxable","17":"purchasable","18":"product-type-variable"},"_links":{"self":[{"href":"https:\/\/www.joma-orhei.md\/ru\/wp-json\/wp\/v2\/product\/42405","targetHints":{"allow":["GET"]}}],"collection":[{"href":"https:\/\/www.joma-orhei.md\/ru\/wp-json\/wp\/v2\/product"}],"about":[{"href":"https:\/\/www.joma-orhei.md\/ru\/wp-json\/wp\/v2\/types\/product"}],"wp:featuredmedia":[{"embeddable":true,"href":"https:\/\/www.joma-orhei.md\/ru\/wp-json\/wp\/v2\/media\/42408"}],"wp:attachment":[{"href":"https:\/\/www.joma-orhei.md\/ru\/wp-json\/wp\/v2\/media?parent=42405"}],"wp:term":[{"taxonomy":"product_brand","embeddable":true,"href":"https:\/\/www.joma-orhei.md\/ru\/wp-json\/wp\/v2\/product_brand?post=42405"},{"taxonomy":"product_cat","embeddable":true,"href":"https:\/\/www.joma-orhei.md\/ru\/wp-json\/wp\/v2\/product_cat?post=42405"},{"taxonomy":"product_tag","embeddable":true,"href":"https:\/\/www.joma-orhei.md\/ru\/wp-json\/wp\/v2\/product_tag?post=42405"}],"curies":[{"name":"wp","href":"https:\/\/api.w.org\/{rel}","templated":true}]}}