{"id":42401,"date":"2026-03-11T16:34:38","date_gmt":"2026-03-11T14:34:38","guid":{"rendered":"https:\/\/www.joma-orhei.md\/?post_type=product&#038;p=42401"},"modified":"2026-03-23T23:46:43","modified_gmt":"2026-03-23T21:46:43","slug":"tktuns2423-tundra-2423-green","status":"publish","type":"product","link":"https:\/\/www.joma-orhei.md\/ru\/product\/tktuns2423-tundra-2423-green\/","title":{"rendered":"TKTUNS2423 -TUNDRA 2423 GREEN"},"content":{"rendered":"<p>Adidasi de trail running pentru b\u0103rba\u021bi. Conceput pentru alerg\u0103torii de trailrunning care caut\u0103 un echilibru \u00eentre amortizare, r\u0103spuns \u0219i stabilitate. Potrivi\u021bi pentru terenuri cu dificultate medie-sc\u0103zut\u0103, distan\u021be scurte \u0219i vitez\u0103 de alergare medie<\/p>","protected":false},"excerpt":{"rendered":"<p>Adidasi de trail running pentru b\u0103rba\u021bi.<\/p>","protected":false},"featured_media":42403,"template":"","meta":{"_themeisle_gutenberg_block_has_review":false},"product_brand":[370],"product_cat":[321,307,320],"product_tag":[],"class_list":{"0":"post-42401","1":"product","2":"type-product","3":"status-publish","4":"has-post-thumbnail","6":"product_brand-joma","7":"product_cat-adidasi","8":"product_cat-barbati","9":"product_cat-incaltaminte","10":"pa_marime-pantofi-380","12":"first","13":"instock","14":"shipping-taxable","15":"purchasable","16":"product-type-variable"},"_links":{"self":[{"href":"https:\/\/www.joma-orhei.md\/ru\/wp-json\/wp\/v2\/product\/42401","targetHints":{"allow":["GET"]}}],"collection":[{"href":"https:\/\/www.joma-orhei.md\/ru\/wp-json\/wp\/v2\/product"}],"about":[{"href":"https:\/\/www.joma-orhei.md\/ru\/wp-json\/wp\/v2\/types\/product"}],"wp:featuredmedia":[{"embeddable":true,"href":"https:\/\/www.joma-orhei.md\/ru\/wp-json\/wp\/v2\/media\/42403"}],"wp:attachment":[{"href":"https:\/\/www.joma-orhei.md\/ru\/wp-json\/wp\/v2\/media?parent=42401"}],"wp:term":[{"taxonomy":"product_brand","embeddable":true,"href":"https:\/\/www.joma-orhei.md\/ru\/wp-json\/wp\/v2\/product_brand?post=42401"},{"taxonomy":"product_cat","embeddable":true,"href":"https:\/\/www.joma-orhei.md\/ru\/wp-json\/wp\/v2\/product_cat?post=42401"},{"taxonomy":"product_tag","embeddable":true,"href":"https:\/\/www.joma-orhei.md\/ru\/wp-json\/wp\/v2\/product_tag?post=42401"}],"curies":[{"name":"wp","href":"https:\/\/api.w.org\/{rel}","templated":true}]}}