{"id":42393,"date":"2026-03-11T16:22:03","date_gmt":"2026-03-11T14:22:03","guid":{"rendered":"https:\/\/www.joma-orhei.md\/?post_type=product&#038;p=42393"},"modified":"2026-03-11T16:22:04","modified_gmt":"2026-03-11T14:22:04","slug":"tkathw2401-tk-athabaska-men-2401-black","status":"publish","type":"product","link":"https:\/\/www.joma-orhei.md\/ru\/product\/tkathw2401-tk-athabaska-men-2401-black\/","title":{"rendered":"TKATHW2401 -TK.ATHABASKA MEN 2401 BLACK"},"content":{"rendered":"<div class=\"elementor-element elementor-element-53ab11f elementor-widget elementor-widget-heading\" data-id=\"53ab11f\" data-element_type=\"widget\" data-widget_type=\"heading.default\">\n<div class=\"elementor-widget-container\"><span class=\"elementor-heading-title elementor-size-default\">Descrierea produsului<\/span><\/div>\n<\/div>\n<div class=\"elementor-element elementor-element-29065ae product_d_ro elementor-widget elementor-widget-text-editor\" data-id=\"29065ae\" data-element_type=\"widget\" data-widget_type=\"text-editor.default\">\n<div class=\"elementor-widget-container\">Ghete de trekking pentru barbati, potrivite pentru munte mediu si jos in toate tipurile de conditii meteo. Finisajul impermeabil derivat din \u00eencorporarea noastr\u0103 a tehnologiei face posibil\u0103 utilizarea sub ap\u0103 sau z\u0103pad\u0103. Merge\u021bi la munte, indiferent de vreme. Partea superioar\u0103 este realizat\u0103 din material sintetic \u0219i textil, hidrofug pentru a o face impermeabil\u0103. \u00cencorporeaz\u0103 AISLA-TEX, o membran\u0103 respirabil\u0103 care protejeaz\u0103 \u00eempotriva trecerii apei. Pe partea sintetic\u0103, are mici perfora\u021bii VTS care optimizeaz\u0103 ventila\u021bia transpira\u021biei pentru un confort sporit. Include, de asemenea, spum\u0103 interioar\u0103 pentru a se adapta la glezn\u0103 \u0219i piese de \u00eent\u0103rire PROTECTION \u00een zona degetelor de la picioare pentru a proteja degetele de la impactul extern. \u0218i cu o clap\u0103 \u00een spate pentru a ajuta la \u00eembr\u0103cat. Talpa intermediar\u0103 este realizat\u0103 din EVA+, un material care amortizeaz\u0103 fiecare pas \u0219i reduce impactul la mers. Ofer\u0103 un plus de flexibilitate \u00eenc\u0103l\u021b\u0103mintei, deoarece este un material foarte elastic \u0219i flexibil. Talpa este realizat\u0103 din cauciuc DURABILITY de \u00eenalt\u0103 calitate, cu rezisten\u021b\u0103 bun\u0103 la uzur\u0103. Designul cu cramp\u0103 \u00eenalt\u0103 \u00eembun\u0103t\u0103\u021be\u0219te aderen\u021ba pe teren, astfel \u00eenc\u00e2t sportivul s\u0103 poat\u0103 merge prin mun\u021bi \u00een deplin\u0103 siguran\u021b\u0103.<\/div>\n<\/div>","protected":false},"excerpt":{"rendered":"<p>Ghete de trekking pentru barbati.<\/p>","protected":false},"featured_media":42394,"template":"","meta":{"_themeisle_gutenberg_block_has_review":false},"product_brand":[370],"product_cat":[307,326,320],"product_tag":[],"class_list":{"0":"post-42393","1":"product","2":"type-product","3":"status-publish","4":"has-post-thumbnail","6":"product_brand-joma","7":"product_cat-barbati","8":"product_cat-de-iarna","9":"product_cat-incaltaminte","10":"pa_marime-pantofi-376","12":"first","13":"instock","14":"shipping-taxable","15":"purchasable","16":"product-type-variable"},"_links":{"self":[{"href":"https:\/\/www.joma-orhei.md\/ru\/wp-json\/wp\/v2\/product\/42393","targetHints":{"allow":["GET"]}}],"collection":[{"href":"https:\/\/www.joma-orhei.md\/ru\/wp-json\/wp\/v2\/product"}],"about":[{"href":"https:\/\/www.joma-orhei.md\/ru\/wp-json\/wp\/v2\/types\/product"}],"wp:featuredmedia":[{"embeddable":true,"href":"https:\/\/www.joma-orhei.md\/ru\/wp-json\/wp\/v2\/media\/42394"}],"wp:attachment":[{"href":"https:\/\/www.joma-orhei.md\/ru\/wp-json\/wp\/v2\/media?parent=42393"}],"wp:term":[{"taxonomy":"product_brand","embeddable":true,"href":"https:\/\/www.joma-orhei.md\/ru\/wp-json\/wp\/v2\/product_brand?post=42393"},{"taxonomy":"product_cat","embeddable":true,"href":"https:\/\/www.joma-orhei.md\/ru\/wp-json\/wp\/v2\/product_cat?post=42393"},{"taxonomy":"product_tag","embeddable":true,"href":"https:\/\/www.joma-orhei.md\/ru\/wp-json\/wp\/v2\/product_tag?post=42393"}],"curies":[{"name":"wp","href":"https:\/\/api.w.org\/{rel}","templated":true}]}}