{"id":42390,"date":"2026-03-11T16:16:12","date_gmt":"2026-03-11T14:16:12","guid":{"rendered":"https:\/\/www.joma-orhei.md\/?post_type=product&#038;p=42390"},"modified":"2026-03-11T16:16:12","modified_gmt":"2026-03-11T14:16:12","slug":"tkangw2201-tk-angara-men-2201-black","status":"publish","type":"product","link":"https:\/\/www.joma-orhei.md\/ru\/product\/tkangw2201-tk-angara-men-2201-black\/","title":{"rendered":"TKANGW2201 -TK.ANGARA MEN 2201 BLACK"},"content":{"rendered":"<p>Cizme pentru b\u0103rba\u021bi Joma TK.ANGARA &#8211; protec\u021bie fiabil\u0103 \u00eempotriva intemperiilor. Partea superioar\u0103 din piele impermeabil\u0103 \u0219i Cordura. Membrana AISLATEX respirabila pentru un microclimat confortabil. Talpa intermediar\u0103 EVA+ asigur\u0103 amortizare.<\/p>","protected":false},"excerpt":{"rendered":"<p>Cizme pentru b\u0103rba\u021bi<\/p>","protected":false},"featured_media":42391,"template":"","meta":{"_themeisle_gutenberg_block_has_review":false},"product_brand":[370],"product_cat":[307,326],"product_tag":[],"class_list":{"0":"post-42390","1":"product","2":"type-product","3":"status-publish","4":"has-post-thumbnail","6":"product_brand-joma","7":"product_cat-barbati","8":"product_cat-de-iarna","9":"pa_marime-pantofi-379","11":"first","12":"instock","13":"shipping-taxable","14":"purchasable","15":"product-type-variable"},"_links":{"self":[{"href":"https:\/\/www.joma-orhei.md\/ru\/wp-json\/wp\/v2\/product\/42390","targetHints":{"allow":["GET"]}}],"collection":[{"href":"https:\/\/www.joma-orhei.md\/ru\/wp-json\/wp\/v2\/product"}],"about":[{"href":"https:\/\/www.joma-orhei.md\/ru\/wp-json\/wp\/v2\/types\/product"}],"wp:featuredmedia":[{"embeddable":true,"href":"https:\/\/www.joma-orhei.md\/ru\/wp-json\/wp\/v2\/media\/42391"}],"wp:attachment":[{"href":"https:\/\/www.joma-orhei.md\/ru\/wp-json\/wp\/v2\/media?parent=42390"}],"wp:term":[{"taxonomy":"product_brand","embeddable":true,"href":"https:\/\/www.joma-orhei.md\/ru\/wp-json\/wp\/v2\/product_brand?post=42390"},{"taxonomy":"product_cat","embeddable":true,"href":"https:\/\/www.joma-orhei.md\/ru\/wp-json\/wp\/v2\/product_cat?post=42390"},{"taxonomy":"product_tag","embeddable":true,"href":"https:\/\/www.joma-orhei.md\/ru\/wp-json\/wp\/v2\/product_tag?post=42390"}],"curies":[{"name":"wp","href":"https:\/\/api.w.org\/{rel}","templated":true}]}}