{"id":42382,"date":"2026-03-11T16:07:34","date_gmt":"2026-03-11T14:07:34","guid":{"rendered":"https:\/\/www.joma-orhei.md\/?post_type=product&#038;p=42382"},"modified":"2026-03-11T16:07:35","modified_gmt":"2026-03-11T14:07:35","slug":"tkanglw2201-tk-angara-lady-2201-black-fuchsia","status":"publish","type":"product","link":"https:\/\/www.joma-orhei.md\/ru\/product\/tkanglw2201-tk-angara-lady-2201-black-fuchsia\/","title":{"rendered":"TKANGLW2201 -TK.ANGARA LADY 2201 BLACK FUCHSIA"},"content":{"rendered":"<div class=\"elementor-element elementor-element-53ab11f elementor-widget elementor-widget-heading\" data-id=\"53ab11f\" data-element_type=\"widget\" data-widget_type=\"heading.default\">\n<div class=\"elementor-widget-container\"><span class=\"elementor-heading-title elementor-size-default\">Descrierea produsului<\/span><\/div>\n<\/div>\n<div class=\"elementor-element elementor-element-29065ae product_d_ro elementor-widget elementor-widget-text-editor\" data-id=\"29065ae\" data-element_type=\"widget\" data-widget_type=\"text-editor.default\">\n<div class=\"elementor-widget-container\">Cizme de trekking pentru femei, concepute pentru drume\u021bii la mijlocul munte \u00een orice tip de condi\u021bii meteorologice datorit\u0103 croiului lor impermeabil care \u00eempiedic\u0103 trecerea apei. Partea superioar\u0103 este realizat\u0103 din piele hidrofug\u0103 \u0219i cordura pentru a respinge apa. Acest material este flexibil, durabil \u0219i respirabil. Are o membran\u0103 AISLATEX respirabil\u0103 \u0219i protectoare \u00eempotriva trecerii apei, spum\u0103 interioar\u0103 pentru a se adapta la glezn\u0103 \u0219i piese de \u00eent\u0103rire pe contraforturile interioare \u0219i degetul piciorului pentru a proteja piciorul de impacturile externe. Croiala este cusuta cu manusi pentru a inchide gheta ermetic. Talpa intermediar\u0103 este realizat\u0103 din EVA+, un material care amortizeaz\u0103, propulseaz\u0103 \u0219i favorizeaz\u0103 tranzi\u021bia pasului datorit\u0103 refacerii rapide a formei sale. Talpa este realizat\u0103 din cauciuc DURABILITY de \u00eenalt\u0103 calitate, cu rezisten\u021b\u0103 bun\u0103 la uzur\u0103. Designul cu toc \u00eenalt \u00eembun\u0103t\u0103\u021be\u0219te aderen\u021ba la sol, astfel \u00eenc\u00e2t sportivul s\u0103 poat\u0103 merge prin mun\u021bi \u00een deplin\u0103 siguran\u021b\u0103.<\/div>\n<\/div>","protected":false},"excerpt":{"rendered":"<p>Descrierea produsului Cizme de trekking pentru femei, concepute pentru drume\u021bii la mijlocul munte \u00een orice tip de condi\u021bii meteorologice datorit\u0103 croiului lor impermeabil care \u00eempiedic\u0103 trecerea apei. Partea&hellip;<\/p>","protected":false},"featured_media":42383,"template":"","meta":{"_themeisle_gutenberg_block_has_review":false},"product_brand":[370],"product_cat":[396,308,332],"product_tag":[],"class_list":{"0":"post-42382","1":"product","2":"type-product","3":"status-publish","4":"has-post-thumbnail","6":"product_brand-joma","7":"product_cat-de-iarna-imbracaminte-femei","8":"product_cat-femei","9":"product_cat-incaltaminte-femei","10":"pa_marime-pantofi-373","11":"pa_marime-pantofi-376","12":"pa_marime-pantofi-371","14":"first","15":"instock","16":"shipping-taxable","17":"purchasable","18":"product-type-variable"},"_links":{"self":[{"href":"https:\/\/www.joma-orhei.md\/ru\/wp-json\/wp\/v2\/product\/42382","targetHints":{"allow":["GET"]}}],"collection":[{"href":"https:\/\/www.joma-orhei.md\/ru\/wp-json\/wp\/v2\/product"}],"about":[{"href":"https:\/\/www.joma-orhei.md\/ru\/wp-json\/wp\/v2\/types\/product"}],"wp:featuredmedia":[{"embeddable":true,"href":"https:\/\/www.joma-orhei.md\/ru\/wp-json\/wp\/v2\/media\/42383"}],"wp:attachment":[{"href":"https:\/\/www.joma-orhei.md\/ru\/wp-json\/wp\/v2\/media?parent=42382"}],"wp:term":[{"taxonomy":"product_brand","embeddable":true,"href":"https:\/\/www.joma-orhei.md\/ru\/wp-json\/wp\/v2\/product_brand?post=42382"},{"taxonomy":"product_cat","embeddable":true,"href":"https:\/\/www.joma-orhei.md\/ru\/wp-json\/wp\/v2\/product_cat?post=42382"},{"taxonomy":"product_tag","embeddable":true,"href":"https:\/\/www.joma-orhei.md\/ru\/wp-json\/wp\/v2\/product_tag?post=42382"}],"curies":[{"name":"wp","href":"https:\/\/api.w.org\/{rel}","templated":true}]}}