{"id":42377,"date":"2026-03-11T16:02:36","date_gmt":"2026-03-11T14:02:36","guid":{"rendered":"https:\/\/www.joma-orhei.md\/?post_type=product&#038;p=42377"},"modified":"2026-03-11T16:02:36","modified_gmt":"2026-03-11T14:02:36","slug":"swavjs2419v-s-wave-jr-2419-pink","status":"publish","type":"product","link":"https:\/\/www.joma-orhei.md\/ru\/product\/swavjs2419v-s-wave-jr-2419-pink\/","title":{"rendered":"SWAVJS2419V -S.WAVE JR 2419 PINK"},"content":{"rendered":"<div class=\"Y3BBE\" data-sfc-cp=\"\" data-sfc-cb=\"\" data-hveid=\"CAEIARAA\" data-processed=\"true\" data-complete=\"true\">Spre deosebire de sandalele obi\u0219nuite de plaj\u0103, modelul\u00a0<strong class=\"Yjhzub\" data-sfc-cb=\"\" data-complete=\"true\" data-processed=\"true\">Joma S.Wave Jr 2419 (SWAVJS2419V)<\/strong>\u00a0este construit special pentru micii exploratori care au nevoie de sus\u021binere pe teren accidentat sau \u00een timpul jocurilor dinamice.<button class=\"rBl3me\" tabindex=\"0\" data-amic=\"true\" data-icl-uuid=\"276d5098-483d-4c3a-8b2a-16a271a2672c\" aria-label=\"Vezi linkuri conexe\" data-wiz-attrbind=\"disabled=LmwA2_c\/C5gNJc;aria-label=LmwA2_c\/bOjMyf;class=LmwA2_c\/UpSNec\" data-ved=\"2ahUKEwiC0_7ngJiTAxWTRkEAHVH7BRAQye0OegYIAQgBEAE\" data-hveid=\"CAEIARAB\"><\/button><\/div>\n<div class=\"Y3BBE\" data-sfc-cp=\"\" data-sfc-cb=\"\" data-hveid=\"CAEIAhAA\" data-processed=\"true\" data-complete=\"true\">Iat\u0103 principalele sale puncte forte:<button class=\"rBl3me\" tabindex=\"0\" data-amic=\"true\" data-icl-uuid=\"c551a08c-89e7-404d-bf6d-ed5fe81a3734\" aria-label=\"Vezi linkuri conexe\" data-wiz-attrbind=\"disabled=LmwA2_g\/C5gNJc;aria-label=LmwA2_g\/bOjMyf;class=LmwA2_g\/UpSNec\" data-ved=\"2ahUKEwiC0_7ngJiTAxWTRkEAHVH7BRAQye0OegYIAQgCEAE\" data-hveid=\"CAEIAhAB\"><\/button><\/div>\n<ul class=\"KsbFXc U6u95\" data-sfc-cb=\"\" data-processed=\"true\" data-complete=\"true\">\n<li class=\"dF3vjf\" data-sfc-cb=\"\" data-hveid=\"CAEIAxAA\" data-complete=\"true\" data-sae=\"\"><span class=\"T286Pc\" data-sfc-cp=\"\" data-sfc-cb=\"\" data-complete=\"true\"><strong class=\"Yjhzub\" data-sfc-cb=\"\" data-complete=\"true\">Protec\u021bie \u0219i Siguran\u021b\u0103:<\/strong>\u00a0Designul include o\u00a0<strong class=\"Yjhzub\" data-sfc-cb=\"\" data-complete=\"true\">extensie a t\u0103lpii peste degete<\/strong>, protej\u00e2ndu-i pe cei mici de lovituri \u00een pietre sau obstacole.<\/span><\/li>\n<li class=\"dF3vjf\" data-sfc-cb=\"\" data-hveid=\"CAEIAxAB\" data-sae=\"\" data-complete=\"true\"><span class=\"T286Pc\" data-sfc-cp=\"\" data-sfc-cb=\"\" data-complete=\"true\"><strong class=\"Yjhzub\" data-sfc-cb=\"\" data-complete=\"true\">Aderen\u021b\u0103 (Trekking-Ready):<\/strong>\u00a0Talpa din cauciuc este robust\u0103 \u0219i prezint\u0103 stria\u021bii ad\u00e2nci pentru a preveni alunecarea pe iarb\u0103, p\u0103m\u00e2nt sau suprafe\u021be umede.<\/span><\/li>\n<li class=\"dF3vjf\" data-sfc-cb=\"\" data-hveid=\"CAEIAxAC\" data-complete=\"true\" data-processed=\"true\" data-sae=\"\"><span class=\"T286Pc\" data-sfc-cp=\"\" data-sfc-cb=\"\" data-complete=\"true\"><strong class=\"Yjhzub\" data-sfc-cb=\"\" data-complete=\"true\">Confort \u0219i Ajustabilitate:<\/strong>\u00a0Dispune de\u00a0<strong class=\"Yjhzub\" data-sfc-cb=\"\" data-complete=\"true\">barete cu scai (velcro)<\/strong>\u00a0care permit o \u00eenc\u0103l\u021bare rapid\u0103 \u0219i o fixare precis\u0103 pe picior, fiind ideale pentru copiii activi.<\/span><\/li>\n<li class=\"dF3vjf\" data-sfc-cb=\"\" data-hveid=\"CAEIAxAD\" data-complete=\"true\" data-processed=\"true\" data-sae=\"\"><span class=\"T286Pc\" data-sfc-cp=\"\" data-sfc-cb=\"\" data-complete=\"true\"><strong class=\"Yjhzub\" data-sfc-cb=\"\" data-complete=\"true\">Materiale Durabile:<\/strong>\u00a0Partea superioar\u0103 este realizat\u0103 din material sintetic rezistent la uzur\u0103 \u0219i ap\u0103, care se usuc\u0103 rapid \u0219i este u\u0219or de cur\u0103\u021bat dup\u0103 o zi de joac\u0103.<\/span><\/li>\n<li class=\"dF3vjf\" data-sfc-cb=\"\" data-hveid=\"CAEIAxAE\" data-complete=\"true\" data-processed=\"true\" data-sae=\"\"><span class=\"T286Pc\" data-sfc-cp=\"\" data-sfc-cb=\"\" data-complete=\"true\" aria-owns=\"action-menu-parent-container\"><strong class=\"Yjhzub\" data-sfc-cb=\"\" data-complete=\"true\">Design:<\/strong>\u00a0Culoarea roz vibrant\u0103 le face u\u0219or de asortat cu echipamentul sportiv de var\u0103.<\/span><\/li>\n<\/ul>","protected":false},"excerpt":{"rendered":"<p>Sandale pentru fetite.<\/p>","protected":false},"featured_media":42378,"template":"","meta":{"_themeisle_gutenberg_block_has_review":false},"product_brand":[370],"product_cat":[337,347,352],"product_tag":[],"class_list":{"0":"post-42377","1":"product","2":"type-product","3":"status-publish","4":"has-post-thumbnail","6":"product_brand-joma","7":"product_cat-copii","8":"product_cat-incaltaminte-copii","9":"product_cat-sandale-incaltaminte-copii","10":"pa_marime-pantofi-401","11":"pa_marime-pantofi-403","12":"pa_marime-pantofi-398","14":"first","15":"instock","16":"shipping-taxable","17":"purchasable","18":"product-type-variable"},"_links":{"self":[{"href":"https:\/\/www.joma-orhei.md\/ru\/wp-json\/wp\/v2\/product\/42377","targetHints":{"allow":["GET"]}}],"collection":[{"href":"https:\/\/www.joma-orhei.md\/ru\/wp-json\/wp\/v2\/product"}],"about":[{"href":"https:\/\/www.joma-orhei.md\/ru\/wp-json\/wp\/v2\/types\/product"}],"wp:featuredmedia":[{"embeddable":true,"href":"https:\/\/www.joma-orhei.md\/ru\/wp-json\/wp\/v2\/media\/42378"}],"wp:attachment":[{"href":"https:\/\/www.joma-orhei.md\/ru\/wp-json\/wp\/v2\/media?parent=42377"}],"wp:term":[{"taxonomy":"product_brand","embeddable":true,"href":"https:\/\/www.joma-orhei.md\/ru\/wp-json\/wp\/v2\/product_brand?post=42377"},{"taxonomy":"product_cat","embeddable":true,"href":"https:\/\/www.joma-orhei.md\/ru\/wp-json\/wp\/v2\/product_cat?post=42377"},{"taxonomy":"product_tag","embeddable":true,"href":"https:\/\/www.joma-orhei.md\/ru\/wp-json\/wp\/v2\/product_tag?post=42377"}],"curies":[{"name":"wp","href":"https:\/\/api.w.org\/{rel}","templated":true}]}}