{"id":42367,"date":"2026-03-11T15:56:43","date_gmt":"2026-03-11T13:56:43","guid":{"rendered":"https:\/\/www.joma-orhei.md\/?post_type=product&#038;p=42367"},"modified":"2026-03-11T15:56:43","modified_gmt":"2026-03-11T13:56:43","slug":"swavjs2403v-s-wave-jr-2403-navy-green","status":"publish","type":"product","link":"https:\/\/www.joma-orhei.md\/ru\/product\/swavjs2403v-s-wave-jr-2403-navy-green\/","title":{"rendered":"SWAVJS2403V -S.WAVE JR 2403 NAVY GREEN"},"content":{"rendered":"<p><strong>Sandale sport pentru copii, ideale pentru plimb\u0103ri \u0219i c\u0103l\u0103torii. Dispun de o ajustare suplimentar\u0103 a \u00eenc\u0103l\u021b\u0103mintei datorit\u0103 \u00eenchiderii cu trei aderen\u021be.\u00a0<\/strong><\/p>\n<p><strong>Designul este realizat cu fante din \u021bes\u0103tur\u0103 u\u0219oar\u0103 \u0219i rezistent\u0103. Potrivirea \u00een aceste sandale este garantat\u0103, deoarece introduce \u00eenchidere aderent\u0103 tripl\u0103 care se adapteaz\u0103 la picior c\u00e2t mai mult posibil. Una dintre ele este pe c\u0103lc\u00e2iul \u00eent\u0103rit pentru un confort sporit la mers.\u00a0<\/strong><\/p>\n<p><strong>Talpa de masaj antiderapant\u0103 spore\u0219te la maximum senza\u021bia de confort.\u00a0<\/strong><\/p>\n<p><strong>Talpa este fabricat\u0103 din cauciuc DURABILITY, foarte rezistent la uzur\u0103, cu diferite modele pentru a optimiza aderen\u021ba pe teren.<\/strong><\/p>","protected":false},"excerpt":{"rendered":"<p><strong>Sandale sport pentru copii.<\/strong><\/p>","protected":false},"featured_media":42368,"template":"","meta":{"_themeisle_gutenberg_block_has_review":false},"product_brand":[370],"product_cat":[337,347,352],"product_tag":[],"class_list":{"0":"post-42367","1":"product","2":"type-product","3":"status-publish","4":"has-post-thumbnail","6":"product_brand-joma","7":"product_cat-copii","8":"product_cat-incaltaminte-copii","9":"product_cat-sandale-incaltaminte-copii","10":"pa_marime-pantofi-417","11":"pa_marime-pantofi-418","12":"pa_marime-pantofi-415","13":"pa_marime-pantofi-410","14":"pa_marime-pantofi-409","15":"pa_marime-pantofi-399","16":"pa_marime-pantofi-398","18":"first","19":"instock","20":"shipping-taxable","21":"purchasable","22":"product-type-variable"},"_links":{"self":[{"href":"https:\/\/www.joma-orhei.md\/ru\/wp-json\/wp\/v2\/product\/42367","targetHints":{"allow":["GET"]}}],"collection":[{"href":"https:\/\/www.joma-orhei.md\/ru\/wp-json\/wp\/v2\/product"}],"about":[{"href":"https:\/\/www.joma-orhei.md\/ru\/wp-json\/wp\/v2\/types\/product"}],"wp:featuredmedia":[{"embeddable":true,"href":"https:\/\/www.joma-orhei.md\/ru\/wp-json\/wp\/v2\/media\/42368"}],"wp:attachment":[{"href":"https:\/\/www.joma-orhei.md\/ru\/wp-json\/wp\/v2\/media?parent=42367"}],"wp:term":[{"taxonomy":"product_brand","embeddable":true,"href":"https:\/\/www.joma-orhei.md\/ru\/wp-json\/wp\/v2\/product_brand?post=42367"},{"taxonomy":"product_cat","embeddable":true,"href":"https:\/\/www.joma-orhei.md\/ru\/wp-json\/wp\/v2\/product_cat?post=42367"},{"taxonomy":"product_tag","embeddable":true,"href":"https:\/\/www.joma-orhei.md\/ru\/wp-json\/wp\/v2\/product_tag?post=42367"}],"curies":[{"name":"wp","href":"https:\/\/api.w.org\/{rel}","templated":true}]}}