{"id":42331,"date":"2026-03-11T15:26:18","date_gmt":"2026-03-11T13:26:18","guid":{"rendered":"https:\/\/www.joma-orhei.md\/?post_type=product&#038;p=42331"},"modified":"2026-03-11T15:26:18","modified_gmt":"2026-03-11T13:26:18","slug":"staurs2501v-s-tauro-men-2501-black","status":"publish","type":"product","link":"https:\/\/www.joma-orhei.md\/ru\/product\/staurs2501v-s-tauro-men-2501-black\/","title":{"rendered":"STAURS2501V -S.TAURO MEN 2501 BLACK"},"content":{"rendered":"<div class=\"elementor-element elementor-element-53ab11f elementor-widget elementor-widget-heading\" data-id=\"53ab11f\" data-element_type=\"widget\" data-widget_type=\"heading.default\">\n<div class=\"elementor-widget-container\"><span class=\"elementor-heading-title elementor-size-default\">Descrierea produsului<\/span><\/div>\n<\/div>\n<div class=\"elementor-element elementor-element-29065ae product_d_ro elementor-widget elementor-widget-text-editor\" data-id=\"29065ae\" data-element_type=\"widget\" data-widget_type=\"text-editor.default\">\n<div class=\"elementor-widget-container\">Joma sunt o pereche de sandale elegante \u0219i confortabile potrivite pentru purtarea zilnic\u0103 \u00een timpul sezonului cald. Designul lor ofer\u0103 confort \u0219i suport pentru picior, precum \u0219i o bun\u0103 ventilare. Aceste sandale sunt perfecte pentru plimb\u0103ri, relaxare la plaj\u0103 sau activit\u0103\u021bi \u00een aer liber.<\/div>\n<\/div>","protected":false},"excerpt":{"rendered":"<p>Sandale pentru barbati.<\/p>","protected":false},"featured_media":42332,"template":"","meta":{"_themeisle_gutenberg_block_has_review":false},"product_brand":[370],"product_cat":[307,320,325],"product_tag":[],"class_list":{"0":"post-42331","1":"product","2":"type-product","3":"status-publish","4":"has-post-thumbnail","6":"product_brand-joma","7":"product_cat-barbati","8":"product_cat-incaltaminte","9":"product_cat-sandale","10":"pa_marime-pantofi-375","11":"pa_marime-pantofi-376","12":"pa_marime-pantofi-371","13":"pa_marime-pantofi-377","14":"pa_marime-pantofi-405","15":"pa_marime-pantofi-379","16":"pa_marime-pantofi-380","17":"pa_marime-pantofi-400","19":"first","20":"instock","21":"shipping-taxable","22":"purchasable","23":"product-type-variable"},"_links":{"self":[{"href":"https:\/\/www.joma-orhei.md\/ru\/wp-json\/wp\/v2\/product\/42331","targetHints":{"allow":["GET"]}}],"collection":[{"href":"https:\/\/www.joma-orhei.md\/ru\/wp-json\/wp\/v2\/product"}],"about":[{"href":"https:\/\/www.joma-orhei.md\/ru\/wp-json\/wp\/v2\/types\/product"}],"wp:featuredmedia":[{"embeddable":true,"href":"https:\/\/www.joma-orhei.md\/ru\/wp-json\/wp\/v2\/media\/42332"}],"wp:attachment":[{"href":"https:\/\/www.joma-orhei.md\/ru\/wp-json\/wp\/v2\/media?parent=42331"}],"wp:term":[{"taxonomy":"product_brand","embeddable":true,"href":"https:\/\/www.joma-orhei.md\/ru\/wp-json\/wp\/v2\/product_brand?post=42331"},{"taxonomy":"product_cat","embeddable":true,"href":"https:\/\/www.joma-orhei.md\/ru\/wp-json\/wp\/v2\/product_cat?post=42331"},{"taxonomy":"product_tag","embeddable":true,"href":"https:\/\/www.joma-orhei.md\/ru\/wp-json\/wp\/v2\/product_tag?post=42331"}],"curies":[{"name":"wp","href":"https:\/\/api.w.org\/{rel}","templated":true}]}}