{"id":42325,"date":"2026-03-11T15:21:45","date_gmt":"2026-03-11T13:21:45","guid":{"rendered":"https:\/\/www.joma-orhei.md\/?post_type=product&#038;p=42325"},"modified":"2026-03-11T15:21:45","modified_gmt":"2026-03-11T13:21:45","slug":"sparos2401-s-paros-men-2401-black","status":"publish","type":"product","link":"https:\/\/www.joma-orhei.md\/ru\/product\/sparos2401-s-paros-men-2401-black\/","title":{"rendered":"SPAROS2401 -S.PAROS MEN 2401 BLACK"},"content":{"rendered":"<p>Slapi de plaj\u0103\/piscin\u0103 pentru b\u0103rba\u021bi de la Joma ofer\u0103 confort maxim cu o talp\u0103 modelat\u0103 \u0219i o band\u0103 superioar\u0103 de sus\u021binere cu logo-ul Joma. Sunt fabricate dintr-un material sintetic durabil, asigur\u00e2nd o aderen\u021b\u0103 excelent\u0103 \u0219i prevenind alunecarea. U\u0219or de cur\u0103\u021bat \u0219i se usuc\u0103 rapid, ideale pentru odihna la plaj\u0103.<\/p>","protected":false},"excerpt":{"rendered":"<p>Slapi de plaj\u0103\/piscin\u0103 pentru b\u0103rba\u021bi.<\/p>","protected":false},"featured_media":42326,"template":"","meta":{"_themeisle_gutenberg_block_has_review":false},"product_brand":[370],"product_cat":[307,320,324],"product_tag":[],"class_list":{"0":"post-42325","1":"product","2":"type-product","3":"status-publish","4":"has-post-thumbnail","6":"product_brand-joma","7":"product_cat-barbati","8":"product_cat-incaltaminte","9":"product_cat-slapi","10":"pa_marime-pantofi-377","11":"pa_marime-pantofi-378","13":"first","14":"instock","15":"shipping-taxable","16":"purchasable","17":"product-type-variable"},"_links":{"self":[{"href":"https:\/\/www.joma-orhei.md\/ru\/wp-json\/wp\/v2\/product\/42325","targetHints":{"allow":["GET"]}}],"collection":[{"href":"https:\/\/www.joma-orhei.md\/ru\/wp-json\/wp\/v2\/product"}],"about":[{"href":"https:\/\/www.joma-orhei.md\/ru\/wp-json\/wp\/v2\/types\/product"}],"wp:featuredmedia":[{"embeddable":true,"href":"https:\/\/www.joma-orhei.md\/ru\/wp-json\/wp\/v2\/media\/42326"}],"wp:attachment":[{"href":"https:\/\/www.joma-orhei.md\/ru\/wp-json\/wp\/v2\/media?parent=42325"}],"wp:term":[{"taxonomy":"product_brand","embeddable":true,"href":"https:\/\/www.joma-orhei.md\/ru\/wp-json\/wp\/v2\/product_brand?post=42325"},{"taxonomy":"product_cat","embeddable":true,"href":"https:\/\/www.joma-orhei.md\/ru\/wp-json\/wp\/v2\/product_cat?post=42325"},{"taxonomy":"product_tag","embeddable":true,"href":"https:\/\/www.joma-orhei.md\/ru\/wp-json\/wp\/v2\/product_tag?post=42325"}],"curies":[{"name":"wp","href":"https:\/\/api.w.org\/{rel}","templated":true}]}}