{"id":42313,"date":"2026-03-11T15:17:31","date_gmt":"2026-03-11T13:17:31","guid":{"rendered":"https:\/\/www.joma-orhei.md\/?post_type=product&#038;p=42313"},"modified":"2026-03-11T15:17:31","modified_gmt":"2026-03-11T13:17:31","slug":"socejs2504v-s-ocean-jr-2504-royal","status":"publish","type":"product","link":"https:\/\/www.joma-orhei.md\/ru\/product\/socejs2504v-s-ocean-jr-2504-royal\/","title":{"rendered":"SOCEJS2504V -S.OCEAN JR 2504 ROYAL"},"content":{"rendered":"<p><span dir=\"auto\">Sandalele pentru copii\u00a0<\/span><b><span dir=\"auto\">Joma Ocean Jr<\/span><\/b><span dir=\"auto\">\u00a0sunt u\u0219oare \u0219i confortabile, ideale pentru var\u0103. Fabricate din materiale durabile, ofer\u0103 confort \u0219i ventila\u021bie adecvat\u0103. Baretele reglabile permit o ajustare u\u0219oar\u0103, \u00een timp ce talpa antiderapant\u0103 asigur\u0103 siguran\u021b\u0103 \u00een timpul jocului \u00een aer liber.<\/span><\/p>","protected":false},"excerpt":{"rendered":"<p><span dir=\"auto\">Sandalele pentru copii\u00a0<\/span><\/p>","protected":false},"featured_media":42314,"template":"","meta":{"_themeisle_gutenberg_block_has_review":false},"product_brand":[370],"product_cat":[337,347,352],"product_tag":[],"class_list":{"0":"post-42313","1":"product","2":"type-product","3":"status-publish","4":"has-post-thumbnail","6":"product_brand-joma","7":"product_cat-copii","8":"product_cat-incaltaminte-copii","9":"product_cat-sandale-incaltaminte-copii","10":"pa_marime-pantofi-411","11":"pa_marime-pantofi-412","12":"pa_marime-pantofi-413","13":"pa_marime-pantofi-401","14":"pa_marime-pantofi-402","15":"pa_marime-pantofi-403","16":"pa_marime-pantofi-409","17":"pa_marime-pantofi-399","18":"pa_marime-pantofi-372","20":"first","21":"instock","22":"shipping-taxable","23":"purchasable","24":"product-type-variable"},"_links":{"self":[{"href":"https:\/\/www.joma-orhei.md\/ru\/wp-json\/wp\/v2\/product\/42313","targetHints":{"allow":["GET"]}}],"collection":[{"href":"https:\/\/www.joma-orhei.md\/ru\/wp-json\/wp\/v2\/product"}],"about":[{"href":"https:\/\/www.joma-orhei.md\/ru\/wp-json\/wp\/v2\/types\/product"}],"wp:featuredmedia":[{"embeddable":true,"href":"https:\/\/www.joma-orhei.md\/ru\/wp-json\/wp\/v2\/media\/42314"}],"wp:attachment":[{"href":"https:\/\/www.joma-orhei.md\/ru\/wp-json\/wp\/v2\/media?parent=42313"}],"wp:term":[{"taxonomy":"product_brand","embeddable":true,"href":"https:\/\/www.joma-orhei.md\/ru\/wp-json\/wp\/v2\/product_brand?post=42313"},{"taxonomy":"product_cat","embeddable":true,"href":"https:\/\/www.joma-orhei.md\/ru\/wp-json\/wp\/v2\/product_cat?post=42313"},{"taxonomy":"product_tag","embeddable":true,"href":"https:\/\/www.joma-orhei.md\/ru\/wp-json\/wp\/v2\/product_tag?post=42313"}],"curies":[{"name":"wp","href":"https:\/\/api.w.org\/{rel}","templated":true}]}}