{"id":42304,"date":"2026-03-11T15:08:40","date_gmt":"2026-03-11T13:08:40","guid":{"rendered":"https:\/\/www.joma-orhei.md\/?post_type=product&#038;p=42304"},"modified":"2026-03-11T15:08:40","modified_gmt":"2026-03-11T13:08:40","slug":"socejs2433v-s-ocean-jr-2433-navy-green","status":"publish","type":"product","link":"https:\/\/www.joma-orhei.md\/ru\/product\/socejs2433v-s-ocean-jr-2433-navy-green\/","title":{"rendered":"SOCEJS2433V -S.OCEAN JR 2433 NAVY GREEN"},"content":{"rendered":"<p><strong>Sandale sport pentru copii, ideale pentru plimbare si calatorii. Ofer\u0103 o potrivire suplimentar\u0103 cu o \u00eenchidere tripl\u0103. Pantofii sunt confectionati din material sintetic care este rezistent la abraziune si impact tipic activitatilor copiilor. Cu c\u0103ptu\u0219eal\u0103 interioar\u0103 moale \u0219i confortabil\u0103. Reglarea este garantat\u0103 la aceste sandale deoarece au o \u00eenchidere tripl\u0103 care se adapteaz\u0103 c\u00e2t mai mult la picior. Unul dintre ele este situat pe un c\u0103lc\u00e2i \u00eent\u0103rit pentru un confort sporit la mers. Brantul de masaj anti-alunecare maximizeaza senzatia de confort. Talpa exterioar\u0103 este realizat\u0103 din cauciuc DURABILITY foarte rezistent la uzur\u0103, cu o varietate de modele pentru a optimiza trac\u021biunea.<\/strong><\/p>","protected":false},"excerpt":{"rendered":"<p><strong>Sandale sport pentru copii.<\/strong><\/p>","protected":false},"featured_media":42305,"template":"","meta":{"_themeisle_gutenberg_block_has_review":false},"product_brand":[370],"product_cat":[337,347,352],"product_tag":[],"class_list":{"0":"post-42304","1":"product","2":"type-product","3":"status-publish","4":"has-post-thumbnail","6":"product_brand-joma","7":"product_cat-copii","8":"product_cat-incaltaminte-copii","9":"product_cat-sandale-incaltaminte-copii","10":"pa_marime-pantofi-401","11":"pa_marime-pantofi-402","12":"pa_marime-pantofi-403","13":"pa_marime-pantofi-409","14":"pa_marime-pantofi-399","16":"first","17":"instock","18":"shipping-taxable","19":"purchasable","20":"product-type-variable"},"_links":{"self":[{"href":"https:\/\/www.joma-orhei.md\/ru\/wp-json\/wp\/v2\/product\/42304","targetHints":{"allow":["GET"]}}],"collection":[{"href":"https:\/\/www.joma-orhei.md\/ru\/wp-json\/wp\/v2\/product"}],"about":[{"href":"https:\/\/www.joma-orhei.md\/ru\/wp-json\/wp\/v2\/types\/product"}],"wp:featuredmedia":[{"embeddable":true,"href":"https:\/\/www.joma-orhei.md\/ru\/wp-json\/wp\/v2\/media\/42305"}],"wp:attachment":[{"href":"https:\/\/www.joma-orhei.md\/ru\/wp-json\/wp\/v2\/media?parent=42304"}],"wp:term":[{"taxonomy":"product_brand","embeddable":true,"href":"https:\/\/www.joma-orhei.md\/ru\/wp-json\/wp\/v2\/product_brand?post=42304"},{"taxonomy":"product_cat","embeddable":true,"href":"https:\/\/www.joma-orhei.md\/ru\/wp-json\/wp\/v2\/product_cat?post=42304"},{"taxonomy":"product_tag","embeddable":true,"href":"https:\/\/www.joma-orhei.md\/ru\/wp-json\/wp\/v2\/product_tag?post=42304"}],"curies":[{"name":"wp","href":"https:\/\/api.w.org\/{rel}","templated":true}]}}