{"id":42271,"date":"2026-03-11T14:22:19","date_gmt":"2026-03-11T12:22:19","guid":{"rendered":"https:\/\/www.joma-orhei.md\/?post_type=product&#038;p=42271"},"modified":"2026-03-11T14:22:19","modified_gmt":"2026-03-11T12:22:19","slug":"slals2402-s-land-lady-2402-white","status":"publish","type":"product","link":"https:\/\/www.joma-orhei.md\/ru\/product\/slals2402-s-land-lady-2402-white\/","title":{"rendered":"SLALS2402 -S.LAND LADY 2402 WHITE"},"content":{"rendered":"<h1>Slapi JOMA &#8211; S.LAND LADY 2402 WHITE<br \/>\nModel: SLALS2402<\/h1>\n<div>Slapii de dama JOMA S.ISLAND SISLLS2402 sunt slapi simple si confortabile la un pret bun. Acest model este foarte popular pentru simplitate \u0219i design clasic elegant. \u0218lapi de dam\u0103 \u00eentr-un stil iconic la mod\u0103, concepute pentru plaj\u0103 sau piscin\u0103. Dac\u0103 sunte\u021bi \u00een c\u0103utarea confortului c\u00e2nd ie\u0219i\u021bi din ap\u0103, ace\u0219ti \u0219lapi ofer\u0103 performan\u021b\u0103 maxim\u0103 cu un bran\u021b turnat.<\/div>\n<p>&nbsp;<\/p>","protected":false},"excerpt":{"rendered":"<p>Slapii de dama.<\/p>","protected":false},"featured_media":42273,"template":"","meta":{"_themeisle_gutenberg_block_has_review":false},"product_brand":[370],"product_cat":[308,332,335],"product_tag":[],"class_list":{"0":"post-42271","1":"product","2":"type-product","3":"status-publish","4":"has-post-thumbnail","6":"product_brand-joma","7":"product_cat-femei","8":"product_cat-incaltaminte-femei","9":"product_cat-slapi-incaltaminte-femei","10":"pa_marime-pantofi-376","11":"pa_marime-pantofi-371","13":"first","14":"instock","15":"shipping-taxable","16":"purchasable","17":"product-type-variable"},"_links":{"self":[{"href":"https:\/\/www.joma-orhei.md\/ru\/wp-json\/wp\/v2\/product\/42271","targetHints":{"allow":["GET"]}}],"collection":[{"href":"https:\/\/www.joma-orhei.md\/ru\/wp-json\/wp\/v2\/product"}],"about":[{"href":"https:\/\/www.joma-orhei.md\/ru\/wp-json\/wp\/v2\/types\/product"}],"wp:featuredmedia":[{"embeddable":true,"href":"https:\/\/www.joma-orhei.md\/ru\/wp-json\/wp\/v2\/media\/42273"}],"wp:attachment":[{"href":"https:\/\/www.joma-orhei.md\/ru\/wp-json\/wp\/v2\/media?parent=42271"}],"wp:term":[{"taxonomy":"product_brand","embeddable":true,"href":"https:\/\/www.joma-orhei.md\/ru\/wp-json\/wp\/v2\/product_brand?post=42271"},{"taxonomy":"product_cat","embeddable":true,"href":"https:\/\/www.joma-orhei.md\/ru\/wp-json\/wp\/v2\/product_cat?post=42271"},{"taxonomy":"product_tag","embeddable":true,"href":"https:\/\/www.joma-orhei.md\/ru\/wp-json\/wp\/v2\/product_tag?post=42271"}],"curies":[{"name":"wp","href":"https:\/\/api.w.org\/{rel}","templated":true}]}}