{"id":42268,"date":"2026-03-11T14:18:11","date_gmt":"2026-03-11T12:18:11","guid":{"rendered":"https:\/\/www.joma-orhei.md\/?post_type=product&#038;p=42268"},"modified":"2026-03-11T14:18:11","modified_gmt":"2026-03-11T12:18:11","slug":"slals2110-land-lady-2110-fuchsia","status":"publish","type":"product","link":"https:\/\/www.joma-orhei.md\/ru\/product\/slals2110-land-lady-2110-fuchsia\/","title":{"rendered":"SLALS2110 -LAND LADY 2110 FUCHSIA"},"content":{"rendered":"<p><strong>Slapi\u00a0 eleganti si confortabili destinati femeilor.\u00a0 Conceput f\u0103r\u0103 nicio ajustare, \u0219lapii sunt ideale pentru purtarea de zi cu zi, fie \u00een excursiile de var\u0103 \u00een ora\u0219 sau la piscin\u0103, unde talpa lor de cauciuc ofer\u0103 aderen\u021ba \u0219i siguran\u021ba necesare.<\/p>\n<p>Ace\u0219ti papuci de la celebra companie Joma sunt concepu\u021bi pentru femei active care pre\u021buiesc confortul \u0219i stilul. C\u0103ptu\u0219eala superioar\u0103 \u0219i interioar\u0103 din material sintetic de \u00eenalt\u0103 calitate fac pantofii u\u0219ori, u\u0219or de \u00eentre\u021binut \u0219i rezisten\u021bi la distrugere, ceea ce este deosebit de important pentru utilizarea zilnic\u0103.<\/strong><\/p>","protected":false},"excerpt":{"rendered":"<p>Slapi pentru femei.<\/p>","protected":false},"featured_media":42269,"template":"","meta":{"_themeisle_gutenberg_block_has_review":false},"product_brand":[370],"product_cat":[308,332,335],"product_tag":[],"class_list":{"0":"post-42268","1":"product","2":"type-product","3":"status-publish","4":"has-post-thumbnail","6":"product_brand-joma","7":"product_cat-femei","8":"product_cat-incaltaminte-femei","9":"product_cat-slapi-incaltaminte-femei","10":"pa_marime-pantofi-376","12":"first","13":"instock","14":"shipping-taxable","15":"purchasable","16":"product-type-variable"},"_links":{"self":[{"href":"https:\/\/www.joma-orhei.md\/ru\/wp-json\/wp\/v2\/product\/42268","targetHints":{"allow":["GET"]}}],"collection":[{"href":"https:\/\/www.joma-orhei.md\/ru\/wp-json\/wp\/v2\/product"}],"about":[{"href":"https:\/\/www.joma-orhei.md\/ru\/wp-json\/wp\/v2\/types\/product"}],"wp:featuredmedia":[{"embeddable":true,"href":"https:\/\/www.joma-orhei.md\/ru\/wp-json\/wp\/v2\/media\/42269"}],"wp:attachment":[{"href":"https:\/\/www.joma-orhei.md\/ru\/wp-json\/wp\/v2\/media?parent=42268"}],"wp:term":[{"taxonomy":"product_brand","embeddable":true,"href":"https:\/\/www.joma-orhei.md\/ru\/wp-json\/wp\/v2\/product_brand?post=42268"},{"taxonomy":"product_cat","embeddable":true,"href":"https:\/\/www.joma-orhei.md\/ru\/wp-json\/wp\/v2\/product_cat?post=42268"},{"taxonomy":"product_tag","embeddable":true,"href":"https:\/\/www.joma-orhei.md\/ru\/wp-json\/wp\/v2\/product_tag?post=42268"}],"curies":[{"name":"wp","href":"https:\/\/api.w.org\/{rel}","templated":true}]}}