{"id":42244,"date":"2026-03-11T13:28:24","date_gmt":"2026-03-11T11:28:24","guid":{"rendered":"https:\/\/www.joma-orhei.md\/?post_type=product&#038;p=42244"},"modified":"2026-03-11T13:28:24","modified_gmt":"2026-03-11T11:28:24","slug":"sislls2203-s-island-lady-2203-navy-pink","status":"publish","type":"product","link":"https:\/\/www.joma-orhei.md\/ru\/product\/sislls2203-s-island-lady-2203-navy-pink\/","title":{"rendered":"SISLLS2203 -S.ISLAND LADY 2203 NAVY PINK"},"content":{"rendered":"<div class=\"elementor-element elementor-element-53ab11f elementor-widget elementor-widget-heading\" data-id=\"53ab11f\" data-element_type=\"widget\" data-widget_type=\"heading.default\">\n<div class=\"elementor-widget-container\"><span class=\"elementor-heading-title elementor-size-default\">Descrierea produsului<\/span><\/div>\n<\/div>\n<div class=\"elementor-element elementor-element-29065ae product_d_ro elementor-widget elementor-widget-text-editor\" data-id=\"29065ae\" data-element_type=\"widget\" data-widget_type=\"text-editor.default\">\n<div class=\"elementor-widget-container\">Material: sintetic \u0218lapi de dam\u0103 cu un design la mod\u0103, concepu\u021bi pentru mersul la piscin\u0103 sau la plaj\u0103. Modelul are propriet\u0103\u021bi antiderapante pentru a v\u0103 oferi \u00eencredere atunci c\u00e2nd merge\u021bi pe suprafe\u021be umede. De asemenea, datorit\u0103 bran\u021bului conturat care se adapteaz\u0103 piciorului, confortul este asigurat la mersul pe plaj\u0103 sau \u00een piscin\u0103. Ace\u0219tia men\u021bin piciorul la locul s\u0103u \u0219i previn mi\u0219c\u0103rile nedorite datorit\u0103 utiliz\u0103rii unei curele superioare. Modelul se usuc\u0103 rapid, a\u0219a c\u0103 uscarea lor dup\u0103 utilizare nu va fi o problem\u0103.<\/div>\n<\/div>","protected":false},"excerpt":{"rendered":"<p>\u0218lapi de dam\u0103.<\/p>","protected":false},"featured_media":42246,"template":"","meta":{"_themeisle_gutenberg_block_has_review":false},"product_brand":[370],"product_cat":[308,332,335],"product_tag":[],"class_list":{"0":"post-42244","1":"product","2":"type-product","3":"status-publish","4":"has-post-thumbnail","6":"product_brand-joma","7":"product_cat-femei","8":"product_cat-incaltaminte-femei","9":"product_cat-slapi-incaltaminte-femei","10":"pa_marime-pantofi-372","11":"pa_marime-pantofi-373","12":"pa_marime-pantofi-376","13":"pa_marime-pantofi-371","15":"first","16":"instock","17":"shipping-taxable","18":"purchasable","19":"product-type-variable"},"_links":{"self":[{"href":"https:\/\/www.joma-orhei.md\/ru\/wp-json\/wp\/v2\/product\/42244","targetHints":{"allow":["GET"]}}],"collection":[{"href":"https:\/\/www.joma-orhei.md\/ru\/wp-json\/wp\/v2\/product"}],"about":[{"href":"https:\/\/www.joma-orhei.md\/ru\/wp-json\/wp\/v2\/types\/product"}],"wp:featuredmedia":[{"embeddable":true,"href":"https:\/\/www.joma-orhei.md\/ru\/wp-json\/wp\/v2\/media\/42246"}],"wp:attachment":[{"href":"https:\/\/www.joma-orhei.md\/ru\/wp-json\/wp\/v2\/media?parent=42244"}],"wp:term":[{"taxonomy":"product_brand","embeddable":true,"href":"https:\/\/www.joma-orhei.md\/ru\/wp-json\/wp\/v2\/product_brand?post=42244"},{"taxonomy":"product_cat","embeddable":true,"href":"https:\/\/www.joma-orhei.md\/ru\/wp-json\/wp\/v2\/product_cat?post=42244"},{"taxonomy":"product_tag","embeddable":true,"href":"https:\/\/www.joma-orhei.md\/ru\/wp-json\/wp\/v2\/product_tag?post=42244"}],"curies":[{"name":"wp","href":"https:\/\/api.w.org\/{rel}","templated":true}]}}