{"id":42222,"date":"2026-03-11T13:16:39","date_gmt":"2026-03-11T11:16:39","guid":{"rendered":"https:\/\/www.joma-orhei.md\/?post_type=product&#038;p=42222"},"modified":"2026-03-11T13:16:39","modified_gmt":"2026-03-11T11:16:39","slug":"sisljs2415-s-island-jr-2415-green","status":"publish","type":"product","link":"https:\/\/www.joma-orhei.md\/ru\/product\/sisljs2415-s-island-jr-2415-green\/","title":{"rendered":"SISLJS2415 -S.ISLAND JR 2415 GREEN"},"content":{"rendered":"<p><span dir=\"auto\">\u0218lapi pentru copii cu un design modern, concepu\u021bi pentru a merge la piscin\u0103 sau la plaj\u0103. Brantul mulat se adapteaz\u0103 piciorului, astfel \u00eenc\u00e2t s\u0103 po\u021bi merge confortabil.<\/span><\/p>\n<p><span dir=\"auto\">Prezint\u0103 o band\u0103 superioar\u0103 cu model \u00een relief \u0219i logo-ul Joma. Aceast\u0103 band\u0103 ajut\u0103 la \u00eembun\u0103t\u0103\u021birea potrivirii piciorului.<\/span><\/p>\n<p><span dir=\"auto\">Fabricat \u00een \u00eentregime din material sintetic de lung\u0103 durat\u0103, cu o talp\u0103 interioar\u0103 turnat\u0103 care ofer\u0103 un confort sporit. Ofer\u0103 o aderen\u021b\u0103 bun\u0103 pentru a preveni alunec\u0103rile \u0219i c\u0103derile.\u00a0<\/span><\/p>\n<p><span dir=\"auto\">U\u0219or de cur\u0103\u021bat \u0219i cu uscare rapid\u0103.<\/span><\/p>","protected":false},"excerpt":{"rendered":"<p><span dir=\"auto\">\u0218lapi pentru copii.<\/span><\/p>","protected":false},"featured_media":42223,"template":"","meta":{"_themeisle_gutenberg_block_has_review":false},"product_brand":[370],"product_cat":[337,347,351],"product_tag":[],"class_list":{"0":"post-42222","1":"product","2":"type-product","3":"status-publish","4":"has-post-thumbnail","6":"product_brand-joma","7":"product_cat-copii","8":"product_cat-incaltaminte-copii","9":"product_cat-slapi-incaltaminte-copii","10":"pa_marime-pantofi-411","11":"pa_marime-pantofi-412","12":"pa_marime-pantofi-413","13":"pa_marime-pantofi-401","14":"pa_marime-pantofi-402","15":"pa_marime-pantofi-403","16":"pa_marime-pantofi-409","17":"pa_marime-pantofi-399","18":"pa_marime-pantofi-398","20":"first","21":"instock","22":"shipping-taxable","23":"purchasable","24":"product-type-variable"},"_links":{"self":[{"href":"https:\/\/www.joma-orhei.md\/ru\/wp-json\/wp\/v2\/product\/42222","targetHints":{"allow":["GET"]}}],"collection":[{"href":"https:\/\/www.joma-orhei.md\/ru\/wp-json\/wp\/v2\/product"}],"about":[{"href":"https:\/\/www.joma-orhei.md\/ru\/wp-json\/wp\/v2\/types\/product"}],"wp:featuredmedia":[{"embeddable":true,"href":"https:\/\/www.joma-orhei.md\/ru\/wp-json\/wp\/v2\/media\/42223"}],"wp:attachment":[{"href":"https:\/\/www.joma-orhei.md\/ru\/wp-json\/wp\/v2\/media?parent=42222"}],"wp:term":[{"taxonomy":"product_brand","embeddable":true,"href":"https:\/\/www.joma-orhei.md\/ru\/wp-json\/wp\/v2\/product_brand?post=42222"},{"taxonomy":"product_cat","embeddable":true,"href":"https:\/\/www.joma-orhei.md\/ru\/wp-json\/wp\/v2\/product_cat?post=42222"},{"taxonomy":"product_tag","embeddable":true,"href":"https:\/\/www.joma-orhei.md\/ru\/wp-json\/wp\/v2\/product_tag?post=42222"}],"curies":[{"name":"wp","href":"https:\/\/api.w.org\/{rel}","templated":true}]}}