{"id":42216,"date":"2026-03-11T13:10:59","date_gmt":"2026-03-11T11:10:59","guid":{"rendered":"https:\/\/www.joma-orhei.md\/?post_type=product&#038;p=42216"},"modified":"2026-03-11T13:10:59","modified_gmt":"2026-03-11T11:10:59","slug":"sisljs2403-s-island-jr-2403-navy","status":"publish","type":"product","link":"https:\/\/www.joma-orhei.md\/ru\/product\/sisljs2403-s-island-jr-2403-navy\/","title":{"rendered":"SISLJS2403 -S.ISLAND JR 2403 NAVY"},"content":{"rendered":"<p><strong>Joma S.Island 2403 Jr SISLJS2403 sunt pantofi eleganti si confortabili destinati baietilor. Culorile lor albastru \u0219i bleumarin adaug\u0103 elegan\u021b\u0103, \u00een timp ce materialele sintetice asigur\u0103 durabilitate \u0219i confort la purtare. Conceput f\u0103r\u0103 nicio ajustare, \u0219lapii sunt ideale pentru purtarea de zi cu zi, fie \u00een excursiile de var\u0103 \u00een ora\u0219 sau la piscin\u0103, unde talpa lor de cauciuc ofer\u0103 aderen\u021ba \u0219i siguran\u021ba necesare.<\/p>\n<p>Ace\u0219ti papuci de la celebra companie Joma sunt concepu\u021bi pentru b\u0103ie\u021bii activi care pre\u021buiesc confortul \u0219i stilul. C\u0103ptu\u0219eala superioar\u0103 \u0219i interioar\u0103 din material sintetic de \u00eenalt\u0103 calitate fac pantofii u\u0219ori, u\u0219or de \u00eentre\u021binut \u0219i rezisten\u021bi la distrugere, ceea ce este deosebit de important pentru utilizarea zilnic\u0103 de c\u0103tre copii.<\/strong><\/p>","protected":false},"excerpt":{"rendered":"<p>Slapi pentru copii.<\/p>","protected":false},"featured_media":42218,"template":"","meta":{"_themeisle_gutenberg_block_has_review":false},"product_brand":[370],"product_cat":[337,347,351],"product_tag":[],"class_list":{"0":"post-42216","1":"product","2":"type-product","3":"status-publish","4":"has-post-thumbnail","6":"product_brand-joma","7":"product_cat-copii","8":"product_cat-incaltaminte-copii","9":"product_cat-slapi-incaltaminte-copii","10":"pa_marime-pantofi-372","11":"pa_marime-pantofi-374","13":"first","14":"instock","15":"shipping-taxable","16":"purchasable","17":"product-type-variable"},"_links":{"self":[{"href":"https:\/\/www.joma-orhei.md\/ru\/wp-json\/wp\/v2\/product\/42216","targetHints":{"allow":["GET"]}}],"collection":[{"href":"https:\/\/www.joma-orhei.md\/ru\/wp-json\/wp\/v2\/product"}],"about":[{"href":"https:\/\/www.joma-orhei.md\/ru\/wp-json\/wp\/v2\/types\/product"}],"wp:featuredmedia":[{"embeddable":true,"href":"https:\/\/www.joma-orhei.md\/ru\/wp-json\/wp\/v2\/media\/42218"}],"wp:attachment":[{"href":"https:\/\/www.joma-orhei.md\/ru\/wp-json\/wp\/v2\/media?parent=42216"}],"wp:term":[{"taxonomy":"product_brand","embeddable":true,"href":"https:\/\/www.joma-orhei.md\/ru\/wp-json\/wp\/v2\/product_brand?post=42216"},{"taxonomy":"product_cat","embeddable":true,"href":"https:\/\/www.joma-orhei.md\/ru\/wp-json\/wp\/v2\/product_cat?post=42216"},{"taxonomy":"product_tag","embeddable":true,"href":"https:\/\/www.joma-orhei.md\/ru\/wp-json\/wp\/v2\/product_tag?post=42216"}],"curies":[{"name":"wp","href":"https:\/\/api.w.org\/{rel}","templated":true}]}}