{"id":42181,"date":"2026-03-11T11:31:32","date_gmt":"2026-03-11T09:31:32","guid":{"rendered":"https:\/\/www.joma-orhei.md\/?post_type=product&#038;p=42181"},"modified":"2026-03-11T11:31:32","modified_gmt":"2026-03-11T09:31:32","slug":"scjs2503tfv-super-copa-jr-2503-navy-turf","status":"publish","type":"product","link":"https:\/\/www.joma-orhei.md\/ru\/product\/scjs2503tfv-super-copa-jr-2503-navy-turf\/","title":{"rendered":"SCJS2503TFV -SUPER COPA JR 2503 NAVY TURF"},"content":{"rendered":"<div class=\"elementor-element elementor-element-53ab11f elementor-widget elementor-widget-heading\" data-id=\"53ab11f\" data-element_type=\"widget\" data-widget_type=\"heading.default\">\n<div class=\"elementor-widget-container\"><span class=\"elementor-heading-title elementor-size-default\">Descrierea produsului<\/span><\/div>\n<\/div>\n<div class=\"elementor-element elementor-element-29065ae product_d_ro elementor-widget elementor-widget-text-editor\" data-id=\"29065ae\" data-element_type=\"widget\" data-widget_type=\"text-editor.default\">\n<div class=\"elementor-widget-container\">Ghete din colec\u021bia SUPER COPA 2503 SCJS2503TFV de la Joma combin\u0103 flexibilitatea, confortul \u0219i stabilitatea. Partea superioar\u0103 a modelului este confec\u021bionat\u0103 din piele sintetic\u0103 de \u00eenalt\u0103 calitate. Structura este realizat\u0103 din poliuretan folosind o c\u0103ptu\u0219eal\u0103 de nailon cu o rezisten\u021b\u0103 la trac\u021biune de 800 N \/ 50 mm \u0219i o baz\u0103 de 600 N \/ 50 mm. Brantul plat si talpa interioara EVA sunt realizate din material Texon. \u00cenchiderea practic\u0103 cu velcro asigur\u0103 nu numai o bun\u0103 deschidere a pantofului, ci \u0219i u\u0219urin\u021b\u0103 \u0219i comoditate atunci c\u00e2nd \u00eel pune\u021bi. Talpa este realizat\u0103 folosind tehnologia DURABILITY, care, datorit\u0103 cauciucului foarte durabil, \u00eent\u00e2rzie abraziunea \u0219i prelunge\u0219te durata de via\u021b\u0103 a pantofului. Material superior: piele artificiala.<\/div>\n<\/div>","protected":false},"excerpt":{"rendered":"<p>Ghete din colec\u021bia SUPER COPA 2503 SCJS2503TFV pentru copii.<\/p>","protected":false},"featured_media":42183,"template":"","meta":{"_themeisle_gutenberg_block_has_review":false},"product_brand":[370],"product_cat":[337,350,347],"product_tag":[],"class_list":{"0":"post-42181","1":"product","2":"type-product","3":"status-publish","4":"has-post-thumbnail","6":"product_brand-joma","7":"product_cat-copii","8":"product_cat-ghete-pentru-fotbal-incaltaminte-copii","9":"product_cat-incaltaminte-copii","10":"pa_marime-pantofi-411","11":"pa_marime-pantofi-412","12":"pa_marime-pantofi-413","13":"pa_marime-pantofi-401","14":"pa_marime-pantofi-402","15":"pa_marime-pantofi-403","16":"pa_marime-pantofi-409","17":"pa_marime-pantofi-399","19":"first","20":"instock","21":"shipping-taxable","22":"purchasable","23":"product-type-variable"},"_links":{"self":[{"href":"https:\/\/www.joma-orhei.md\/ru\/wp-json\/wp\/v2\/product\/42181","targetHints":{"allow":["GET"]}}],"collection":[{"href":"https:\/\/www.joma-orhei.md\/ru\/wp-json\/wp\/v2\/product"}],"about":[{"href":"https:\/\/www.joma-orhei.md\/ru\/wp-json\/wp\/v2\/types\/product"}],"wp:featuredmedia":[{"embeddable":true,"href":"https:\/\/www.joma-orhei.md\/ru\/wp-json\/wp\/v2\/media\/42183"}],"wp:attachment":[{"href":"https:\/\/www.joma-orhei.md\/ru\/wp-json\/wp\/v2\/media?parent=42181"}],"wp:term":[{"taxonomy":"product_brand","embeddable":true,"href":"https:\/\/www.joma-orhei.md\/ru\/wp-json\/wp\/v2\/product_brand?post=42181"},{"taxonomy":"product_cat","embeddable":true,"href":"https:\/\/www.joma-orhei.md\/ru\/wp-json\/wp\/v2\/product_cat?post=42181"},{"taxonomy":"product_tag","embeddable":true,"href":"https:\/\/www.joma-orhei.md\/ru\/wp-json\/wp\/v2\/product_tag?post=42181"}],"curies":[{"name":"wp","href":"https:\/\/api.w.org\/{rel}","templated":true}]}}