{"id":42165,"date":"2026-03-11T11:12:37","date_gmt":"2026-03-11T09:12:37","guid":{"rendered":"https:\/\/www.joma-orhei.md\/?post_type=product&#038;p=42165"},"modified":"2026-03-11T11:12:37","modified_gmt":"2026-03-11T09:12:37","slug":"saftes2501-s-after-men-2501-black","status":"publish","type":"product","link":"https:\/\/www.joma-orhei.md\/ru\/product\/saftes2501-s-after-men-2501-black\/","title":{"rendered":"SAFTES2501 -S.AFTER MEN 2501 BLACK"},"content":{"rendered":"<div class=\"elementor-element elementor-element-53ab11f elementor-widget elementor-widget-heading\" data-id=\"53ab11f\" data-element_type=\"widget\" data-widget_type=\"heading.default\">\n<div class=\"elementor-widget-container\"><span class=\"elementor-heading-title elementor-size-default\">Descrierea produsului<\/span><\/div>\n<\/div>\n<div class=\"elementor-element elementor-element-29065ae product_d_ro elementor-widget elementor-widget-text-editor\" data-id=\"29065ae\" data-element_type=\"widget\" data-widget_type=\"text-editor.default\">\n<div class=\"elementor-widget-container\">\u0218lapi pentru b\u0103rba\u021bi cu un design la mod\u0103, concepute pentru a merge la piscin\u0103 sau la plaj\u0103. Modelul se adapteaz\u0103 piciorului pentru a putea merge confortabil. Dun\u0103 de sus cu model \u00een relief \u0219i sigla Joma. Aceast\u0103 band\u0103 ajut\u0103 la \u00eembun\u0103t\u0103\u021birea potrivirii piciorului. Fabricat \u00een \u00eentregime din material sintetic durabil, cu un bran\u021b turnat pentru un confort sporit.<\/div>\n<\/div>","protected":false},"excerpt":{"rendered":"<p>\u0218lapi pentru b\u0103rba\u021bi<\/p>","protected":false},"featured_media":42166,"template":"","meta":{"_themeisle_gutenberg_block_has_review":false},"product_brand":[370],"product_cat":[307,320,324],"product_tag":[],"class_list":{"0":"post-42165","1":"product","2":"type-product","3":"status-publish","4":"has-post-thumbnail","6":"product_brand-joma","7":"product_cat-barbati","8":"product_cat-incaltaminte","9":"product_cat-slapi","10":"pa_marime-pantofi-376","11":"pa_marime-pantofi-371","13":"first","14":"instock","15":"shipping-taxable","16":"purchasable","17":"product-type-variable"},"_links":{"self":[{"href":"https:\/\/www.joma-orhei.md\/ru\/wp-json\/wp\/v2\/product\/42165","targetHints":{"allow":["GET"]}}],"collection":[{"href":"https:\/\/www.joma-orhei.md\/ru\/wp-json\/wp\/v2\/product"}],"about":[{"href":"https:\/\/www.joma-orhei.md\/ru\/wp-json\/wp\/v2\/types\/product"}],"wp:featuredmedia":[{"embeddable":true,"href":"https:\/\/www.joma-orhei.md\/ru\/wp-json\/wp\/v2\/media\/42166"}],"wp:attachment":[{"href":"https:\/\/www.joma-orhei.md\/ru\/wp-json\/wp\/v2\/media?parent=42165"}],"wp:term":[{"taxonomy":"product_brand","embeddable":true,"href":"https:\/\/www.joma-orhei.md\/ru\/wp-json\/wp\/v2\/product_brand?post=42165"},{"taxonomy":"product_cat","embeddable":true,"href":"https:\/\/www.joma-orhei.md\/ru\/wp-json\/wp\/v2\/product_cat?post=42165"},{"taxonomy":"product_tag","embeddable":true,"href":"https:\/\/www.joma-orhei.md\/ru\/wp-json\/wp\/v2\/product_tag?post=42165"}],"curies":[{"name":"wp","href":"https:\/\/api.w.org\/{rel}","templated":true}]}}