{"id":42140,"date":"2026-03-11T10:53:52","date_gmt":"2026-03-11T08:53:52","guid":{"rendered":"https:\/\/www.joma-orhei.md\/?post_type=product&#038;p=42140"},"modified":"2026-03-18T20:42:49","modified_gmt":"2026-03-18T18:42:49","slug":"rvitaw2503-vitaly-men-2503-navy-blue","status":"publish","type":"product","link":"https:\/\/www.joma-orhei.md\/ru\/product\/rvitaw2503-vitaly-men-2503-navy-blue\/","title":{"rendered":"RVITAW2503 -VITALY MEN 2503 NAVY BLUE"},"content":{"rendered":"<div class=\"elementor-element elementor-element-53ab11f elementor-widget elementor-widget-heading\" data-id=\"53ab11f\" data-element_type=\"widget\" data-widget_type=\"heading.default\">\n<div class=\"elementor-widget-container\"><span class=\"elementor-heading-title elementor-size-default\">Descrierea produsului<\/span><\/div>\n<\/div>\n<div class=\"elementor-element elementor-element-29065ae product_d_ro elementor-widget elementor-widget-text-editor\" data-id=\"29065ae\" data-element_type=\"widget\" data-widget_type=\"text-editor.default\">\n<div class=\"elementor-widget-container\">Adidasi de alergare pentru b\u0103rba\u021bi. Model dezvoltat pentru alerg\u0103torii care se \u00eencep \u00een acest sport, precum \u0219i pentru mers pe jos. Ace\u0219tia sunt adida\u0219i care \u00ee\u021bi vor oferi elementele esen\u021biale atunci c\u00e2nd e\u0219ti la \u00eenceput: confort \u0219i durabilitate. Fa\u021b\u0103 din plas\u0103 tehnic\u0103 cu perfora\u021bii VTS, care permit aerisirea transpira\u021biei astfel \u00eenc\u00e2t piciorul s\u0103 r\u0103m\u00e2n\u0103 la o temperatur\u0103 constant\u0103. Suport garantat datorit\u0103 sistemului de reglare \u00eencorporat. Talp\u0103 intermediar\u0103 Phylon, un material u\u0219or, func\u021bional \u0219i flexibil. Ofer\u0103 o bun\u0103 absorb\u021bie a \u0219ocurilor la alergare sau la mers. Talpa este realizat\u0103 din cauciuc rezistent la abraziune.<\/div>\n<\/div>","protected":false},"excerpt":{"rendered":"<p>Adidasi de alergare pentru b\u0103rba\u021bi.<\/p>","protected":false},"featured_media":42143,"template":"","meta":{"_themeisle_gutenberg_block_has_review":false},"product_brand":[370],"product_cat":[321,307,320],"product_tag":[],"class_list":{"0":"post-42140","1":"product","2":"type-product","3":"status-publish","4":"has-post-thumbnail","6":"product_brand-joma","7":"product_cat-adidasi","8":"product_cat-barbati","9":"product_cat-incaltaminte","10":"pa_marime-pantofi-376","11":"pa_marime-pantofi-377","12":"pa_marime-pantofi-378","13":"pa_marime-pantofi-380","15":"first","16":"instock","17":"shipping-taxable","18":"purchasable","19":"product-type-variable"},"_links":{"self":[{"href":"https:\/\/www.joma-orhei.md\/ru\/wp-json\/wp\/v2\/product\/42140","targetHints":{"allow":["GET"]}}],"collection":[{"href":"https:\/\/www.joma-orhei.md\/ru\/wp-json\/wp\/v2\/product"}],"about":[{"href":"https:\/\/www.joma-orhei.md\/ru\/wp-json\/wp\/v2\/types\/product"}],"wp:featuredmedia":[{"embeddable":true,"href":"https:\/\/www.joma-orhei.md\/ru\/wp-json\/wp\/v2\/media\/42143"}],"wp:attachment":[{"href":"https:\/\/www.joma-orhei.md\/ru\/wp-json\/wp\/v2\/media?parent=42140"}],"wp:term":[{"taxonomy":"product_brand","embeddable":true,"href":"https:\/\/www.joma-orhei.md\/ru\/wp-json\/wp\/v2\/product_brand?post=42140"},{"taxonomy":"product_cat","embeddable":true,"href":"https:\/\/www.joma-orhei.md\/ru\/wp-json\/wp\/v2\/product_cat?post=42140"},{"taxonomy":"product_tag","embeddable":true,"href":"https:\/\/www.joma-orhei.md\/ru\/wp-json\/wp\/v2\/product_tag?post=42140"}],"curies":[{"name":"wp","href":"https:\/\/api.w.org\/{rel}","templated":true}]}}