{"id":42129,"date":"2026-03-11T10:48:29","date_gmt":"2026-03-11T08:48:29","guid":{"rendered":"https:\/\/www.joma-orhei.md\/?post_type=product&#038;p=42129"},"modified":"2026-03-18T20:43:03","modified_gmt":"2026-03-18T18:43:03","slug":"rvitas2641-vitaly-men-2641-black-green","status":"publish","type":"product","link":"https:\/\/www.joma-orhei.md\/ru\/product\/rvitas2641-vitaly-men-2641-black-green\/","title":{"rendered":"RVITAS2641 -VITALY MEN 2641 BLACK GREEN"},"content":{"rendered":"<p><span dir=\"auto\">Adidasi de alergare pentru b\u0103rba\u021bi <\/span><b><span dir=\"auto\">Joma Vitaly<\/span><\/b><span dir=\"auto\">\u00a0sunt un model confortabil at\u00e2t pentru alerg\u0103torii \u00eencep\u0103tori, c\u00e2t \u0219i pentru persoanele active din via\u021ba de zi cu zi. Partea superioar\u0103 u\u0219oar\u0103 \u0219i respirabil\u0103 sus\u021bine ventila\u021bia, \u00een timp ce talpa amortizat\u0103 asigur\u0103 confort \u00een timpul antrenamentelor \u0219i plimb\u0103rilor.<\/span><\/p>","protected":false},"excerpt":{"rendered":"<p><span dir=\"auto\">Adidasi de alergare pentru b\u0103rba\u021bi.<\/span><\/p>","protected":false},"featured_media":42130,"template":"","meta":{"_themeisle_gutenberg_block_has_review":false},"product_brand":[370],"product_cat":[321,307,320],"product_tag":[],"class_list":{"0":"post-42129","1":"product","2":"type-product","3":"status-publish","4":"has-post-thumbnail","6":"product_brand-joma","7":"product_cat-adidasi","8":"product_cat-barbati","9":"product_cat-incaltaminte","10":"pa_marime-pantofi-376","11":"pa_marime-pantofi-371","12":"pa_marime-pantofi-377","13":"pa_marime-pantofi-378","14":"pa_marime-pantofi-379","15":"pa_marime-pantofi-380","17":"first","18":"instock","19":"shipping-taxable","20":"purchasable","21":"product-type-variable"},"_links":{"self":[{"href":"https:\/\/www.joma-orhei.md\/ru\/wp-json\/wp\/v2\/product\/42129","targetHints":{"allow":["GET"]}}],"collection":[{"href":"https:\/\/www.joma-orhei.md\/ru\/wp-json\/wp\/v2\/product"}],"about":[{"href":"https:\/\/www.joma-orhei.md\/ru\/wp-json\/wp\/v2\/types\/product"}],"wp:featuredmedia":[{"embeddable":true,"href":"https:\/\/www.joma-orhei.md\/ru\/wp-json\/wp\/v2\/media\/42130"}],"wp:attachment":[{"href":"https:\/\/www.joma-orhei.md\/ru\/wp-json\/wp\/v2\/media?parent=42129"}],"wp:term":[{"taxonomy":"product_brand","embeddable":true,"href":"https:\/\/www.joma-orhei.md\/ru\/wp-json\/wp\/v2\/product_brand?post=42129"},{"taxonomy":"product_cat","embeddable":true,"href":"https:\/\/www.joma-orhei.md\/ru\/wp-json\/wp\/v2\/product_cat?post=42129"},{"taxonomy":"product_tag","embeddable":true,"href":"https:\/\/www.joma-orhei.md\/ru\/wp-json\/wp\/v2\/product_tag?post=42129"}],"curies":[{"name":"wp","href":"https:\/\/api.w.org\/{rel}","templated":true}]}}