{"id":42121,"date":"2026-03-11T10:43:04","date_gmt":"2026-03-11T08:43:04","guid":{"rendered":"https:\/\/www.joma-orhei.md\/?post_type=product&#038;p=42121"},"modified":"2026-03-18T20:43:16","modified_gmt":"2026-03-18T18:43:16","slug":"rvitas2612-vitaly-men-2612-gris-claro","status":"publish","type":"product","link":"https:\/\/www.joma-orhei.md\/ru\/product\/rvitas2612-vitaly-men-2612-gris-claro\/","title":{"rendered":"RVITAS2612 -VITALY MEN 2612 GRIS CLARO"},"content":{"rendered":"<p><span dir=\"auto\">Adidasi de alergare pentru b\u0103rba\u021bi. O op\u021biune accesibil\u0103, care include elemente esen\u021biale precum ventila\u021bia, amortizarea de baz\u0103 \u0219i stabilitatea pentru faza de ini\u021biere \u0219i antrenamentul u\u0219or.<\/span><\/p>\n<p><span dir=\"auto\">Partea superioar\u0103 este confec\u021bionat\u0103 din plas\u0103 tehnic\u0103 pentru o respirabilitate sporit\u0103 a transpira\u021biei. Sistemul de ventila\u021bie VTS promoveaz\u0103 fluxul de aer \u0219i men\u021bine picioarele r\u0103coroase. Structura din semimicrofibr\u0103 ofer\u0103 potrivire \u0219i sus\u021binere.<\/span><\/p>\n<p><span dir=\"auto\">Talp\u0103 intermediar\u0103 din Phylon, un material u\u0219or, func\u021bional \u0219i flexibil. Ofer\u0103 o amortizare bun\u0103 la alergare sau mers.<\/span><\/p>\n<p><span dir=\"auto\">Talp\u0103 exterioar\u0103 din cauciuc de \u00eenalt\u0103 calitate, rezistent\u0103 la abraziune pe asfalt.<\/span><\/p>","protected":false},"excerpt":{"rendered":"<p><span dir=\"auto\">Adidasi de alergare pentru b\u0103rba\u021bi. <\/span><\/p>","protected":false},"featured_media":42122,"template":"","meta":{"_themeisle_gutenberg_block_has_review":false},"product_brand":[370],"product_cat":[321,307],"product_tag":[],"class_list":{"0":"post-42121","1":"product","2":"type-product","3":"status-publish","4":"has-post-thumbnail","6":"product_brand-joma","7":"product_cat-adidasi","8":"product_cat-barbati","9":"pa_marime-pantofi-376","10":"pa_marime-pantofi-371","11":"pa_marime-pantofi-377","12":"pa_marime-pantofi-378","13":"pa_marime-pantofi-379","14":"pa_marime-pantofi-380","16":"first","17":"instock","18":"shipping-taxable","19":"purchasable","20":"product-type-variable"},"_links":{"self":[{"href":"https:\/\/www.joma-orhei.md\/ru\/wp-json\/wp\/v2\/product\/42121","targetHints":{"allow":["GET"]}}],"collection":[{"href":"https:\/\/www.joma-orhei.md\/ru\/wp-json\/wp\/v2\/product"}],"about":[{"href":"https:\/\/www.joma-orhei.md\/ru\/wp-json\/wp\/v2\/types\/product"}],"wp:featuredmedia":[{"embeddable":true,"href":"https:\/\/www.joma-orhei.md\/ru\/wp-json\/wp\/v2\/media\/42122"}],"wp:attachment":[{"href":"https:\/\/www.joma-orhei.md\/ru\/wp-json\/wp\/v2\/media?parent=42121"}],"wp:term":[{"taxonomy":"product_brand","embeddable":true,"href":"https:\/\/www.joma-orhei.md\/ru\/wp-json\/wp\/v2\/product_brand?post=42121"},{"taxonomy":"product_cat","embeddable":true,"href":"https:\/\/www.joma-orhei.md\/ru\/wp-json\/wp\/v2\/product_cat?post=42121"},{"taxonomy":"product_tag","embeddable":true,"href":"https:\/\/www.joma-orhei.md\/ru\/wp-json\/wp\/v2\/product_tag?post=42121"}],"curies":[{"name":"wp","href":"https:\/\/api.w.org\/{rel}","templated":true}]}}