{"id":42115,"date":"2026-03-11T10:36:38","date_gmt":"2026-03-11T08:36:38","guid":{"rendered":"https:\/\/www.joma-orhei.md\/?post_type=product&#038;p=42115"},"modified":"2026-03-18T20:43:28","modified_gmt":"2026-03-18T18:43:28","slug":"rmetaw2503-meta-men-2503-navy-blue","status":"publish","type":"product","link":"https:\/\/www.joma-orhei.md\/ru\/product\/rmetaw2503-meta-men-2503-navy-blue\/","title":{"rendered":"RMETAW2503 -META MEN 2503 NAVY BLUE"},"content":{"rendered":"<p><b><span dir=\"auto\">Joma Meta<\/span><\/b><span dir=\"auto\"> sunt adidasi de alergare u\u0219ori \u0219i confortabili pentru b\u0103rba\u021bi, concepu\u021bi av\u00e2nd \u00een vedere confortul \u0219i durabilitatea. Partea superioar\u0103 din plas\u0103 cu sistem VTS asigur\u0103 fluxul de aer, \u00een timp ce talpa intermediar\u0103 flexibil\u0103 amortizeaz\u0103 fiecare pas. Talpa exterioar\u0103 din cauciuc ofer\u0103 rezisten\u021b\u0103 ridicat\u0103 la abraziune \u0219i trac\u021biune bun\u0103.<\/span><\/p>","protected":false},"excerpt":{"rendered":"<p><span dir=\"auto\">Adidasi de alergare u\u0219ori \u0219i confortabili pentru b\u0103rba\u021bi.<\/span><\/p>","protected":false},"featured_media":42118,"template":"","meta":{"_themeisle_gutenberg_block_has_review":false},"product_brand":[370],"product_cat":[321,307,320],"product_tag":[],"class_list":{"0":"post-42115","1":"product","2":"type-product","3":"status-publish","4":"has-post-thumbnail","6":"product_brand-joma","7":"product_cat-adidasi","8":"product_cat-barbati","9":"product_cat-incaltaminte","10":"pa_marime-pantofi-378","12":"first","13":"instock","14":"shipping-taxable","15":"purchasable","16":"product-type-variable"},"_links":{"self":[{"href":"https:\/\/www.joma-orhei.md\/ru\/wp-json\/wp\/v2\/product\/42115","targetHints":{"allow":["GET"]}}],"collection":[{"href":"https:\/\/www.joma-orhei.md\/ru\/wp-json\/wp\/v2\/product"}],"about":[{"href":"https:\/\/www.joma-orhei.md\/ru\/wp-json\/wp\/v2\/types\/product"}],"wp:featuredmedia":[{"embeddable":true,"href":"https:\/\/www.joma-orhei.md\/ru\/wp-json\/wp\/v2\/media\/42118"}],"wp:attachment":[{"href":"https:\/\/www.joma-orhei.md\/ru\/wp-json\/wp\/v2\/media?parent=42115"}],"wp:term":[{"taxonomy":"product_brand","embeddable":true,"href":"https:\/\/www.joma-orhei.md\/ru\/wp-json\/wp\/v2\/product_brand?post=42115"},{"taxonomy":"product_cat","embeddable":true,"href":"https:\/\/www.joma-orhei.md\/ru\/wp-json\/wp\/v2\/product_cat?post=42115"},{"taxonomy":"product_tag","embeddable":true,"href":"https:\/\/www.joma-orhei.md\/ru\/wp-json\/wp\/v2\/product_tag?post=42115"}],"curies":[{"name":"wp","href":"https:\/\/api.w.org\/{rel}","templated":true}]}}