{"id":42109,"date":"2026-03-11T10:30:02","date_gmt":"2026-03-11T08:30:02","guid":{"rendered":"https:\/\/www.joma-orhei.md\/?post_type=product&#038;p=42109"},"modified":"2026-03-18T20:56:40","modified_gmt":"2026-03-18T18:56:40","slug":"rhisls2301-r-hispalis-lady-2301-black","status":"publish","type":"product","link":"https:\/\/www.joma-orhei.md\/ru\/product\/rhisls2301-r-hispalis-lady-2301-black\/","title":{"rendered":"RHISLS2301 -R.HISPALIS LADY 2301 BLACK"},"content":{"rendered":"<p><span dir=\"auto\">Adidasi de alergare pentru femei. Dep\u0103\u0219e\u0219te-\u021bi recordul personal cu acest model de antrenament neutru de \u00eenalt\u0103 performan\u021b\u0103, destinat alerg\u0103torilor care caut\u0103 o amortizare excelent\u0103, deoarece este conceput pentru alerg\u0103tori cu greutate medie-mare. Sunt, de asemenea, buni pentru accident\u0103ri \u0219i recuperare.<\/span><br \/>\n<span dir=\"auto\">Partea superioar\u0103 este fabricat\u0103 din material textil personalizat \u0219i u\u0219or, care permite ventila\u021bia datorit\u0103 sistemului VTS, \u0219i material sintetic sudat pentru a elimina greutatea \u0219i cus\u0103turile prin sistemul FLEXSHIELD. Aceast\u0103 tehnologie devine un scut protector pentru partea superioar\u0103, \u00eembun\u0103t\u0103\u021bind potrivirea la picior \u0219i oferind stabilitate.<\/span><\/p>\n<p><span dir=\"auto\">Designul este mai consistent \u00een zona c\u0103lc\u00e2iului \u0219i central\u0103 pentru a evita deform\u0103rile.<\/span><\/p>\n<p><span dir=\"auto\">Talpa intermediar\u0103 este fabricat\u0103 cu sistemul FULL DUAL PULSOR: dublu phylon \u00een densit\u0103\u021bi diferite care adaug\u0103 o amortizare suplimentar\u0103. \u00cen plus, \u00eencorporeaz\u0103 gel pe partea din spate care absoarbe impactul \u0219i \u00eembun\u0103t\u0103\u021be\u0219te pasul cu tehnologia PULSOR.<\/span><\/p>\n<p><span dir=\"auto\">Talpa este fabricat\u0103 din cauciuc DURABILITY cu densitate mare \u0219i rezisten\u021b\u0103 la abraziune. Include sistemul STABILIS, o pies\u0103 situat\u0103 \u00een zona de torsiune a t\u0103lpii care confer\u0103 stabilitate benzii de rulare \u0219i previne torsiunea nedorit\u0103 \u0219i, prin urmare, accident\u0103rile. De asemenea, are linii de flexie FLEXO pentru a ob\u021bine o band\u0103 de rulare mai confortabil\u0103 \u0219i mai natural\u0103.<\/span><\/p>","protected":false},"excerpt":{"rendered":"<p><span dir=\"auto\">Adidasi de alergare pentru femei. <\/span><\/p>","protected":false},"featured_media":42111,"template":"","meta":{"_themeisle_gutenberg_block_has_review":false},"product_brand":[370],"product_cat":[333,308,332],"product_tag":[],"class_list":{"0":"post-42109","1":"product","2":"type-product","3":"status-publish","4":"has-post-thumbnail","6":"product_brand-joma","7":"product_cat-adidasi-incaltaminte-femei","8":"product_cat-femei","9":"product_cat-incaltaminte-femei","10":"pa_marime-pantofi-373","12":"first","13":"instock","14":"shipping-taxable","15":"purchasable","16":"product-type-variable"},"_links":{"self":[{"href":"https:\/\/www.joma-orhei.md\/ru\/wp-json\/wp\/v2\/product\/42109","targetHints":{"allow":["GET"]}}],"collection":[{"href":"https:\/\/www.joma-orhei.md\/ru\/wp-json\/wp\/v2\/product"}],"about":[{"href":"https:\/\/www.joma-orhei.md\/ru\/wp-json\/wp\/v2\/types\/product"}],"wp:featuredmedia":[{"embeddable":true,"href":"https:\/\/www.joma-orhei.md\/ru\/wp-json\/wp\/v2\/media\/42111"}],"wp:attachment":[{"href":"https:\/\/www.joma-orhei.md\/ru\/wp-json\/wp\/v2\/media?parent=42109"}],"wp:term":[{"taxonomy":"product_brand","embeddable":true,"href":"https:\/\/www.joma-orhei.md\/ru\/wp-json\/wp\/v2\/product_brand?post=42109"},{"taxonomy":"product_cat","embeddable":true,"href":"https:\/\/www.joma-orhei.md\/ru\/wp-json\/wp\/v2\/product_cat?post=42109"},{"taxonomy":"product_tag","embeddable":true,"href":"https:\/\/www.joma-orhei.md\/ru\/wp-json\/wp\/v2\/product_tag?post=42109"}],"curies":[{"name":"wp","href":"https:\/\/api.w.org\/{rel}","templated":true}]}}