{"id":42103,"date":"2026-03-11T10:20:56","date_gmt":"2026-03-11T08:20:56","guid":{"rendered":"https:\/\/www.joma-orhei.md\/?post_type=product&#038;p=42103"},"modified":"2026-03-11T10:20:57","modified_gmt":"2026-03-11T08:20:57","slug":"prjw2509fg-propulsion-jr-2509-fluor-yellow-firm-ground","status":"publish","type":"product","link":"https:\/\/www.joma-orhei.md\/ru\/product\/prjw2509fg-propulsion-jr-2509-fluor-yellow-firm-ground\/","title":{"rendered":"PRJW2509FG -PROPULSION JR 2509 FLUOR YELLOW FIRM GROUND"},"content":{"rendered":"<div class=\"elementor-element elementor-element-53ab11f elementor-widget elementor-widget-heading\" data-id=\"53ab11f\" data-element_type=\"widget\" data-widget_type=\"heading.default\">\n<div class=\"elementor-widget-container\"><span class=\"elementor-heading-title elementor-size-default\">Descrierea produsului<\/span><\/div>\n<\/div>\n<div class=\"elementor-element elementor-element-29065ae product_d_ro elementor-widget elementor-widget-text-editor\" data-id=\"29065ae\" data-element_type=\"widget\" data-widget_type=\"text-editor.default\">\n<div class=\"elementor-widget-container\">Ghete de fotbal pentru b\u0103ie\u021bi \u0219i fete, ideale pentru ob\u021binerea unor performan\u021be excelente pe teren dur (FG), fiind alegerea ideal\u0103 pentru cei care abia \u00eencep s\u0103 practice fotbalul. Partea superioar\u0103, fabricat\u0103 din material sintetic de \u00eenalt\u0103 calitate, permite un contact precis cu mingea, \u00eembun\u0103t\u0103\u021bind controlul \u0219i precizia \u00een fiecare faz\u0103. Prezint\u0103 un design practic \u0219i durabil. Talpa este fabricat\u0103 din fibr\u0103 sintetic\u0103 de \u00eenalt\u0103 calitate \u0219i este foarte rezistent\u0103 la abraziune. Este adaptat\u0103 acestui tip de teren pentru un control mai bun pe suprafe\u021be ferme, neabrazive (iarb\u0103 natural\u0103 dur\u0103). Caracteristici Croial\u0103 din material sintetic (Fibertech) Talp\u0103 din fibr\u0103 sintetic\u0103<\/div>\n<\/div>","protected":false},"excerpt":{"rendered":"<p>Ghete de fotbal pentru b\u0103ie\u021bi \u0219i fete.<\/p>","protected":false},"featured_media":42104,"template":"","meta":{"_themeisle_gutenberg_block_has_review":false},"product_brand":[370],"product_cat":[337,350,347],"product_tag":[],"class_list":{"0":"post-42103","1":"product","2":"type-product","3":"status-publish","4":"has-post-thumbnail","6":"product_brand-joma","7":"product_cat-copii","8":"product_cat-ghete-pentru-fotbal-incaltaminte-copii","9":"product_cat-incaltaminte-copii","10":"pa_marime-pantofi-374","12":"first","13":"instock","14":"shipping-taxable","15":"purchasable","16":"product-type-variable"},"_links":{"self":[{"href":"https:\/\/www.joma-orhei.md\/ru\/wp-json\/wp\/v2\/product\/42103","targetHints":{"allow":["GET"]}}],"collection":[{"href":"https:\/\/www.joma-orhei.md\/ru\/wp-json\/wp\/v2\/product"}],"about":[{"href":"https:\/\/www.joma-orhei.md\/ru\/wp-json\/wp\/v2\/types\/product"}],"wp:featuredmedia":[{"embeddable":true,"href":"https:\/\/www.joma-orhei.md\/ru\/wp-json\/wp\/v2\/media\/42104"}],"wp:attachment":[{"href":"https:\/\/www.joma-orhei.md\/ru\/wp-json\/wp\/v2\/media?parent=42103"}],"wp:term":[{"taxonomy":"product_brand","embeddable":true,"href":"https:\/\/www.joma-orhei.md\/ru\/wp-json\/wp\/v2\/product_brand?post=42103"},{"taxonomy":"product_cat","embeddable":true,"href":"https:\/\/www.joma-orhei.md\/ru\/wp-json\/wp\/v2\/product_cat?post=42103"},{"taxonomy":"product_tag","embeddable":true,"href":"https:\/\/www.joma-orhei.md\/ru\/wp-json\/wp\/v2\/product_tag?post=42103"}],"curies":[{"name":"wp","href":"https:\/\/api.w.org\/{rel}","templated":true}]}}