{"id":42100,"date":"2026-03-11T10:15:23","date_gmt":"2026-03-11T08:15:23","guid":{"rendered":"https:\/\/www.joma-orhei.md\/?post_type=product&#038;p=42100"},"modified":"2026-03-11T10:15:23","modified_gmt":"2026-03-11T08:15:23","slug":"pows2401fg-powerful-2401-black-firm-ground","status":"publish","type":"product","link":"https:\/\/www.joma-orhei.md\/ru\/product\/pows2401fg-powerful-2401-black-firm-ground\/","title":{"rendered":"POWS2401FG -POWERFUL 2401 BLACK FIRM GROUND"},"content":{"rendered":"<p><b><span dir=\"auto\">Joma Powerful FG<\/span><\/b><span dir=\"auto\">\u00a0este o pereche de\u00a0<\/span><b><span dir=\"auto\">ghete de fotbal pentru b\u0103rba\u021bi<\/span><\/b><span dir=\"auto\">\u00a0dotate cu SOCK SYSTEM \u0219i Joma PERFECT FIT, care ofer\u0103 o potrivire optim\u0103. Tehnologia EXO COUNTER, \u00eempreun\u0103 cu cupa \u00eent\u0103rit\u0103 la c\u0103lc\u00e2i, ofer\u0103 o stabilitate sporit\u0103, fiind perfecte pentru jocul pe terenuri naturale.<\/span><\/p>","protected":false},"excerpt":{"rendered":"<p><b><span dir=\"auto\">Ghete de fotbal pentru b\u0103rba\u021bi.<\/span><\/b><\/p>","protected":false},"featured_media":42101,"template":"","meta":{"_themeisle_gutenberg_block_has_review":false},"product_brand":[370],"product_cat":[307,323,320],"product_tag":[],"class_list":{"0":"post-42100","1":"product","2":"type-product","3":"status-publish","4":"has-post-thumbnail","6":"product_brand-joma","7":"product_cat-barbati","8":"product_cat-ghete-pentru-fotbal","9":"product_cat-incaltaminte","10":"pa_marime-pantofi-380","12":"first","13":"instock","14":"shipping-taxable","15":"purchasable","16":"product-type-variable"},"_links":{"self":[{"href":"https:\/\/www.joma-orhei.md\/ru\/wp-json\/wp\/v2\/product\/42100","targetHints":{"allow":["GET"]}}],"collection":[{"href":"https:\/\/www.joma-orhei.md\/ru\/wp-json\/wp\/v2\/product"}],"about":[{"href":"https:\/\/www.joma-orhei.md\/ru\/wp-json\/wp\/v2\/types\/product"}],"wp:featuredmedia":[{"embeddable":true,"href":"https:\/\/www.joma-orhei.md\/ru\/wp-json\/wp\/v2\/media\/42101"}],"wp:attachment":[{"href":"https:\/\/www.joma-orhei.md\/ru\/wp-json\/wp\/v2\/media?parent=42100"}],"wp:term":[{"taxonomy":"product_brand","embeddable":true,"href":"https:\/\/www.joma-orhei.md\/ru\/wp-json\/wp\/v2\/product_brand?post=42100"},{"taxonomy":"product_cat","embeddable":true,"href":"https:\/\/www.joma-orhei.md\/ru\/wp-json\/wp\/v2\/product_cat?post=42100"},{"taxonomy":"product_tag","embeddable":true,"href":"https:\/\/www.joma-orhei.md\/ru\/wp-json\/wp\/v2\/product_tag?post=42100"}],"curies":[{"name":"wp","href":"https:\/\/api.w.org\/{rel}","templated":true}]}}