{"id":42092,"date":"2026-03-11T10:09:47","date_gmt":"2026-03-11T08:09:47","guid":{"rendered":"https:\/\/www.joma-orhei.md\/?post_type=product&#038;p=42092"},"modified":"2026-03-11T10:09:47","modified_gmt":"2026-03-11T08:09:47","slug":"munw2501tf-mundial-2501-black-turf","status":"publish","type":"product","link":"https:\/\/www.joma-orhei.md\/ru\/product\/munw2501tf-mundial-2501-black-turf\/","title":{"rendered":"MUNW2501TF -MUNDIAL 2501 BLACK TURF"},"content":{"rendered":"<p><span dir=\"auto\">Ghete de fotbal pentru gazon artificial (suprafe\u021be sintetice \u0219i mochet\u0103). Acest model dinamic \u0219i rezistent va \u00eendeplini standardele futsalului profesionist. Ideal pentru fotbali\u0219tii care doresc s\u0103 \u00ee\u0219i \u00eembun\u0103t\u0103\u021beasc\u0103 viteza.<\/span><\/p>\n<p><span dir=\"auto\">Croial\u0103 manufacturat\u0103, combin\u00e2nd diverse materiale. Zona frontal\u0103, unde exist\u0103 un contact mai bun cu mingea, este fabricat\u0103 din piele de \u00eenalt\u0103 calitate pentru a oferi un contact bun cu mingea, confort \u0219i durabilitate. Prezint\u0103 o parte din plas\u0103 respirabil\u0103. Perfora\u021biile VTS situate \u00een zone strategice optimizeaz\u0103 ventila\u021bia transpira\u021biei \u0219i men\u021bin temperatura piciorului constant\u0103 \u00een interiorul pantofilor sport.<\/span><\/p>\n<p><span dir=\"auto\">\u00cent\u0103ritur\u0103 PROTEC\u021aIE \u00een v\u00e2rf.<\/span><\/p>\n<p><span dir=\"auto\">Talp\u0103 intermediar\u0103 din Phylon, un material u\u0219or \u0219i flexibil care ofer\u0103 o amortizare excelent\u0103 \u0219i un confort deosebit \u00een fiecare mi\u0219care.<\/span><\/p>\n<p><span dir=\"auto\">DURABILITATE talp\u0103 din cauciuc cu rezisten\u021b\u0103 ridicat\u0103 la abraziune \u0219i aderen\u021b\u0103 la suprafa\u021b\u0103. Prezint\u0103 o structur\u0103 cu crampoane multiple care minimizeaz\u0103 presiunea pe pas \u0219i asigur\u0103 un suport bun.<\/span><\/p>","protected":false},"excerpt":{"rendered":"<p><span dir=\"auto\">Ghete de fotbal pentru gazon artificial (suprafe\u021be sintetice \u0219i mochet\u0103). <\/span><\/p>","protected":false},"featured_media":42095,"template":"","meta":{"_themeisle_gutenberg_block_has_review":false},"product_brand":[370],"product_cat":[307,323],"product_tag":[],"class_list":{"0":"post-42092","1":"product","2":"type-product","3":"status-publish","4":"has-post-thumbnail","6":"product_brand-joma","7":"product_cat-barbati","8":"product_cat-ghete-pentru-fotbal","9":"pa_marime-pantofi-375","10":"pa_marime-pantofi-376","11":"pa_marime-pantofi-40-5","12":"pa_marime-pantofi-371","14":"first","15":"instock","16":"shipping-taxable","17":"purchasable","18":"product-type-variable"},"_links":{"self":[{"href":"https:\/\/www.joma-orhei.md\/ru\/wp-json\/wp\/v2\/product\/42092","targetHints":{"allow":["GET"]}}],"collection":[{"href":"https:\/\/www.joma-orhei.md\/ru\/wp-json\/wp\/v2\/product"}],"about":[{"href":"https:\/\/www.joma-orhei.md\/ru\/wp-json\/wp\/v2\/types\/product"}],"wp:featuredmedia":[{"embeddable":true,"href":"https:\/\/www.joma-orhei.md\/ru\/wp-json\/wp\/v2\/media\/42095"}],"wp:attachment":[{"href":"https:\/\/www.joma-orhei.md\/ru\/wp-json\/wp\/v2\/media?parent=42092"}],"wp:term":[{"taxonomy":"product_brand","embeddable":true,"href":"https:\/\/www.joma-orhei.md\/ru\/wp-json\/wp\/v2\/product_brand?post=42092"},{"taxonomy":"product_cat","embeddable":true,"href":"https:\/\/www.joma-orhei.md\/ru\/wp-json\/wp\/v2\/product_cat?post=42092"},{"taxonomy":"product_tag","embeddable":true,"href":"https:\/\/www.joma-orhei.md\/ru\/wp-json\/wp\/v2\/product_tag?post=42092"}],"curies":[{"name":"wp","href":"https:\/\/api.w.org\/{rel}","templated":true}]}}