{"id":42084,"date":"2026-03-11T10:03:11","date_gmt":"2026-03-11T08:03:11","guid":{"rendered":"https:\/\/www.joma-orhei.md\/?post_type=product&#038;p=42084"},"modified":"2026-03-11T10:03:12","modified_gmt":"2026-03-11T08:03:12","slug":"muns2404tf-mundial-2404-royal-turf","status":"publish","type":"product","link":"https:\/\/www.joma-orhei.md\/ru\/product\/muns2404tf-mundial-2404-royal-turf\/","title":{"rendered":"MUNS2404TF -MUNDIAL 2404 ROYAL TURF"},"content":{"rendered":"<p><span dir=\"auto\">Pantofii de fotbal supremi pentru gazon artificial, pentru juc\u0103torii care doresc s\u0103 domine jocul cu stil \u0219i precizie. Acest design elegant \u0219i modern combin\u0103 confortul, durabilitatea \u0219i performan\u021ba pentru a v\u0103 duce jocul la nivelul urm\u0103tor.<\/span><\/p>\n<p><span dir=\"auto\">&#8211; Parte superioar\u0103 sintetic\u0103 pentru o uzur\u0103 u\u0219oar\u0103 \u0219i durabil\u0103<\/span><br \/>\n<span dir=\"auto\">&#8211; Talp\u0103 exterioar\u0103 TF (Turf) pentru trac\u021biune \u0219i stabilitate pe suprafe\u021be artificiale<\/span><br \/>\n<span dir=\"auto\">&#8211; Brant interior amortizat pentru confort \u0219i sus\u021binere maxime<\/span><br \/>\n<span dir=\"auto\">&#8211; \u00cenchidere cu \u0219ireturi pentru o potrivire sigur\u0103<\/span><br \/>\n<span dir=\"auto\">&#8211; Design elegant cu branding Joma pentru o not\u0103 de elegan\u021b\u0103 pe teren<\/span><\/p>\n<p><span dir=\"auto\">Recomandat juc\u0103torilor de fotbal de toate nivelurile care joac\u0103 pe suprafe\u021be de gazon artificial \u0219i caut\u0103 un pantof de \u00eenalt\u0103 calitate care ofer\u0103 at\u00e2t stil, c\u00e2t \u0219i performan\u021b\u0103. Indiferent dac\u0103 sunte\u021bi un juc\u0103tor ocazional sau un competitor serios, Joma Mundial 2404 TF MUNS2404TF v\u0103 va ridica cu siguran\u021b\u0103 nivelul jocului.<\/span><\/p>\n<p><span dir=\"auto\">Detalii suplimentare:<\/span><br \/>\n<span dir=\"auto\">&#8211; Disponibil \u00eentr-o gam\u0103 de m\u0103rimi pentru o potrivire perfect\u0103<\/span><br \/>\n<span dir=\"auto\">&#8211; Conceput at\u00e2t pentru b\u0103rba\u021bi, c\u00e2t \u0219i pentru femei<\/span><br \/>\n<span dir=\"auto\">&#8211; Ideal pentru sesiuni de antrenament, jocuri \u0219i toate tipurile de joc de fotbal<\/span><\/p>","protected":false},"excerpt":{"rendered":"<p><span dir=\"auto\">Pantofii de fotbal supremi pentru gazon artificial<\/span><\/p>","protected":false},"featured_media":42085,"template":"","meta":{"_themeisle_gutenberg_block_has_review":false},"product_brand":[370],"product_cat":[307,323,320],"product_tag":[],"class_list":{"0":"post-42084","1":"product","2":"type-product","3":"status-publish","4":"has-post-thumbnail","6":"product_brand-joma","7":"product_cat-barbati","8":"product_cat-ghete-pentru-fotbal","9":"product_cat-incaltaminte","10":"pa_marime-pantofi-378","11":"pa_marime-pantofi-379","12":"pa_marime-pantofi-380","13":"pa_marime-pantofi-400","15":"first","16":"instock","17":"shipping-taxable","18":"purchasable","19":"product-type-variable"},"_links":{"self":[{"href":"https:\/\/www.joma-orhei.md\/ru\/wp-json\/wp\/v2\/product\/42084","targetHints":{"allow":["GET"]}}],"collection":[{"href":"https:\/\/www.joma-orhei.md\/ru\/wp-json\/wp\/v2\/product"}],"about":[{"href":"https:\/\/www.joma-orhei.md\/ru\/wp-json\/wp\/v2\/types\/product"}],"wp:featuredmedia":[{"embeddable":true,"href":"https:\/\/www.joma-orhei.md\/ru\/wp-json\/wp\/v2\/media\/42085"}],"wp:attachment":[{"href":"https:\/\/www.joma-orhei.md\/ru\/wp-json\/wp\/v2\/media?parent=42084"}],"wp:term":[{"taxonomy":"product_brand","embeddable":true,"href":"https:\/\/www.joma-orhei.md\/ru\/wp-json\/wp\/v2\/product_brand?post=42084"},{"taxonomy":"product_cat","embeddable":true,"href":"https:\/\/www.joma-orhei.md\/ru\/wp-json\/wp\/v2\/product_cat?post=42084"},{"taxonomy":"product_tag","embeddable":true,"href":"https:\/\/www.joma-orhei.md\/ru\/wp-json\/wp\/v2\/product_tag?post=42084"}],"curies":[{"name":"wp","href":"https:\/\/api.w.org\/{rel}","templated":true}]}}