{"id":42080,"date":"2026-03-11T09:57:39","date_gmt":"2026-03-11T07:57:39","guid":{"rendered":"https:\/\/www.joma-orhei.md\/?post_type=product&#038;p=42080"},"modified":"2026-03-11T09:57:39","modified_gmt":"2026-03-11T07:57:39","slug":"muns2401tf-mundial-2401-black-turf","status":"publish","type":"product","link":"https:\/\/www.joma-orhei.md\/ru\/product\/muns2401tf-mundial-2401-black-turf\/","title":{"rendered":"MUNS2401TF -MUNDIAL 2401 BLACK TURF"},"content":{"rendered":"<p><span dir=\"auto\">Ghete de fotbal pentru gazon artificial (suprafe\u021be sintetice). Acest model unisex este alegerea ideal\u0103 dac\u0103 sunte\u021bi \u00een c\u0103utarea unor pantofi multifunc\u021bionali pentru apogeul jocului dumneavoastr\u0103 profesionist. Ideali at\u00e2t pentru meciuri, c\u00e2t \u0219i pentru sesiuni de antrenament.<\/span><\/p>\n<p><span dir=\"auto\">Designul este realizat dintr-o combina\u021bie de diferite materiale. Pielea din fa\u021b\u0103 \u0219i din spate este de \u00eenalt\u0103 calitate, rezistent\u0103 \u0219i flexibil\u0103, oferind un contact excelent cu mingea. Restul p\u0103r\u021bii superioare este fabricat\u0103 dintr-un material u\u0219or \u0219i respirabil. Perfora\u021biile VTS au fost inserate \u00een ambele materiale, \u00eembun\u0103t\u0103\u021bind ventila\u021bia transpira\u021biei. Limba este, de asemenea, fabricat\u0103 din material textil, optimiz\u00e2nd potrivirea \u0219i sus\u021binerea piciorului.\u00a0<\/span><\/p>\n<p><span dir=\"auto\">Include tehnologie PROTECTION \u00een v\u00e2rf \u0219i ranforsare din cauciuc cu func\u021bie de protec\u021bie.\u00a0<\/span><\/p>\n<p><span dir=\"auto\">Talpa intermediar\u0103 este fabricat\u0103 din phylon de \u00eenalt\u0103 calitate. Ofer\u0103 juc\u0103torului de fotbal stabilitate maxim\u0103 f\u0103r\u0103 a compromite flexibilitatea, deoarece materialul este sec\u021bionat pentru a se adapta mai bine mi\u0219c\u0103rilor piciorului. \u00cen acela\u0219i timp, prezint\u0103 un nivel bun de amortizare \u0219i reactivitate, combina\u021bia perfect\u0103 pentru un pantof de futsal versatil.\u00a0<\/span><\/p>\n<p><span dir=\"auto\">Talpa exterioar\u0103 este fabricat\u0103 din cauciuc DURABIL de \u00eenalt\u0103 calitate, cu rezisten\u021b\u0103 bun\u0103 la uzur\u0103 \u0219i aderen\u021b\u0103 la suprafa\u021b\u0103. Are o structur\u0103 cu crampoane multiple, care reduce presiunea piciorului \u0219i asigur\u0103 un suport bun.<\/span><\/p>","protected":false},"excerpt":{"rendered":"<p><span dir=\"auto\">Ghete de fotbal pentru gazon artificial (suprafe\u021be sintetice).<\/span><\/p>","protected":false},"featured_media":42081,"template":"","meta":{"_themeisle_gutenberg_block_has_review":false},"product_brand":[370],"product_cat":[307,323,320],"product_tag":[],"class_list":{"0":"post-42080","1":"product","2":"type-product","3":"status-publish","4":"has-post-thumbnail","6":"product_brand-joma","7":"product_cat-barbati","8":"product_cat-ghete-pentru-fotbal","9":"product_cat-incaltaminte","10":"pa_marime-pantofi-379","12":"first","13":"instock","14":"shipping-taxable","15":"purchasable","16":"product-type-variable"},"_links":{"self":[{"href":"https:\/\/www.joma-orhei.md\/ru\/wp-json\/wp\/v2\/product\/42080","targetHints":{"allow":["GET"]}}],"collection":[{"href":"https:\/\/www.joma-orhei.md\/ru\/wp-json\/wp\/v2\/product"}],"about":[{"href":"https:\/\/www.joma-orhei.md\/ru\/wp-json\/wp\/v2\/types\/product"}],"wp:featuredmedia":[{"embeddable":true,"href":"https:\/\/www.joma-orhei.md\/ru\/wp-json\/wp\/v2\/media\/42081"}],"wp:attachment":[{"href":"https:\/\/www.joma-orhei.md\/ru\/wp-json\/wp\/v2\/media?parent=42080"}],"wp:term":[{"taxonomy":"product_brand","embeddable":true,"href":"https:\/\/www.joma-orhei.md\/ru\/wp-json\/wp\/v2\/product_brand?post=42080"},{"taxonomy":"product_cat","embeddable":true,"href":"https:\/\/www.joma-orhei.md\/ru\/wp-json\/wp\/v2\/product_cat?post=42080"},{"taxonomy":"product_tag","embeddable":true,"href":"https:\/\/www.joma-orhei.md\/ru\/wp-json\/wp\/v2\/product_tag?post=42080"}],"curies":[{"name":"wp","href":"https:\/\/api.w.org\/{rel}","templated":true}]}}