{"id":42070,"date":"2026-03-11T09:52:34","date_gmt":"2026-03-11T07:52:34","guid":{"rendered":"https:\/\/www.joma-orhei.md\/?post_type=product&#038;p=42070"},"modified":"2026-03-11T09:52:34","modified_gmt":"2026-03-11T07:52:34","slug":"mejs2409tfv-megatron-jr-2409-lemon-fluor-turf","status":"publish","type":"product","link":"https:\/\/www.joma-orhei.md\/ru\/product\/mejs2409tfv-megatron-jr-2409-lemon-fluor-turf\/","title":{"rendered":"MEJS2409TFV -MEGATRON JR 2409 LEMON FLUOR TURF"},"content":{"rendered":"<p><strong><span dir=\"auto\">Ghete de fotbal pentru b\u0103ie\u021bi \u0219i fete. Un model clasic Joma pentru copii, special conceput pentru fotbal. Cu aceste pantofi versatili, orice spa\u021biu poate deveni un teren de fotbal. Partea superioar\u0103 este fabricat\u0103 din material sintetic de \u00eenalt\u0103 calitate \u0219i ofer\u0103 un contact excelent cu mingea. Mici perfora\u021bii au fost ad\u0103ugate pe ambele p\u0103r\u021bi ale p\u0103r\u021bii superioare pentru a ajuta la ventilarea transpira\u021biei, men\u021bin\u00e2nd picioarele micilor juc\u0103tori r\u0103coroase \u0219i uscate. Acestea au fost fabricate folosind tehnologia VTS. Talpa exterioar\u0103 din cauciuc DURABILITY de \u00eenalt\u0103 calitate este rezistent\u0103 la abraziune. P\u0103r\u021bile laterale sunt \u00eent\u0103rite cu tehnologia PROTECTION, protej\u00e2nd zona de impacturi \u0219i posibile r\u0103suciri. \u00cen plus, mi\u0219carea natural\u0103 a piciorului este garantat\u0103: liniile FLEXO ofer\u0103 o flexibilitate de neegalat.<\/span><\/strong><\/p>","protected":false},"excerpt":{"rendered":"<p><strong><span dir=\"auto\">Ghete de fotbal pentru b\u0103ie\u021bi \u0219i fete.<\/span><\/strong><\/p>","protected":false},"featured_media":42074,"template":"","meta":{"_themeisle_gutenberg_block_has_review":false},"product_brand":[370],"product_cat":[337,350,347],"product_tag":[],"class_list":{"0":"post-42070","1":"product","2":"type-product","3":"status-publish","4":"has-post-thumbnail","6":"product_brand-joma","7":"product_cat-copii","8":"product_cat-ghete-pentru-fotbal-incaltaminte-copii","9":"product_cat-incaltaminte-copii","10":"pa_marime-pantofi-415","11":"pa_marime-pantofi-416","12":"pa_marime-pantofi-410","13":"pa_marime-pantofi-411","14":"pa_marime-pantofi-412","16":"first","17":"instock","18":"shipping-taxable","19":"purchasable","20":"product-type-variable"},"_links":{"self":[{"href":"https:\/\/www.joma-orhei.md\/ru\/wp-json\/wp\/v2\/product\/42070","targetHints":{"allow":["GET"]}}],"collection":[{"href":"https:\/\/www.joma-orhei.md\/ru\/wp-json\/wp\/v2\/product"}],"about":[{"href":"https:\/\/www.joma-orhei.md\/ru\/wp-json\/wp\/v2\/types\/product"}],"wp:featuredmedia":[{"embeddable":true,"href":"https:\/\/www.joma-orhei.md\/ru\/wp-json\/wp\/v2\/media\/42074"}],"wp:attachment":[{"href":"https:\/\/www.joma-orhei.md\/ru\/wp-json\/wp\/v2\/media?parent=42070"}],"wp:term":[{"taxonomy":"product_brand","embeddable":true,"href":"https:\/\/www.joma-orhei.md\/ru\/wp-json\/wp\/v2\/product_brand?post=42070"},{"taxonomy":"product_cat","embeddable":true,"href":"https:\/\/www.joma-orhei.md\/ru\/wp-json\/wp\/v2\/product_cat?post=42070"},{"taxonomy":"product_tag","embeddable":true,"href":"https:\/\/www.joma-orhei.md\/ru\/wp-json\/wp\/v2\/product_tag?post=42070"}],"curies":[{"name":"wp","href":"https:\/\/api.w.org\/{rel}","templated":true}]}}