{"id":42061,"date":"2026-03-11T09:44:32","date_gmt":"2026-03-11T07:44:32","guid":{"rendered":"https:\/\/www.joma-orhei.md\/?post_type=product&#038;p=42061"},"modified":"2026-03-11T09:44:33","modified_gmt":"2026-03-11T07:44:33","slug":"mejs2401tfv-megatron-jr-2401-black-turf","status":"publish","type":"product","link":"https:\/\/www.joma-orhei.md\/ru\/product\/mejs2401tfv-megatron-jr-2401-black-turf\/","title":{"rendered":"MEJS2401TFV -MEGATRON JR 2401 BLACK TURF"},"content":{"rendered":"<p><span dir=\"auto\">Ghetele de fotbal pentru copii Joma MEGATRON MEJS2401TFV sunt potrivite pentru utilizare at\u00e2t pe terenuri de zgur\u0103, c\u00e2t \u0219i pe mochet\u0103. Acestea permit copiilor s\u0103 se simt\u0103 confortabil \u0219i s\u0103 ating\u0103 viteza maxim\u0103 \u00een timpul antrenamentului. Partea superioar\u0103 din piele sintetic\u0103 rezist\u0103 uzurii premature \u0219i abraziunii, asigur\u00e2nd un contact excelent cu mingea. Partea superioar\u0103 impermeabil\u0103 a ghetei permite jocul \u0219i antrenamentul \u00een orice vreme. Ghetele nu absorb umezeala \u0219i nu devin mai grele.\u00a0<\/span><\/p>\n<p><span dir=\"auto\">Talpa exterioar\u0103 este fabricat\u0103 din cauciuc DURABILITY. Materialul este rezistent la abraziune \u0219i ofer\u0103 o trac\u021biune excelent\u0103 pe teren. Modelul benzii de rulare cu crampoane multiple ofer\u0103 stabilitate suplimentar\u0103. Designul special al t\u0103lpii reduce presiunea asupra picioarelor \u0219i ofer\u0103 suport.<\/span><\/p>\n<p><strong><span dir=\"auto\">Scop<\/span><\/strong><\/p>\n<p><span dir=\"auto\">Ghetele de fotbal sunt concepute pentru copii. O gam\u0103 larg\u0103 de m\u0103rimi v\u0103 permite s\u0103 g\u0103si\u021bi ghete pentru copii de toate v\u00e2rstele. Ghetele sunt concepute pentru a fi utilizate at\u00e2t pe terenuri de zgur\u0103, c\u00e2t \u0219i pe covor.<\/span><\/p>\n<p><strong><span dir=\"auto\">Avantaje:<\/span><\/strong><\/p>\n<ul>\n<li><span dir=\"auto\">Material rezistent al talpei.<\/span><\/li>\n<li><span dir=\"auto\">Parte superioar\u0103 impermeabil\u0103.<\/span><\/li>\n<li><span dir=\"auto\">Band\u0103 de rulare cu mai multe crampoane.<\/span><\/li>\n<li><span dir=\"auto\">Design luminos.<\/span><\/li>\n<\/ul>","protected":false},"excerpt":{"rendered":"<p><span dir=\"auto\">Ghetele de fotbal pentru copii.<\/span><\/p>","protected":false},"featured_media":42062,"template":"","meta":{"_themeisle_gutenberg_block_has_review":false},"product_brand":[370],"product_cat":[337,350,347],"product_tag":[],"class_list":{"0":"post-42061","1":"product","2":"type-product","3":"status-publish","4":"has-post-thumbnail","6":"product_brand-joma","7":"product_cat-copii","8":"product_cat-ghete-pentru-fotbal-incaltaminte-copii","9":"product_cat-incaltaminte-copii","10":"pa_marime-pantofi-415","11":"pa_marime-pantofi-416","12":"pa_marime-pantofi-410","13":"pa_marime-pantofi-411","14":"pa_marime-pantofi-412","16":"first","17":"instock","18":"shipping-taxable","19":"purchasable","20":"product-type-variable"},"_links":{"self":[{"href":"https:\/\/www.joma-orhei.md\/ru\/wp-json\/wp\/v2\/product\/42061","targetHints":{"allow":["GET"]}}],"collection":[{"href":"https:\/\/www.joma-orhei.md\/ru\/wp-json\/wp\/v2\/product"}],"about":[{"href":"https:\/\/www.joma-orhei.md\/ru\/wp-json\/wp\/v2\/types\/product"}],"wp:featuredmedia":[{"embeddable":true,"href":"https:\/\/www.joma-orhei.md\/ru\/wp-json\/wp\/v2\/media\/42062"}],"wp:attachment":[{"href":"https:\/\/www.joma-orhei.md\/ru\/wp-json\/wp\/v2\/media?parent=42061"}],"wp:term":[{"taxonomy":"product_brand","embeddable":true,"href":"https:\/\/www.joma-orhei.md\/ru\/wp-json\/wp\/v2\/product_brand?post=42061"},{"taxonomy":"product_cat","embeddable":true,"href":"https:\/\/www.joma-orhei.md\/ru\/wp-json\/wp\/v2\/product_cat?post=42061"},{"taxonomy":"product_tag","embeddable":true,"href":"https:\/\/www.joma-orhei.md\/ru\/wp-json\/wp\/v2\/product_tag?post=42061"}],"curies":[{"name":"wp","href":"https:\/\/api.w.org\/{rel}","templated":true}]}}