{"id":42052,"date":"2026-03-11T09:19:56","date_gmt":"2026-03-11T07:19:56","guid":{"rendered":"https:\/\/www.joma-orhei.md\/?post_type=product&#038;p=42052"},"modified":"2026-03-11T09:20:45","modified_gmt":"2026-03-11T07:20:45","slug":"maxs2401tf-maxima-2401-black-green-turf","status":"publish","type":"product","link":"https:\/\/www.joma-orhei.md\/ru\/product\/maxs2401tf-maxima-2401-black-green-turf\/","title":{"rendered":"MAXS2401TF -MAXIMA 2401 BLACK GREEN TURF"},"content":{"rendered":"<p><span dir=\"auto\">Ghete de fotbal pentru gazon artificial. Recomandate pentru \u00eencep\u0103tori \u0219i juc\u0103tori amatori de futsal. Un model unisex accesibil, fabricat din materiale u\u0219oare \u0219i durabile. Un pantof versatil \u0219i foarte confortabil pentru antrenamente \u0219i meciuri.<\/span><\/p>\n<p><span dir=\"auto\">Designul este fabricat \u00een principal din PVC u\u0219or \u0219i durabil. Pentru a optimiza ventila\u021bia transpira\u021biei, au fost aplicate mici perfora\u021bii VTS pentru a \u00eembun\u0103t\u0103\u021bi fluxul de aer, permi\u021b\u00e2nd piciorului s\u0103 men\u021bin\u0103 o temperatur\u0103 constant\u0103. Zona gleznei \u0219i limba sunt prev\u0103zute cu c\u0103ptu\u0219eal\u0103 din material textil pentru o potrivire \u0219i un confort perfecte. Sistemul de \u00een\u0219iretare PERFECT FIT men\u021bine piciorul fixat \u00een permanen\u021b\u0103.<\/span><\/p>\n<p><span dir=\"auto\">Include o protec\u021bie pentru v\u00e2rful piciorului pentru a proteja zona de impact. Fabricat din cauciuc.<\/span><\/p>\n<p><span dir=\"auto\">Talpa este fabricat\u0103 dintr-o singur\u0103 bucat\u0103 de cauciuc DURABIL. Calitate \u00eenalt\u0103, rezisten\u021b\u0103 bun\u0103 la abraziune \u0219i aderen\u021b\u0103 excelent\u0103. Structura sa cu crampoane multiple reduce presiunea asupra piciorului, asigur\u00e2nd un suport bun<\/span><\/p>\n<p><span dir=\"auto\"> Recomandate pentru \u00eencep\u0103tori \u0219i juc\u0103tori amatori de futsal. Un model unisex accesibil, fabricat din materiale u\u0219oare \u0219i durabile. Un pantof versatil \u0219i foarte confortabil pentru antrenamente \u0219i meciuri.<\/span><\/p>\n<p><span dir=\"auto\">Designul este fabricat \u00een principal din PVC u\u0219or \u0219i durabil. Pentru a optimiza ventila\u021bia transpira\u021biei, au fost aplicate mici perfora\u021bii VTS pentru a \u00eembun\u0103t\u0103\u021bi fluxul de aer, permi\u021b\u00e2nd piciorului s\u0103 men\u021bin\u0103 o temperatur\u0103 constant\u0103. Zona gleznei \u0219i limba sunt prev\u0103zute cu c\u0103ptu\u0219eal\u0103 din material textil pentru o potrivire \u0219i un confort perfecte. Sistemul de \u00een\u0219iretare PERFECT FIT men\u021bine piciorul fixat \u00een permanen\u021b\u0103.<\/span><\/p>\n<p><span dir=\"auto\">Include o protec\u021bie pentru v\u00e2rful piciorului pentru a proteja zona de impact. Fabricat din cauciuc.<\/span><\/p>\n<p><span dir=\"auto\">Talpa este fabricat\u0103 dintr-o singur\u0103 bucat\u0103 de cauciuc DURABIL. Calitate \u00eenalt\u0103, rezisten\u021b\u0103 bun\u0103 la abraziune \u0219i aderen\u021b\u0103 excelent\u0103. Structura sa cu crampoane multiple reduce presiunea asupra piciorului, asigur\u00e2nd un suport bun<\/span><\/p>","protected":false},"excerpt":{"rendered":"<p><span dir=\"auto\">Ghete de fotbal pentru gazon artificial.\u00a0<\/span><\/p>","protected":false},"featured_media":42054,"template":"","meta":{"_themeisle_gutenberg_block_has_review":false},"product_brand":[370],"product_cat":[307,323,320],"product_tag":[],"class_list":{"0":"post-42052","1":"product","2":"type-product","3":"status-publish","4":"has-post-thumbnail","6":"product_brand-joma","7":"product_cat-barbati","8":"product_cat-ghete-pentru-fotbal","9":"product_cat-incaltaminte","10":"pa_marime-pantofi-379","11":"pa_marime-pantofi-400","13":"first","14":"instock","15":"shipping-taxable","16":"purchasable","17":"product-type-variable"},"_links":{"self":[{"href":"https:\/\/www.joma-orhei.md\/ru\/wp-json\/wp\/v2\/product\/42052","targetHints":{"allow":["GET"]}}],"collection":[{"href":"https:\/\/www.joma-orhei.md\/ru\/wp-json\/wp\/v2\/product"}],"about":[{"href":"https:\/\/www.joma-orhei.md\/ru\/wp-json\/wp\/v2\/types\/product"}],"wp:featuredmedia":[{"embeddable":true,"href":"https:\/\/www.joma-orhei.md\/ru\/wp-json\/wp\/v2\/media\/42054"}],"wp:attachment":[{"href":"https:\/\/www.joma-orhei.md\/ru\/wp-json\/wp\/v2\/media?parent=42052"}],"wp:term":[{"taxonomy":"product_brand","embeddable":true,"href":"https:\/\/www.joma-orhei.md\/ru\/wp-json\/wp\/v2\/product_brand?post=42052"},{"taxonomy":"product_cat","embeddable":true,"href":"https:\/\/www.joma-orhei.md\/ru\/wp-json\/wp\/v2\/product_cat?post=42052"},{"taxonomy":"product_tag","embeddable":true,"href":"https:\/\/www.joma-orhei.md\/ru\/wp-json\/wp\/v2\/product_tag?post=42052"}],"curies":[{"name":"wp","href":"https:\/\/api.w.org\/{rel}","templated":true}]}}