{"id":42044,"date":"2026-03-11T09:07:11","date_gmt":"2026-03-11T07:07:11","guid":{"rendered":"https:\/\/www.joma-orhei.md\/?post_type=product&#038;p=42044"},"modified":"2026-03-11T09:10:05","modified_gmt":"2026-03-11T07:10:05","slug":"maxs2303tf-maxima-2301-black-orange-turf","status":"publish","type":"product","link":"https:\/\/www.joma-orhei.md\/ru\/product\/maxs2303tf-maxima-2301-black-orange-turf\/","title":{"rendered":"MAXS2301TF -MAXIMA 2301 BLACK ORANGE TURF"},"content":{"rendered":"<p><span dir=\"auto\">Aceste ghete de fotbal cu croial\u0103 clasic\u0103 sunt fabricate din materiale de ultim\u0103 genera\u021bie \u0219i sunt potrivite pentru jocul pe teren ferm (FG), cum ar fi iarba natural\u0103 ferm\u0103.<\/span><br \/>\n<span dir=\"auto\">Dac\u0103 controlul mingii este prioritatea ta, du-o la nivelul urm\u0103tor cu aceste ghete de fotbal. \u00cenfrunt\u0103 fiecare nou\u0103 provocare cu elegan\u021b\u0103 \u0219i stil.<\/span><br \/>\n<span dir=\"auto\">Partea superioar\u0103 este fabricat\u0103 din material sintetic durabil, de \u00eenalt\u0103 calitate, conceput pentru performan\u021b\u0103 de lung\u0103 durat\u0103. Acestea \u00eembun\u0103t\u0103\u021besc atingerea si reactia.<\/span><\/p>","protected":false},"excerpt":{"rendered":"<p>Ghete de fotbal.<\/p>","protected":false},"featured_media":42051,"template":"","meta":{"_themeisle_gutenberg_block_has_review":false},"product_brand":[370],"product_cat":[307,323],"product_tag":[],"class_list":{"0":"post-42044","1":"product","2":"type-product","3":"status-publish","4":"has-post-thumbnail","6":"product_brand-joma","7":"product_cat-barbati","8":"product_cat-ghete-pentru-fotbal","9":"pa_marime-pantofi-400","10":"pa_marime-pantofi-414","12":"first","13":"instock","14":"shipping-taxable","15":"purchasable","16":"product-type-variable"},"_links":{"self":[{"href":"https:\/\/www.joma-orhei.md\/ru\/wp-json\/wp\/v2\/product\/42044","targetHints":{"allow":["GET"]}}],"collection":[{"href":"https:\/\/www.joma-orhei.md\/ru\/wp-json\/wp\/v2\/product"}],"about":[{"href":"https:\/\/www.joma-orhei.md\/ru\/wp-json\/wp\/v2\/types\/product"}],"wp:featuredmedia":[{"embeddable":true,"href":"https:\/\/www.joma-orhei.md\/ru\/wp-json\/wp\/v2\/media\/42051"}],"wp:attachment":[{"href":"https:\/\/www.joma-orhei.md\/ru\/wp-json\/wp\/v2\/media?parent=42044"}],"wp:term":[{"taxonomy":"product_brand","embeddable":true,"href":"https:\/\/www.joma-orhei.md\/ru\/wp-json\/wp\/v2\/product_brand?post=42044"},{"taxonomy":"product_cat","embeddable":true,"href":"https:\/\/www.joma-orhei.md\/ru\/wp-json\/wp\/v2\/product_cat?post=42044"},{"taxonomy":"product_tag","embeddable":true,"href":"https:\/\/www.joma-orhei.md\/ru\/wp-json\/wp\/v2\/product_tag?post=42044"}],"curies":[{"name":"wp","href":"https:\/\/api.w.org\/{rel}","templated":true}]}}