{"id":42038,"date":"2026-03-10T21:36:45","date_gmt":"2026-03-10T19:36:45","guid":{"rendered":"https:\/\/www.joma-orhei.md\/?post_type=product&#038;p=42038"},"modified":"2026-03-18T20:52:56","modified_gmt":"2026-03-18T18:52:56","slug":"jvits2113-vitaly-jr-2113-pink-navy","status":"publish","type":"product","link":"https:\/\/www.joma-orhei.md\/ru\/product\/jvits2113-vitaly-jr-2113-pink-navy\/","title":{"rendered":"JVITS2113 -VITALY JR 2113 PINK NAVY"},"content":{"rendered":"<p>Adidasi neutri conceputi pentru fete care sunt noi la alergare. Nu vei uita niciodat\u0103 adidasii cu care ai alergat primii t\u0103i kilometri. Cu t\u0103ietur\u0103 din nailon respirabil \u0219i micro PU \u0219i bran\u021b EVA neted. Bran\u021bul este realizat \u00een Texon; talpa intermediar\u0103 este realizat\u0103 dintr-o singur\u0103 bucat\u0103 de filon, sec\u021bionat\u0103 pentru a favoriza adaptarea la teren, iar talpa este din cauciuc de abraziune DIN-90.<\/p>","protected":false},"excerpt":{"rendered":"<p>Adidasi neutri conceputi pentru fete care sunt noi la alergare.<\/p>","protected":false},"featured_media":42040,"template":"","meta":{"_themeisle_gutenberg_block_has_review":false},"product_brand":[370],"product_cat":[348,337,347],"product_tag":[],"class_list":{"0":"post-42038","1":"product","2":"type-product","3":"status-publish","4":"has-post-thumbnail","6":"product_brand-joma","7":"product_cat-adidasi-incaltaminte-copii","8":"product_cat-copii","9":"product_cat-incaltaminte-copii","10":"pa_marime-pantofi-412","11":"pa_marime-pantofi-413","13":"first","14":"instock","15":"shipping-taxable","16":"purchasable","17":"product-type-variable"},"_links":{"self":[{"href":"https:\/\/www.joma-orhei.md\/ru\/wp-json\/wp\/v2\/product\/42038","targetHints":{"allow":["GET"]}}],"collection":[{"href":"https:\/\/www.joma-orhei.md\/ru\/wp-json\/wp\/v2\/product"}],"about":[{"href":"https:\/\/www.joma-orhei.md\/ru\/wp-json\/wp\/v2\/types\/product"}],"wp:featuredmedia":[{"embeddable":true,"href":"https:\/\/www.joma-orhei.md\/ru\/wp-json\/wp\/v2\/media\/42040"}],"wp:attachment":[{"href":"https:\/\/www.joma-orhei.md\/ru\/wp-json\/wp\/v2\/media?parent=42038"}],"wp:term":[{"taxonomy":"product_brand","embeddable":true,"href":"https:\/\/www.joma-orhei.md\/ru\/wp-json\/wp\/v2\/product_brand?post=42038"},{"taxonomy":"product_cat","embeddable":true,"href":"https:\/\/www.joma-orhei.md\/ru\/wp-json\/wp\/v2\/product_cat?post=42038"},{"taxonomy":"product_tag","embeddable":true,"href":"https:\/\/www.joma-orhei.md\/ru\/wp-json\/wp\/v2\/product_tag?post=42038"}],"curies":[{"name":"wp","href":"https:\/\/api.w.org\/{rel}","templated":true}]}}