{"id":42031,"date":"2026-03-10T21:30:00","date_gmt":"2026-03-10T19:30:00","guid":{"rendered":"https:\/\/www.joma-orhei.md\/?post_type=product&#038;p=42031"},"modified":"2026-03-18T20:53:10","modified_gmt":"2026-03-18T18:53:10","slug":"jvicts2333-j-victory-jr-2333-navy-pink","status":"publish","type":"product","link":"https:\/\/www.joma-orhei.md\/ru\/product\/jvicts2333-j-victory-jr-2333-navy-pink\/","title":{"rendered":"JVICTS2333 -J.VICTORY JR 2333 NAVY PINK"},"content":{"rendered":"<div class=\"elementor-element elementor-element-53ab11f elementor-widget elementor-widget-heading\" data-id=\"53ab11f\" data-element_type=\"widget\" data-widget_type=\"heading.default\">\n<div class=\"elementor-widget-container\"><span class=\"elementor-heading-title elementor-size-default\">Descrierea produsului<\/span><\/div>\n<\/div>\n<div class=\"elementor-element elementor-element-29065ae product_d_ro elementor-widget elementor-widget-text-editor\" data-id=\"29065ae\" data-element_type=\"widget\" data-widget_type=\"text-editor.default\">\n<div class=\"elementor-widget-container\">Pantofi de alergare pentru fete. The Victory sunt adida\u0219i dezvolta\u021bi pentru copiii care doresc s\u0103 \u00eenceap\u0103 s\u0103 alerge. Confortul, lejeritatea si durabilitatea ies in evidenta in acest model pentru utilizarea zilnica. Fa\u021b\u0103 realizat\u0103 din plas\u0103 u\u0219oar\u0103 \u0219i respirabil\u0103. Sistemul de perforare VTS permite evacuarea transpira\u021biei \u0219i men\u021bine piciorul la o temperatur\u0103 constant\u0103 \u00een orice moment. \u00cencorporeaz\u0103 sistemul de reglare termosigilat JOMA SPORTTECH, cu \u0219ireturi \u0219i \u00eenchidere cu velcro pentru o mai bun\u0103 sus\u021binere. PROTEC\u021aIE arm\u0103tur\u0103 termoetan\u0219at\u0103 pe v\u00e2rful degetului, care limiteaz\u0103 frecarea \u00een zon\u0103 \u0219i extinde durabilitatea pantofilor. Talpa intermediar\u0103 este realizat\u0103 din phylon. Acest material u\u0219or \u0219i flexibil absoarbe impactul \u0219i ofer\u0103 confort sub picioare. DURABILITATE talp\u0103 din cauciuc cu abraziune bun\u0103 \u0219i durabilitate ridicat\u0103.<\/div>\n<\/div>","protected":false},"excerpt":{"rendered":"<p>Pantofi de alergare pentru fete.<\/p>","protected":false},"featured_media":42033,"template":"","meta":{"_themeisle_gutenberg_block_has_review":false},"product_brand":[370],"product_cat":[348,337,347],"product_tag":[],"class_list":{"0":"post-42031","1":"product","2":"type-product","3":"status-publish","4":"has-post-thumbnail","6":"product_brand-joma","7":"product_cat-adidasi-incaltaminte-copii","8":"product_cat-copii","9":"product_cat-incaltaminte-copii","10":"pa_marime-pantofi-409","11":"pa_marime-pantofi-399","12":"pa_marime-pantofi-398","14":"first","15":"instock","16":"shipping-taxable","17":"purchasable","18":"product-type-variable"},"_links":{"self":[{"href":"https:\/\/www.joma-orhei.md\/ru\/wp-json\/wp\/v2\/product\/42031","targetHints":{"allow":["GET"]}}],"collection":[{"href":"https:\/\/www.joma-orhei.md\/ru\/wp-json\/wp\/v2\/product"}],"about":[{"href":"https:\/\/www.joma-orhei.md\/ru\/wp-json\/wp\/v2\/types\/product"}],"wp:featuredmedia":[{"embeddable":true,"href":"https:\/\/www.joma-orhei.md\/ru\/wp-json\/wp\/v2\/media\/42033"}],"wp:attachment":[{"href":"https:\/\/www.joma-orhei.md\/ru\/wp-json\/wp\/v2\/media?parent=42031"}],"wp:term":[{"taxonomy":"product_brand","embeddable":true,"href":"https:\/\/www.joma-orhei.md\/ru\/wp-json\/wp\/v2\/product_brand?post=42031"},{"taxonomy":"product_cat","embeddable":true,"href":"https:\/\/www.joma-orhei.md\/ru\/wp-json\/wp\/v2\/product_cat?post=42031"},{"taxonomy":"product_tag","embeddable":true,"href":"https:\/\/www.joma-orhei.md\/ru\/wp-json\/wp\/v2\/product_tag?post=42031"}],"curies":[{"name":"wp","href":"https:\/\/api.w.org\/{rel}","templated":true}]}}