{"id":41995,"date":"2026-03-10T20:01:39","date_gmt":"2026-03-10T18:01:39","guid":{"rendered":"https:\/\/www.joma-orhei.md\/?post_type=product&#038;p=41995"},"modified":"2026-03-10T20:01:40","modified_gmt":"2026-03-10T18:01:40","slug":"jrodiw2213-rodio-jr-2213-pink","status":"publish","type":"product","link":"https:\/\/www.joma-orhei.md\/ru\/product\/jrodiw2213-rodio-jr-2213-pink\/","title":{"rendered":"JRODIW2213 -RODIO JR 2213 PINK"},"content":{"rendered":"<p class=\"p_title\"><span dir=\"auto\">DESCRIERE:<\/span><\/p>\n<h2>\n<span dir=\"auto\">Parte superioar\u0103:<\/span><br \/>\n<span dir=\"auto\">Parte superioar\u0103 din plas\u0103 de nailon respirabil\u0103 cu TPU.<\/span><br \/>\n<span dir=\"auto\">Sistemul de ventila\u021bie VTS permite circula\u021bia aerului pentru a men\u021bine o temperatur\u0103 constant\u0103.<\/span><br \/>\n<span dir=\"auto\">\u00cenchidere cu \u0219ireturi.<\/span><br \/>\n<span dir=\"auto\">Limb\u0103 \u0219i c\u0103lc\u00e2i c\u0103ptuite pentru confort sporit. Talp\u0103<\/span><br \/>\n<span dir=\"auto\">intermediar\u0103:<\/span><br \/>\n<span dir=\"auto\">Brant interior neted din EVA.<\/span><br \/>\n<span dir=\"auto\">Brant interior din EVA natural de 2 mm, cusut pe partea superioar\u0103.<\/span><br \/>\n<span dir=\"auto\">Talp\u0103 intermediar\u0103 din spum\u0103 phylon spongioas\u0103, de \u00eenalt\u0103 calitate, dintr-o singur\u0103 bucat\u0103, pentru amortizare \u00eembun\u0103t\u0103\u021bit\u0103. Durabilitate a talpei:<\/span><br \/>\n<span dir=\"auto\">Talpa exterioar\u0103 din cauciuc<\/span><br \/>\n<span dir=\"auto\">ofer\u0103 durabilitate datorit\u0103 cauciucului de \u00eenalt\u0103 rezisten\u021b\u0103 care \u00eent\u00e2rzie uzura la abraziune, prelungind durata de via\u021b\u0103 a pantofului.<\/span><br \/>\n<span dir=\"auto\">Talp\u0103 exterioar\u0103 din cauciuc cu rezisten\u021b\u0103 la abraziune DIN-90.<\/span><\/h2>","protected":false},"excerpt":{"rendered":"<p>Adidasi pentru femei<\/p>","protected":false},"featured_media":41996,"template":"","meta":{"_themeisle_gutenberg_block_has_review":false},"product_brand":[370],"product_cat":[333,308,332],"product_tag":[],"class_list":{"0":"post-41995","1":"product","2":"type-product","3":"status-publish","4":"has-post-thumbnail","6":"product_brand-joma","7":"product_cat-adidasi-incaltaminte-femei","8":"product_cat-femei","9":"product_cat-incaltaminte-femei","10":"pa_marime-pantofi-372","12":"first","13":"instock","14":"shipping-taxable","15":"purchasable","16":"product-type-variable"},"_links":{"self":[{"href":"https:\/\/www.joma-orhei.md\/ru\/wp-json\/wp\/v2\/product\/41995","targetHints":{"allow":["GET"]}}],"collection":[{"href":"https:\/\/www.joma-orhei.md\/ru\/wp-json\/wp\/v2\/product"}],"about":[{"href":"https:\/\/www.joma-orhei.md\/ru\/wp-json\/wp\/v2\/types\/product"}],"wp:featuredmedia":[{"embeddable":true,"href":"https:\/\/www.joma-orhei.md\/ru\/wp-json\/wp\/v2\/media\/41996"}],"wp:attachment":[{"href":"https:\/\/www.joma-orhei.md\/ru\/wp-json\/wp\/v2\/media?parent=41995"}],"wp:term":[{"taxonomy":"product_brand","embeddable":true,"href":"https:\/\/www.joma-orhei.md\/ru\/wp-json\/wp\/v2\/product_brand?post=41995"},{"taxonomy":"product_cat","embeddable":true,"href":"https:\/\/www.joma-orhei.md\/ru\/wp-json\/wp\/v2\/product_cat?post=41995"},{"taxonomy":"product_tag","embeddable":true,"href":"https:\/\/www.joma-orhei.md\/ru\/wp-json\/wp\/v2\/product_tag?post=41995"}],"curies":[{"name":"wp","href":"https:\/\/api.w.org\/{rel}","templated":true}]}}