{"id":41986,"date":"2026-03-10T19:56:47","date_gmt":"2026-03-10T17:56:47","guid":{"rendered":"https:\/\/www.joma-orhei.md\/?post_type=product&#038;p=41986"},"modified":"2026-03-18T20:53:37","modified_gmt":"2026-03-18T18:53:37","slug":"jrifs2501v-rift-jr-2501-black","status":"publish","type":"product","link":"https:\/\/www.joma-orhei.md\/ru\/product\/jrifs2501v-rift-jr-2501-black\/","title":{"rendered":"JRIFS2501V -RIFT JR 2501 BLACK"},"content":{"rendered":"<div class=\"elementor-element elementor-element-53ab11f elementor-widget elementor-widget-heading\" data-id=\"53ab11f\" data-element_type=\"widget\" data-widget_type=\"heading.default\">\n<div class=\"elementor-widget-container\"><span class=\"elementor-heading-title elementor-size-default\">Descrierea produsului<\/span><\/div>\n<\/div>\n<div class=\"elementor-element elementor-element-29065ae product_d_ro elementor-widget elementor-widget-text-editor\" data-id=\"29065ae\" data-element_type=\"widget\" data-widget_type=\"text-editor.default\">\n<div class=\"elementor-widget-container\">Adidasi de alergare trail pentru baieti\/fete. Acest model este ideal pentru antrenament \u0219i plimb\u0103ri \u00een natur\u0103 la nivel introductiv. Ofer\u0103 confort \u0219i o bun\u0103 absorb\u021bie a \u0219ocurilor. Croiala este realizata prin combinarea plasei respirabile cu materiale sintetice pentru a oferi potrivire si sustinere, precum si protectie. Sistemul de ventila\u021bie VTS asigur\u0103 fluxul de aer \u0219i men\u021bine piciorul rece. Talpa intermediar\u0103 este realizat\u0103 din phylon pentru o amortizare excelent\u0103, lejeritate \u0219i confort. Talpa este realizat\u0103 din cauciuc durabil DURABILITY. Echipat cu crampoane pentru a prinde suprafe\u021bele neuniforme.<\/div>\n<\/div>","protected":false},"excerpt":{"rendered":"<p>Adidasi de alergare trail pentru baieti\/fete.<\/p>","protected":false},"featured_media":41988,"template":"","meta":{"_themeisle_gutenberg_block_has_review":false},"product_brand":[370],"product_cat":[348,337],"product_tag":[],"class_list":{"0":"post-41986","1":"product","2":"type-product","3":"status-publish","4":"has-post-thumbnail","6":"product_brand-joma","7":"product_cat-adidasi-incaltaminte-copii","8":"product_cat-copii","9":"pa_marime-pantofi-401","10":"pa_marime-pantofi-402","11":"pa_marime-pantofi-403","12":"pa_marime-pantofi-409","13":"pa_marime-pantofi-399","15":"first","16":"instock","17":"shipping-taxable","18":"purchasable","19":"product-type-variable"},"_links":{"self":[{"href":"https:\/\/www.joma-orhei.md\/ru\/wp-json\/wp\/v2\/product\/41986","targetHints":{"allow":["GET"]}}],"collection":[{"href":"https:\/\/www.joma-orhei.md\/ru\/wp-json\/wp\/v2\/product"}],"about":[{"href":"https:\/\/www.joma-orhei.md\/ru\/wp-json\/wp\/v2\/types\/product"}],"wp:featuredmedia":[{"embeddable":true,"href":"https:\/\/www.joma-orhei.md\/ru\/wp-json\/wp\/v2\/media\/41988"}],"wp:attachment":[{"href":"https:\/\/www.joma-orhei.md\/ru\/wp-json\/wp\/v2\/media?parent=41986"}],"wp:term":[{"taxonomy":"product_brand","embeddable":true,"href":"https:\/\/www.joma-orhei.md\/ru\/wp-json\/wp\/v2\/product_brand?post=41986"},{"taxonomy":"product_cat","embeddable":true,"href":"https:\/\/www.joma-orhei.md\/ru\/wp-json\/wp\/v2\/product_cat?post=41986"},{"taxonomy":"product_tag","embeddable":true,"href":"https:\/\/www.joma-orhei.md\/ru\/wp-json\/wp\/v2\/product_tag?post=41986"}],"curies":[{"name":"wp","href":"https:\/\/api.w.org\/{rel}","templated":true}]}}