{"id":41980,"date":"2026-03-10T19:51:27","date_gmt":"2026-03-10T17:51:27","guid":{"rendered":"https:\/\/www.joma-orhei.md\/?post_type=product&#038;p=41980"},"modified":"2026-03-10T19:51:27","modified_gmt":"2026-03-10T17:51:27","slug":"jr30s2408-jr30-jr-2408-orange","status":"publish","type":"product","link":"https:\/\/www.joma-orhei.md\/ru\/product\/jr30s2408-jr30-jr-2408-orange\/","title":{"rendered":"JR30S2408 -JR30 JR 2408 ORANGE"},"content":{"rendered":"<div class=\"product-description\">\n<p><span dir=\"auto\">Ideale pentru utilizarea zilnic\u0103 la \u0219coal\u0103, deoarece sunt foarte rezistente la pete \u0219i uzur\u0103. Pentru un confort sporit, talpa intermediar\u0103 din phylon este realizat\u0103 dintr-o singur\u0103 bucat\u0103, foarte rezistent\u0103, oferind echilibrul perfect \u00eentre absorb\u021bia \u0219ocurilor \u0219i stabilitate. \u00cenchiderea pantofilor pentru copii se face cu \u0219ireturi, iar talpa \u00eencorporeaz\u0103 tehnologie de durabilitate, foarte rezistent\u0103 la uzur\u0103 \u0219i cu o mare capacitate de a se adapta la teren accidentat, \u0219i tehnologie flexo, un sistem de linii flexibile care permite o mi\u0219care mai natural\u0103 a piciorului. Design \u00eent\u0103rit, at\u00e2t de popular pentru protec\u021bia \u0219i durabilitatea piciorului.<\/span><\/p>\n<\/div>\n<div class=\"product-features\">\n<ul>\n<li><span dir=\"auto\">Design VTS cu plas\u0103 respirabil\u0103<\/span><\/li>\n<li><span dir=\"auto\">design sportech cu sistem de ajustare termoizolant<\/span><\/li>\n<li><span dir=\"auto\">talp\u0103 intermediar\u0103 din phylon<\/span><\/li>\n<li><span dir=\"auto\">talp\u0103 din cauciuc rezistent\u0103<\/span><\/li>\n<li><span dir=\"auto\">intensitatea utiliz\u0103rii: antrenament<\/span><\/li>\n<li><span dir=\"auto\">intensitatea utiliz\u0103rii: zilnic\u0103<\/span><\/li>\n<li><span dir=\"auto\">performan\u021b\u0103: ini\u021biere<\/span><\/li>\n<\/ul>\n<\/div>","protected":false},"excerpt":{"rendered":"<p>Adidasi pentru copii.<\/p>","protected":false},"featured_media":41981,"template":"","meta":{"_themeisle_gutenberg_block_has_review":false},"product_brand":[370],"product_cat":[348,337,347],"product_tag":[],"class_list":{"0":"post-41980","1":"product","2":"type-product","3":"status-publish","4":"has-post-thumbnail","6":"product_brand-joma","7":"product_cat-adidasi-incaltaminte-copii","8":"product_cat-copii","9":"product_cat-incaltaminte-copii","10":"pa_marime-pantofi-398","11":"pa_marime-pantofi-372","12":"pa_marime-pantofi-374","13":"pa_marime-pantofi-375","15":"first","16":"instock","17":"shipping-taxable","18":"purchasable","19":"product-type-variable"},"_links":{"self":[{"href":"https:\/\/www.joma-orhei.md\/ru\/wp-json\/wp\/v2\/product\/41980","targetHints":{"allow":["GET"]}}],"collection":[{"href":"https:\/\/www.joma-orhei.md\/ru\/wp-json\/wp\/v2\/product"}],"about":[{"href":"https:\/\/www.joma-orhei.md\/ru\/wp-json\/wp\/v2\/types\/product"}],"wp:featuredmedia":[{"embeddable":true,"href":"https:\/\/www.joma-orhei.md\/ru\/wp-json\/wp\/v2\/media\/41981"}],"wp:attachment":[{"href":"https:\/\/www.joma-orhei.md\/ru\/wp-json\/wp\/v2\/media?parent=41980"}],"wp:term":[{"taxonomy":"product_brand","embeddable":true,"href":"https:\/\/www.joma-orhei.md\/ru\/wp-json\/wp\/v2\/product_brand?post=41980"},{"taxonomy":"product_cat","embeddable":true,"href":"https:\/\/www.joma-orhei.md\/ru\/wp-json\/wp\/v2\/product_cat?post=41980"},{"taxonomy":"product_tag","embeddable":true,"href":"https:\/\/www.joma-orhei.md\/ru\/wp-json\/wp\/v2\/product_tag?post=41980"}],"curies":[{"name":"wp","href":"https:\/\/api.w.org\/{rel}","templated":true}]}}