{"id":41964,"date":"2026-03-10T19:35:46","date_gmt":"2026-03-10T17:35:46","guid":{"rendered":"https:\/\/www.joma-orhei.md\/?post_type=product&#038;p=41964"},"modified":"2026-03-10T19:35:46","modified_gmt":"2026-03-10T17:35:46","slug":"jr111s2612v-cr-111-jr-2612-gray","status":"publish","type":"product","link":"https:\/\/www.joma-orhei.md\/ru\/product\/jr111s2612v-cr-111-jr-2612-gray\/","title":{"rendered":"JR111S2612V -CR 111 JR 2612 GRAY"},"content":{"rendered":"<p>Ace\u0219ti adidasi sport pentru b\u0103ie\u021bi\/fete de la Joma re\u00eenvie stilul retro at\u00e2t de popular \u00een acest moment. Partea superioar\u0103 este confec\u021bionat\u0103 din plas\u0103 respirabil\u0103 \u0219i piele \u00eentoars\u0103, oferind o potrivire confortabil\u0103 \u0219i personalizat\u0103, adaptat\u0103 nevoilor tale. Pielea sintetic\u0103 adaug\u0103 structur\u0103 \u0219i sus\u021binere p\u0103r\u021bii superioare. Sistemul de ventila\u021bie VTS asigur\u0103 evaporarea transpira\u021biei, men\u021bin\u00e2nd picioarele r\u0103coroase \u00een interiorul pantofului. De asemenea, dispun de o talp\u0103 intermediar\u0103 din phylon, un material u\u0219or care absoarbe impactul. Inser\u021biile de gel PULSOR sunt \u00eencorporate \u00een zonele care necesit\u0103 amortizare suplimentar\u0103. Este inclus\u0103 \u0219i o component\u0103 STABILIS, conceput\u0103 pentru a \u00eembun\u0103t\u0103\u021bi stabilitatea. \u00cen plus, talpa exterioar\u0103 din cauciuc DURABILITY \u00eencetine\u0219te uzura cauzat\u0103 de abraziune \u0219i prelunge\u0219te durata de via\u021b\u0103 a pantofului. Acest model ofer\u0103 un confort de neegalat pentru orice activitate.<\/p>","protected":false},"excerpt":{"rendered":"<p>adidasi pentru baieti\/fete.<\/p>","protected":false},"featured_media":41967,"template":"","meta":{"_themeisle_gutenberg_block_has_review":false},"product_brand":[370],"product_cat":[348,337,347],"product_tag":[],"class_list":{"0":"post-41964","1":"product","2":"type-product","3":"status-publish","4":"has-post-thumbnail","6":"product_brand-joma","7":"product_cat-adidasi-incaltaminte-copii","8":"product_cat-copii","9":"product_cat-incaltaminte-copii","10":"pa_marime-pantofi-411","11":"pa_marime-pantofi-413","12":"pa_marime-pantofi-401","13":"pa_marime-pantofi-402","14":"pa_marime-pantofi-403","15":"pa_marime-pantofi-409","16":"pa_marime-pantofi-399","17":"pa_marime-pantofi-398","19":"first","20":"instock","21":"shipping-taxable","22":"purchasable","23":"product-type-variable"},"_links":{"self":[{"href":"https:\/\/www.joma-orhei.md\/ru\/wp-json\/wp\/v2\/product\/41964","targetHints":{"allow":["GET"]}}],"collection":[{"href":"https:\/\/www.joma-orhei.md\/ru\/wp-json\/wp\/v2\/product"}],"about":[{"href":"https:\/\/www.joma-orhei.md\/ru\/wp-json\/wp\/v2\/types\/product"}],"wp:featuredmedia":[{"embeddable":true,"href":"https:\/\/www.joma-orhei.md\/ru\/wp-json\/wp\/v2\/media\/41967"}],"wp:attachment":[{"href":"https:\/\/www.joma-orhei.md\/ru\/wp-json\/wp\/v2\/media?parent=41964"}],"wp:term":[{"taxonomy":"product_brand","embeddable":true,"href":"https:\/\/www.joma-orhei.md\/ru\/wp-json\/wp\/v2\/product_brand?post=41964"},{"taxonomy":"product_cat","embeddable":true,"href":"https:\/\/www.joma-orhei.md\/ru\/wp-json\/wp\/v2\/product_cat?post=41964"},{"taxonomy":"product_tag","embeddable":true,"href":"https:\/\/www.joma-orhei.md\/ru\/wp-json\/wp\/v2\/product_tag?post=41964"}],"curies":[{"name":"wp","href":"https:\/\/api.w.org\/{rel}","templated":true}]}}