{"id":41953,"date":"2026-03-10T19:23:30","date_gmt":"2026-03-10T17:23:30","guid":{"rendered":"https:\/\/www.joma-orhei.md\/?post_type=product&#038;p=41953"},"modified":"2026-03-10T19:23:30","modified_gmt":"2026-03-10T17:23:30","slug":"jquitw2303v-navy-royal-aislatex","status":"publish","type":"product","link":"https:\/\/www.joma-orhei.md\/ru\/product\/jquitw2303v-navy-royal-aislatex\/","title":{"rendered":"JQUITW2303V -NAVY ROYAL AISLATEX"},"content":{"rendered":"<p>Pantofi de trekking pentru b\u0103ie\u021bi\/fete. Acest model conceput pentru copii este potrivit pentru terenuri de dificultate medie. Indiferent dac\u0103 plou\u0103 sau ninge, ace\u0219ti pantofi sport de munte impermeabili vor \u00eempiedica apa s\u0103 se infiltreze \u00een interior. \u00cen plus, sunt super robusti, av\u00e2nd tot ce au nevoie pentru mersul pe jos \u00een natur\u0103. Partea superioar\u0103 este fabricat\u0103 din mai multe materiale. Pe de o parte, materialul ripstop ofer\u0103 rezisten\u021ba \u0219i greutatea redus\u0103 de care au nevoie. Pe de alt\u0103 parte, piesele din piele \u00eentoars\u0103 adaug\u0103 fermitate p\u0103r\u021bii superioare \u0219i optimizeaz\u0103 potrivirea. Include tehnologia AISLATEX, o membran\u0103 respirabil\u0103 care respinge apa pentru a men\u021bine picioarele uscate \u0219i a re\u021bine greutatea pantofilor sport. Cu limb\u0103 textil\u0103, \u0219ireturi elastice \u0219i \u00eenchidere tactil\u0103 pentru o prindere de neegalat. Piesele de protec\u021bie PROTECTION previn impactul asupra degetelor de la picioare. Exist\u0103, de asemenea, dou\u0103 clapete pentru a ajuta la \u00eenc\u0103l\u021bare \u0219i desc\u0103l\u021bare. Talpa intermediar\u0103 este confec\u021bionat\u0103 din EVA+ u\u0219or \u0219i flexibil. Acest material elastic absoarbe puterea impactului atunci c\u00e2nd mergi pe teren tehnic. \u00cen acest fel, confortul copilului nu va fi redus. Talpa este fabricat\u0103 din cauciuc robust \u0219i durabil, cu un model de crampoane pe fa\u021b\u0103 pentru aderen\u021b\u0103 la urcare \u0219i un model pe spate pentru aderen\u021b\u0103 la cobor\u00e2re.<\/p>","protected":false},"excerpt":{"rendered":"<p>Pantofi de trekking pentru b\u0103ie\u021bi\/fete.<\/p>","protected":false},"featured_media":41954,"template":"","meta":{"_themeisle_gutenberg_block_has_review":false},"product_brand":[370],"product_cat":[337,353,347],"product_tag":[],"class_list":{"0":"post-41953","1":"product","2":"type-product","3":"status-publish","4":"has-post-thumbnail","6":"product_brand-joma","7":"product_cat-copii","8":"product_cat-de-iarna-incaltaminte-copii","9":"product_cat-incaltaminte-copii","10":"pa_marime-pantofi-402","11":"pa_marime-pantofi-403","12":"pa_marime-pantofi-409","13":"pa_marime-pantofi-399","14":"pa_marime-pantofi-398","15":"pa_marime-pantofi-372","16":"pa_marime-pantofi-373","17":"pa_marime-pantofi-374","19":"first","20":"instock","21":"shipping-taxable","22":"purchasable","23":"product-type-variable"},"_links":{"self":[{"href":"https:\/\/www.joma-orhei.md\/ru\/wp-json\/wp\/v2\/product\/41953","targetHints":{"allow":["GET"]}}],"collection":[{"href":"https:\/\/www.joma-orhei.md\/ru\/wp-json\/wp\/v2\/product"}],"about":[{"href":"https:\/\/www.joma-orhei.md\/ru\/wp-json\/wp\/v2\/types\/product"}],"wp:featuredmedia":[{"embeddable":true,"href":"https:\/\/www.joma-orhei.md\/ru\/wp-json\/wp\/v2\/media\/41954"}],"wp:attachment":[{"href":"https:\/\/www.joma-orhei.md\/ru\/wp-json\/wp\/v2\/media?parent=41953"}],"wp:term":[{"taxonomy":"product_brand","embeddable":true,"href":"https:\/\/www.joma-orhei.md\/ru\/wp-json\/wp\/v2\/product_brand?post=41953"},{"taxonomy":"product_cat","embeddable":true,"href":"https:\/\/www.joma-orhei.md\/ru\/wp-json\/wp\/v2\/product_cat?post=41953"},{"taxonomy":"product_tag","embeddable":true,"href":"https:\/\/www.joma-orhei.md\/ru\/wp-json\/wp\/v2\/product_tag?post=41953"}],"curies":[{"name":"wp","href":"https:\/\/api.w.org\/{rel}","templated":true}]}}