{"id":41941,"date":"2026-03-10T19:11:56","date_gmt":"2026-03-10T17:11:56","guid":{"rendered":"https:\/\/www.joma-orhei.md\/?post_type=product&#038;p=41941"},"modified":"2026-03-10T19:11:56","modified_gmt":"2026-03-10T17:11:56","slug":"jplas2511v-platea-low-jr-2511-white-lime","status":"publish","type":"product","link":"https:\/\/www.joma-orhei.md\/ru\/product\/jplas2511v-platea-low-jr-2511-white-lime\/","title":{"rendered":"JPLAS2511V -PLATEA LOW JR 2511 WHITE LIME"},"content":{"rendered":"<p data-start=\"0\" data-end=\"281\">P\u0103streaz\u0103 profilul s\u0103u caracteristic cu glezna joas\u0103, inspirat de \u00eenc\u0103l\u021b\u0103mintea de baschet \u0219i moda urban\u0103. Ace\u0219ti adida\u0219i de tip bocanc devin tot mai populari, remarc\u00e2ndu-se prin stilul lor inconfundabil \u0219i confortul excelent.<\/p>\n<p data-start=\"283\" data-end=\"603\">Partea superioar\u0103 este realizat\u0103 din material sintetic durabil, \u00eenso\u021bit\u0103 de detalii fine care ofer\u0103 o combina\u021bie \u00eentre confort \u0219i un aspect modern. Tehnologia VTS, ce const\u0103 \u00een incorporarea unor mici perfora\u021bii pe partea superioar\u0103 \u0219i pe laterale pentru a permite circula\u021bia aerului, asigur\u0103 respirabilitatea piciorului.<\/p>\n<p data-start=\"605\" data-end=\"689\">Partea care acoper\u0103 glezna este c\u0103ptu\u0219it\u0103 pentru a oferi o mi\u0219care mai confortabil\u0103.<\/p>\n<p data-start=\"691\" data-end=\"827\" data-is-last-node=\"\" data-is-only-node=\"\">Talpa este fabricat\u0103 din cauciuc DURABILITY, conceput s\u0103 reziste la zg\u00e2rieturi \u0219i uzur\u0103, prelungind astfel durata de via\u021b\u0103 a adida\u0219ilor.<\/p>","protected":false},"excerpt":{"rendered":"<p>Adidasi pentru copii.<\/p>","protected":false},"featured_media":41942,"template":"","meta":{"_themeisle_gutenberg_block_has_review":false},"product_brand":[370],"product_cat":[348],"product_tag":[],"class_list":{"0":"post-41941","1":"product","2":"type-product","3":"status-publish","4":"has-post-thumbnail","6":"product_brand-joma","7":"product_cat-adidasi-incaltaminte-copii","8":"pa_marime-pantofi-402","9":"pa_marime-pantofi-403","10":"pa_marime-pantofi-409","11":"pa_marime-pantofi-398","12":"pa_marime-pantofi-372","14":"first","15":"instock","16":"shipping-taxable","17":"purchasable","18":"product-type-variable"},"_links":{"self":[{"href":"https:\/\/www.joma-orhei.md\/ru\/wp-json\/wp\/v2\/product\/41941","targetHints":{"allow":["GET"]}}],"collection":[{"href":"https:\/\/www.joma-orhei.md\/ru\/wp-json\/wp\/v2\/product"}],"about":[{"href":"https:\/\/www.joma-orhei.md\/ru\/wp-json\/wp\/v2\/types\/product"}],"wp:featuredmedia":[{"embeddable":true,"href":"https:\/\/www.joma-orhei.md\/ru\/wp-json\/wp\/v2\/media\/41942"}],"wp:attachment":[{"href":"https:\/\/www.joma-orhei.md\/ru\/wp-json\/wp\/v2\/media?parent=41941"}],"wp:term":[{"taxonomy":"product_brand","embeddable":true,"href":"https:\/\/www.joma-orhei.md\/ru\/wp-json\/wp\/v2\/product_brand?post=41941"},{"taxonomy":"product_cat","embeddable":true,"href":"https:\/\/www.joma-orhei.md\/ru\/wp-json\/wp\/v2\/product_cat?post=41941"},{"taxonomy":"product_tag","embeddable":true,"href":"https:\/\/www.joma-orhei.md\/ru\/wp-json\/wp\/v2\/product_tag?post=41941"}],"curies":[{"name":"wp","href":"https:\/\/api.w.org\/{rel}","templated":true}]}}