{"id":41938,"date":"2026-03-10T19:05:00","date_gmt":"2026-03-10T17:05:00","guid":{"rendered":"https:\/\/www.joma-orhei.md\/?post_type=product&#038;p=41938"},"modified":"2026-03-10T19:05:01","modified_gmt":"2026-03-10T17:05:01","slug":"jplas2406v-platea-low-jr-2406-white-red","status":"publish","type":"product","link":"https:\/\/www.joma-orhei.md\/ru\/product\/jplas2406v-platea-low-jr-2406-white-red\/","title":{"rendered":"JPLAS2406V -PLATEA LOW JR 2406 WHITE RED"},"content":{"rendered":"<div class=\"elementor-element elementor-element-53ab11f elementor-widget elementor-widget-heading\" data-id=\"53ab11f\" data-element_type=\"widget\" data-widget_type=\"heading.default\">\n<div class=\"elementor-widget-container\"><span class=\"elementor-heading-title elementor-size-default\">Descrierea produsului<\/span><\/div>\n<\/div>\n<div class=\"elementor-element elementor-element-29065ae product_d_ro elementor-widget elementor-widget-text-editor\" data-id=\"29065ae\" data-element_type=\"widget\" data-widget_type=\"text-editor.default\">\n<div class=\"elementor-widget-container\">Combina\u021bia perfect\u0103 de stil \u0219i func\u021bionalitate pentru tinerii sportivi care sunt mereu \u00een mi\u0219care. Indiferent dac\u0103 ies pe teren sau ies cu prietenii, ace\u0219ti pantofi sport \u00eei vor men\u021bine s\u0103 arate cool \u0219i s\u0103 se simt\u0103 confortabil toat\u0103 ziua. \u2014 Construc\u021bie u\u0219oar\u0103 \u0219i respirabil\u0103 \u2014 Talp\u0103 exterioar\u0103 din cauciuc durabil\u0103 pentru trac\u021biune \u0219i stabilitate \u2014 Talp\u0103 c\u0103ptu\u0219it\u0103 pentru confort pe tot parcursul zilei \u2014 \u00cenchidere cu \u0219ireturi pentru o potrivire sigur\u0103 Recomandat\u0103 pentru tinerii sportivi care caut\u0103 un adida\u0219i versatil \u0219i elegant, care s\u0103 se potriveasc\u0103 stilului lor de via\u021b\u0103 activ. Informa\u021bii suplimentare: \u2014 Disponibil \u00eentr-o varietate de culori pentru a se potrivi oric\u0103rui stil \u2014 Ideal at\u00e2t pentru sport, c\u00e2t \u0219i pentru purtarea de zi cu zi \u2014 Proiectat pentru durabilitate \u0219i performan\u021b\u0103<\/div>\n<\/div>","protected":false},"excerpt":{"rendered":"<p>Adidasi pentru copii.<\/p>","protected":false},"featured_media":41939,"template":"","meta":{"_themeisle_gutenberg_block_has_review":false},"product_brand":[370],"product_cat":[348,337,347],"product_tag":[],"class_list":{"0":"post-41938","1":"product","2":"type-product","3":"status-publish","4":"has-post-thumbnail","6":"product_brand-joma","7":"product_cat-adidasi-incaltaminte-copii","8":"product_cat-copii","9":"product_cat-incaltaminte-copii","10":"pa_marime-pantofi-403","12":"first","13":"instock","14":"shipping-taxable","15":"purchasable","16":"product-type-variable"},"_links":{"self":[{"href":"https:\/\/www.joma-orhei.md\/ru\/wp-json\/wp\/v2\/product\/41938","targetHints":{"allow":["GET"]}}],"collection":[{"href":"https:\/\/www.joma-orhei.md\/ru\/wp-json\/wp\/v2\/product"}],"about":[{"href":"https:\/\/www.joma-orhei.md\/ru\/wp-json\/wp\/v2\/types\/product"}],"wp:featuredmedia":[{"embeddable":true,"href":"https:\/\/www.joma-orhei.md\/ru\/wp-json\/wp\/v2\/media\/41939"}],"wp:attachment":[{"href":"https:\/\/www.joma-orhei.md\/ru\/wp-json\/wp\/v2\/media?parent=41938"}],"wp:term":[{"taxonomy":"product_brand","embeddable":true,"href":"https:\/\/www.joma-orhei.md\/ru\/wp-json\/wp\/v2\/product_brand?post=41938"},{"taxonomy":"product_cat","embeddable":true,"href":"https:\/\/www.joma-orhei.md\/ru\/wp-json\/wp\/v2\/product_cat?post=41938"},{"taxonomy":"product_tag","embeddable":true,"href":"https:\/\/www.joma-orhei.md\/ru\/wp-json\/wp\/v2\/product_tag?post=41938"}],"curies":[{"name":"wp","href":"https:\/\/api.w.org\/{rel}","templated":true}]}}