{"id":41931,"date":"2026-03-10T18:56:23","date_gmt":"2026-03-10T16:56:23","guid":{"rendered":"https:\/\/www.joma-orhei.md\/?post_type=product&#038;p=41931"},"modified":"2026-03-10T18:56:23","modified_gmt":"2026-03-10T16:56:23","slug":"jpipew2503v-pipe-jr-2503-navy-blue-green","status":"publish","type":"product","link":"https:\/\/www.joma-orhei.md\/ru\/product\/jpipew2503v-pipe-jr-2503-navy-blue-green\/","title":{"rendered":"JPIPEW2503V -PIPE JR 2503 NAVY BLUE GREEN"},"content":{"rendered":"<div class=\"elementor-element elementor-element-53ab11f elementor-widget elementor-widget-heading\" data-id=\"53ab11f\" data-element_type=\"widget\" data-widget_type=\"heading.default\">\n<div class=\"elementor-widget-container\"><span class=\"elementor-heading-title elementor-size-default\">Descrierea produsului<\/span><\/div>\n<\/div>\n<div class=\"elementor-element elementor-element-29065ae product_d_ro elementor-widget elementor-widget-text-editor\" data-id=\"29065ae\" data-element_type=\"widget\" data-widget_type=\"text-editor.default\">\n<div class=\"elementor-widget-container\">Tenisi casual pentru copii. Partea superioar\u0103 este realizat\u0103 din material sintetic PU durabil, \u00eempreun\u0103 cu detalii minuscule care rezult\u0103 \u00eentr-o combina\u021bie de confort \u0219i modernitate. Am aplicat mici perfora\u021bii VTS \u00een zonele \u00een care este nevoie de flux de aer, \u00eembun\u0103t\u0103\u021bind ventila\u021bia transpira\u021biei, men\u021bin\u00e2nd piciorul rece. Acoperirea gleznei este c\u0103ptu\u0219it\u0103 pentru a oferi o mi\u0219care mai confortabil\u0103. Incorporeaza o inchidere dubla cu sireturi si o curea Velcro. Talpa este realizat\u0103 din cauciuc DURABILITY conceput\u0103 pentru a rezista la frecare \u0219i uzur\u0103. \u00cen acest fel, extinz\u00e2nd durabilitatea adida\u0219ilor.<\/div>\n<\/div>","protected":false},"excerpt":{"rendered":"<p>Tenisi casual pentru copii.<\/p>","protected":false},"featured_media":41932,"template":"","meta":{"_themeisle_gutenberg_block_has_review":false},"product_brand":[370],"product_cat":[348,337,347],"product_tag":[],"class_list":{"0":"post-41931","1":"product","2":"type-product","3":"status-publish","4":"has-post-thumbnail","6":"product_brand-joma","7":"product_cat-adidasi-incaltaminte-copii","8":"product_cat-copii","9":"product_cat-incaltaminte-copii","10":"pa_marime-pantofi-410","11":"pa_marime-pantofi-411","12":"pa_marime-pantofi-412","13":"pa_marime-pantofi-413","14":"pa_marime-pantofi-401","16":"first","17":"instock","18":"shipping-taxable","19":"purchasable","20":"product-type-variable"},"_links":{"self":[{"href":"https:\/\/www.joma-orhei.md\/ru\/wp-json\/wp\/v2\/product\/41931","targetHints":{"allow":["GET"]}}],"collection":[{"href":"https:\/\/www.joma-orhei.md\/ru\/wp-json\/wp\/v2\/product"}],"about":[{"href":"https:\/\/www.joma-orhei.md\/ru\/wp-json\/wp\/v2\/types\/product"}],"wp:featuredmedia":[{"embeddable":true,"href":"https:\/\/www.joma-orhei.md\/ru\/wp-json\/wp\/v2\/media\/41932"}],"wp:attachment":[{"href":"https:\/\/www.joma-orhei.md\/ru\/wp-json\/wp\/v2\/media?parent=41931"}],"wp:term":[{"taxonomy":"product_brand","embeddable":true,"href":"https:\/\/www.joma-orhei.md\/ru\/wp-json\/wp\/v2\/product_brand?post=41931"},{"taxonomy":"product_cat","embeddable":true,"href":"https:\/\/www.joma-orhei.md\/ru\/wp-json\/wp\/v2\/product_cat?post=41931"},{"taxonomy":"product_tag","embeddable":true,"href":"https:\/\/www.joma-orhei.md\/ru\/wp-json\/wp\/v2\/product_tag?post=41931"}],"curies":[{"name":"wp","href":"https:\/\/api.w.org\/{rel}","templated":true}]}}