{"id":41921,"date":"2026-03-10T18:51:01","date_gmt":"2026-03-10T16:51:01","guid":{"rendered":"https:\/\/www.joma-orhei.md\/?post_type=product&#038;p=41921"},"modified":"2026-03-10T18:51:01","modified_gmt":"2026-03-10T16:51:01","slug":"jpipes2503v-pipe-jr-2503-white-navy","status":"publish","type":"product","link":"https:\/\/www.joma-orhei.md\/ru\/product\/jpipes2503v-pipe-jr-2503-white-navy\/","title":{"rendered":"JPIPES2503V -PIPE JR 2503 WHITE NAVY"},"content":{"rendered":"<h2><span dir=\"auto\">Descriere<\/span><\/h2>\n<div class=\"Textcollapse\">\n<p><span dir=\"auto\">Pantofi sport pentru b\u0103ie\u021bi \u0219i fete. Alegerea perfect\u0103 pentru a-i \u00eenso\u021bi pe cei mici \u00een toate activit\u0103\u021bile lor zilnice.<\/span><\/p>\n<p><span dir=\"auto\">Partea superioar\u0103 este confec\u021bionat\u0103 din piele sintetic\u0103, ceea ce garanteaz\u0103 o durabilitate excelent\u0103, prelungindu-i astfel durata de via\u021b\u0103. Ace\u0219ti pantofi sport sunt dotati cu sistemul inovator de ventila\u021bie VTS, care \u00eembun\u0103t\u0103\u021be\u0219te circula\u021bia aerului, men\u021bin\u00e2nd picioarele proaspete \u0219i uscate pe tot parcursul zilei.<\/span><\/p>\n<p><span dir=\"auto\">De asemenea, \u00eencorporeaz\u0103 o \u00eenchidere cu dantel\u0103 \u0219i o curea cu velcro, care ofer\u0103 o potrivire sigur\u0103 \u0219i practic\u0103, ad\u0103ug\u00e2nd o not\u0103 suplimentar\u0103 de func\u021bionalitate.<\/span><\/p>\n<p><span dir=\"auto\">Talpa exterioar\u0103, fabricat\u0103 din cauciuc DURABILITY, ofer\u0103 rezisten\u021b\u0103 \u0219i aderen\u021b\u0103 excelent\u0103 pe orice suprafa\u021b\u0103, asigur\u00e2nd siguran\u021b\u0103 \u0219i stabilitate \u00een timpul activit\u0103\u021bilor zilnice.<\/span><\/p>\n<\/div>","protected":false},"excerpt":{"rendered":"<p><span dir=\"auto\">Pantofi sport pentru b\u0103ie\u021bi \u0219i fete. <\/span><\/p>","protected":false},"featured_media":41924,"template":"","meta":{"_themeisle_gutenberg_block_has_review":false},"product_brand":[370],"product_cat":[348,337,347],"product_tag":[],"class_list":{"0":"post-41921","1":"product","2":"type-product","3":"status-publish","4":"has-post-thumbnail","6":"product_brand-joma","7":"product_cat-adidasi-incaltaminte-copii","8":"product_cat-copii","9":"product_cat-incaltaminte-copii","10":"pa_marime-pantofi-411","11":"pa_marime-pantofi-412","12":"pa_marime-pantofi-413","13":"pa_marime-pantofi-401","14":"pa_marime-pantofi-402","15":"pa_marime-pantofi-403","17":"first","18":"instock","19":"shipping-taxable","20":"purchasable","21":"product-type-variable"},"_links":{"self":[{"href":"https:\/\/www.joma-orhei.md\/ru\/wp-json\/wp\/v2\/product\/41921","targetHints":{"allow":["GET"]}}],"collection":[{"href":"https:\/\/www.joma-orhei.md\/ru\/wp-json\/wp\/v2\/product"}],"about":[{"href":"https:\/\/www.joma-orhei.md\/ru\/wp-json\/wp\/v2\/types\/product"}],"wp:featuredmedia":[{"embeddable":true,"href":"https:\/\/www.joma-orhei.md\/ru\/wp-json\/wp\/v2\/media\/41924"}],"wp:attachment":[{"href":"https:\/\/www.joma-orhei.md\/ru\/wp-json\/wp\/v2\/media?parent=41921"}],"wp:term":[{"taxonomy":"product_brand","embeddable":true,"href":"https:\/\/www.joma-orhei.md\/ru\/wp-json\/wp\/v2\/product_brand?post=41921"},{"taxonomy":"product_cat","embeddable":true,"href":"https:\/\/www.joma-orhei.md\/ru\/wp-json\/wp\/v2\/product_cat?post=41921"},{"taxonomy":"product_tag","embeddable":true,"href":"https:\/\/www.joma-orhei.md\/ru\/wp-json\/wp\/v2\/product_tag?post=41921"}],"curies":[{"name":"wp","href":"https:\/\/api.w.org\/{rel}","templated":true}]}}