{"id":41878,"date":"2026-03-10T15:23:42","date_gmt":"2026-03-10T13:23:42","guid":{"rendered":"https:\/\/www.joma-orhei.md\/?post_type=product&#038;p=41878"},"modified":"2026-03-10T15:23:42","modified_gmt":"2026-03-10T13:23:42","slug":"jflexs2626v-flexy-jr-2626-beige-navy-blue","status":"publish","type":"product","link":"https:\/\/www.joma-orhei.md\/ru\/product\/jflexs2626v-flexy-jr-2626-beige-navy-blue\/","title":{"rendered":"JFLEXS2626V -FLEXY JR 2626 BEIGE NAVY BLUE"},"content":{"rendered":"<div class=\"elementor-element elementor-element-53ab11f elementor-widget elementor-widget-heading\" data-id=\"53ab11f\" data-element_type=\"widget\" data-widget_type=\"heading.default\">\n<div class=\"elementor-widget-container\"><span class=\"elementor-heading-title elementor-size-default\">Descrierea produsului<\/span><\/div>\n<\/div>\n<div class=\"elementor-element elementor-element-29065ae product_d_ro elementor-widget elementor-widget-text-editor\" data-id=\"29065ae\" data-element_type=\"widget\" data-widget_type=\"text-editor.default\">\n<div class=\"elementor-widget-container\">\u00cenc\u0103l\u021b\u0103minte sport pentru b\u0103ie\u021bi \u0219i fete. Flexys este versiunea pentru copii a emblematicului pantof de fotbal de sal\u0103 Top Flex, un clasic \u00eenc\u0103 din anii \u201990. Folosi\u021bi de juc\u0103torii de fotbal de elit\u0103 pe terenurile de sal\u0103, ace\u0219tia au fost acum actualiza\u021bi pentru a oferi confortul de care cei mici au nevoie \u00een fiecare zi.Partea superioar\u0103 este fabricat\u0103 din microfibr\u0103, un material u\u0219or, flexibil \u0219i durabil. Pentru a optimiza ventila\u021bia transpira\u021biei, am ad\u0103ugat sistemul de perfora\u021bii VTS \u00een zone strategice. Aceste perfora\u021bii permit evacuarea transpira\u021biei, men\u021bin\u00e2nd picioarele r\u0103coroase \u00een permanen\u021b\u0103.DURABILITATE talp\u0103 din cauciuc, u\u0219oar\u0103 \u0219i foarte rezistent\u0103 la abraziune.<\/div>\n<\/div>","protected":false},"excerpt":{"rendered":"<p>\u00cenc\u0103l\u021b\u0103minte sport pentru b\u0103ie\u021bi \u0219i fete.<\/p>","protected":false},"featured_media":41881,"template":"","meta":{"_themeisle_gutenberg_block_has_review":false},"product_brand":[370],"product_cat":[348,337,347],"product_tag":[],"class_list":{"0":"post-41878","1":"product","2":"type-product","3":"status-publish","4":"has-post-thumbnail","6":"product_brand-joma","7":"product_cat-adidasi-incaltaminte-copii","8":"product_cat-copii","9":"product_cat-incaltaminte-copii","10":"pa_marime-pantofi-411","11":"pa_marime-pantofi-412","12":"pa_marime-pantofi-413","13":"pa_marime-pantofi-401","14":"pa_marime-pantofi-402","15":"pa_marime-pantofi-403","16":"pa_marime-pantofi-409","17":"pa_marime-pantofi-399","18":"pa_marime-pantofi-398","20":"first","21":"instock","22":"shipping-taxable","23":"purchasable","24":"product-type-variable"},"_links":{"self":[{"href":"https:\/\/www.joma-orhei.md\/ru\/wp-json\/wp\/v2\/product\/41878","targetHints":{"allow":["GET"]}}],"collection":[{"href":"https:\/\/www.joma-orhei.md\/ru\/wp-json\/wp\/v2\/product"}],"about":[{"href":"https:\/\/www.joma-orhei.md\/ru\/wp-json\/wp\/v2\/types\/product"}],"wp:featuredmedia":[{"embeddable":true,"href":"https:\/\/www.joma-orhei.md\/ru\/wp-json\/wp\/v2\/media\/41881"}],"wp:attachment":[{"href":"https:\/\/www.joma-orhei.md\/ru\/wp-json\/wp\/v2\/media?parent=41878"}],"wp:term":[{"taxonomy":"product_brand","embeddable":true,"href":"https:\/\/www.joma-orhei.md\/ru\/wp-json\/wp\/v2\/product_brand?post=41878"},{"taxonomy":"product_cat","embeddable":true,"href":"https:\/\/www.joma-orhei.md\/ru\/wp-json\/wp\/v2\/product_cat?post=41878"},{"taxonomy":"product_tag","embeddable":true,"href":"https:\/\/www.joma-orhei.md\/ru\/wp-json\/wp\/v2\/product_tag?post=41878"}],"curies":[{"name":"wp","href":"https:\/\/api.w.org\/{rel}","templated":true}]}}