{"id":41866,"date":"2026-03-10T15:16:17","date_gmt":"2026-03-10T13:16:17","guid":{"rendered":"https:\/\/www.joma-orhei.md\/?post_type=product&#038;p=41866"},"modified":"2026-03-10T15:16:17","modified_gmt":"2026-03-10T13:16:17","slug":"jferrs2601v-ferro-jr-2601-black","status":"publish","type":"product","link":"https:\/\/www.joma-orhei.md\/ru\/product\/jferrs2601v-ferro-jr-2601-black\/","title":{"rendered":"JFERRS2601V -FERRO JR 2601 BLACK"},"content":{"rendered":"<div class=\"elementor-element elementor-element-53ab11f elementor-widget elementor-widget-heading\" data-id=\"53ab11f\" data-element_type=\"widget\" data-widget_type=\"heading.default\">\n<div class=\"elementor-widget-container\"><span class=\"elementor-heading-title elementor-size-default\">Descrierea produsului<\/span><\/div>\n<\/div>\n<div class=\"elementor-element elementor-element-29065ae product_d_ro elementor-widget elementor-widget-text-editor\" data-id=\"29065ae\" data-element_type=\"widget\" data-widget_type=\"text-editor.default\">\n<div class=\"elementor-widget-container\">Alegerea ideal\u0103 pentru purtarea zilnic\u0103. Modelul jos ofer\u0103 confort cu o band\u0103 cu velcro pentru \u00eenc\u0103l\u021bare u\u0219oar\u0103. Partea superioar\u0103 din materiale de \u00eenalt\u0103 calitate garanteaz\u0103 fiabilitate, iar talpa din cauciuc asigur\u0103 aderen\u021b\u0103 excelent\u0103. C\u0103ptu\u0219eala textil\u0103 adaug\u0103 confort, iar sigla aduce un accent stilat.<\/div>\n<\/div>","protected":false},"excerpt":{"rendered":"<div class=\"elementor-element elementor-element-53ab11f elementor-widget elementor-widget-heading\" data-id=\"53ab11f\" data-element_type=\"widget\" data-widget_type=\"heading.default\">\n<div class=\"elementor-widget-container\"><\/div>\n<\/div>\n<div class=\"elementor-element elementor-element-29065ae product_d_ro elementor-widget elementor-widget-text-editor\" data-id=\"29065ae\" data-element_type=\"widget\" data-widget_type=\"text-editor.default\">\n<div class=\"elementor-widget-container\">Adidasi pentru copii.<\/div>\n<\/div>","protected":false},"featured_media":41867,"template":"","meta":{"_themeisle_gutenberg_block_has_review":false},"product_brand":[370],"product_cat":[348,337,347],"product_tag":[],"class_list":{"0":"post-41866","1":"product","2":"type-product","3":"status-publish","4":"has-post-thumbnail","6":"product_brand-joma","7":"product_cat-adidasi-incaltaminte-copii","8":"product_cat-copii","9":"product_cat-incaltaminte-copii","10":"pa_marime-pantofi-411","11":"pa_marime-pantofi-412","12":"pa_marime-pantofi-413","13":"pa_marime-pantofi-401","14":"pa_marime-pantofi-402","15":"pa_marime-pantofi-403","16":"pa_marime-pantofi-409","17":"pa_marime-pantofi-399","18":"pa_marime-pantofi-398","20":"first","21":"instock","22":"shipping-taxable","23":"purchasable","24":"product-type-variable"},"_links":{"self":[{"href":"https:\/\/www.joma-orhei.md\/ru\/wp-json\/wp\/v2\/product\/41866","targetHints":{"allow":["GET"]}}],"collection":[{"href":"https:\/\/www.joma-orhei.md\/ru\/wp-json\/wp\/v2\/product"}],"about":[{"href":"https:\/\/www.joma-orhei.md\/ru\/wp-json\/wp\/v2\/types\/product"}],"wp:featuredmedia":[{"embeddable":true,"href":"https:\/\/www.joma-orhei.md\/ru\/wp-json\/wp\/v2\/media\/41867"}],"wp:attachment":[{"href":"https:\/\/www.joma-orhei.md\/ru\/wp-json\/wp\/v2\/media?parent=41866"}],"wp:term":[{"taxonomy":"product_brand","embeddable":true,"href":"https:\/\/www.joma-orhei.md\/ru\/wp-json\/wp\/v2\/product_brand?post=41866"},{"taxonomy":"product_cat","embeddable":true,"href":"https:\/\/www.joma-orhei.md\/ru\/wp-json\/wp\/v2\/product_cat?post=41866"},{"taxonomy":"product_tag","embeddable":true,"href":"https:\/\/www.joma-orhei.md\/ru\/wp-json\/wp\/v2\/product_tag?post=41866"}],"curies":[{"name":"wp","href":"https:\/\/api.w.org\/{rel}","templated":true}]}}