{"id":41846,"date":"2026-03-10T15:04:11","date_gmt":"2026-03-10T13:04:11","guid":{"rendered":"https:\/\/www.joma-orhei.md\/?post_type=product&#038;p=41846"},"modified":"2026-03-10T19:24:46","modified_gmt":"2026-03-10T17:24:46","slug":"jenow2303v-eno-jr-2303-navy-royal-aislatex","status":"publish","type":"product","link":"https:\/\/www.joma-orhei.md\/ru\/product\/jenow2303v-eno-jr-2303-navy-royal-aislatex\/","title":{"rendered":"JENOW2303V -ENO JR 2303 NAVY ROYAL AISLATEX"},"content":{"rendered":"<div class=\"elementor-element elementor-element-53ab11f elementor-widget elementor-widget-heading\" data-id=\"53ab11f\" data-element_type=\"widget\" data-widget_type=\"heading.default\">\n<div class=\"elementor-widget-container\"><span class=\"elementor-heading-title elementor-size-default\">Descrierea produsului<\/span><\/div>\n<\/div>\n<div class=\"elementor-element elementor-element-29065ae product_d_ro elementor-widget elementor-widget-text-editor\" data-id=\"29065ae\" data-element_type=\"widget\" data-widget_type=\"text-editor.default\">\n<div class=\"elementor-widget-container\">\u00cenc\u0103l\u021b\u0103minte de drume\u021bie pentru copii, frumoas\u0103, fiabil\u0103 \u0219i func\u021bional\u0103. Parte superioar\u0103 durabil\u0103 cu elemente de protec\u021bie. \u0218ireturi tehnologice cu \u00eent\u0103rire Velcro. Tehnologie rezistent\u0103 la orice vreme pentru protec\u021bie \u00eempotriva umezelii \u0219i men\u021binerea confortului intern. Talp\u0103 puternic\u0103, absorbant\u0103 de \u0219ocuri, cu o band\u0103 de rulare f\u0103r\u0103 compromisuri. \u2022 parte superioar\u0103 ripstop\/suede; \u2022 membran\u0103 Aisla-Tex rezistent\u0103 la umezeal\u0103 \u0219i respirabil\u0103; \u2022 v\u00e2rf \u00eent\u0103rit; \u2022 elemente de protec\u021bie \u00een jurul perimetrului; \u2022 \u0219ireturi tehnologice \u00een dou\u0103 zone; \u2022 talp\u0103 Eva + absorbant\u0103 de \u0219ocuri; \u2022 band\u0103 de rulare multidirec\u021bional\u0103.<\/div>\n<\/div>","protected":false},"excerpt":{"rendered":"<p>\u00cenc\u0103l\u021b\u0103minte de drume\u021bie pentru copii.<\/p>","protected":false},"featured_media":41847,"template":"","meta":{"_themeisle_gutenberg_block_has_review":false},"product_brand":[370],"product_cat":[337,353,347],"product_tag":[],"class_list":{"0":"post-41846","1":"product","2":"type-product","3":"status-publish","4":"has-post-thumbnail","6":"product_brand-joma","7":"product_cat-copii","8":"product_cat-de-iarna-incaltaminte-copii","9":"product_cat-incaltaminte-copii","10":"pa_marime-pantofi-402","11":"pa_marime-pantofi-409","12":"pa_marime-pantofi-398","13":"pa_marime-pantofi-372","15":"first","16":"instock","17":"shipping-taxable","18":"purchasable","19":"product-type-variable"},"_links":{"self":[{"href":"https:\/\/www.joma-orhei.md\/ru\/wp-json\/wp\/v2\/product\/41846","targetHints":{"allow":["GET"]}}],"collection":[{"href":"https:\/\/www.joma-orhei.md\/ru\/wp-json\/wp\/v2\/product"}],"about":[{"href":"https:\/\/www.joma-orhei.md\/ru\/wp-json\/wp\/v2\/types\/product"}],"wp:featuredmedia":[{"embeddable":true,"href":"https:\/\/www.joma-orhei.md\/ru\/wp-json\/wp\/v2\/media\/41847"}],"wp:attachment":[{"href":"https:\/\/www.joma-orhei.md\/ru\/wp-json\/wp\/v2\/media?parent=41846"}],"wp:term":[{"taxonomy":"product_brand","embeddable":true,"href":"https:\/\/www.joma-orhei.md\/ru\/wp-json\/wp\/v2\/product_brand?post=41846"},{"taxonomy":"product_cat","embeddable":true,"href":"https:\/\/www.joma-orhei.md\/ru\/wp-json\/wp\/v2\/product_cat?post=41846"},{"taxonomy":"product_tag","embeddable":true,"href":"https:\/\/www.joma-orhei.md\/ru\/wp-json\/wp\/v2\/product_tag?post=41846"}],"curies":[{"name":"wp","href":"https:\/\/api.w.org\/{rel}","templated":true}]}}